{"id":1456,"date":"2017-04-24T15:05:24","date_gmt":"2017-04-24T19:05:24","guid":{"rendered":"https:\/\/www.fopla-aabpo.ca\/bourses-detudes-et-bourses-dentretien\/"},"modified":"2017-05-04T10:02:49","modified_gmt":"2017-05-04T14:02:49","slug":"bourses-detudes-et-bourses-dentretien","status":"publish","type":"page","link":"https:\/\/www.fopla-aabpo.ca\/fr\/bourses-detudes-et-bourses-dentretien\/","title":{"rendered":"Bourses d\u2019\u00e9tudes et bourses d\u2019entretien"},"content":{"rendered":"<div class=\"fusion-fullwidth fullwidth-box fusion-builder-row-1 nonhundred-percent-fullwidth non-hundred-percent-height-scrolling\" style=\"--awb-border-radius-top-left:0px;--awb-border-radius-top-right:0px;--awb-border-radius-bottom-right:0px;--awb-border-radius-bottom-left:0px;--awb-flex-wrap:wrap;\" ><div class=\"fusion-builder-row fusion-row\"><div class=\"fusion-layout-column fusion_builder_column fusion-builder-column-0 fusion_builder_column_1_1 1_1 fusion-one-full fusion-column-first fusion-column-last\" style=\"--awb-bg-size:cover;\"><div class=\"fusion-column-wrapper fusion-flex-column-wrapper-legacy\"><div class=\"fusion-title title fusion-title-1 sep-underline sep-solid fusion-title-text fusion-title-size-one\"><h1 class=\"fusion-title-heading title-heading-left fusion-responsive-typography-calculated\" style=\"margin:0;--fontSize:34;line-height:1.4;\">Bourses d\u2019\u00e9tudes et bourses d\u2019entretien<\/h1><\/div><div class=\"fusion-testimonials classic fusion-testimonials-1\" style=\"--awb-textcolor:#747474;--awb-backgroundcolor:#f6f6f6;\" data-random=\"0\" data-speed=\"10000\"><div class=\"reviews\"><div class=\"review active-testimonial male\"><blockquote><q class=\"fusion-clearfix\">\n<p style=\"text-align: center;\">Recevoir [ce prix] d\u2019une organisation que j\u2019admire et respecte et qui travaille dans notre communaut\u00e9 m\u2019a incit\u00e9 \u00e0 r\u00e9aliser mon but de devenir biblioth\u00e9caire pour r\u00e9pondre aux besoins d&#8217;information du public.<\/p>\n<\/q><\/blockquote><div class=\"author\"><span class=\"testimonial-thumbnail doe\"><\/span><span class=\"company-name\"><strong>B\u00e9n\u00e9ficiaire (2016), fonds de dotation des Amis de la Biblioth\u00e8que publique d\u2019Ottawa <\/strong><\/span><\/div><\/div><\/div><\/div><div class=\"fusion-sep-clear\"><\/div><div class=\"fusion-separator fusion-full-width-sep\" style=\"margin-left: auto;margin-right: auto;margin-top:20px;width:100%;\"><\/div><div class=\"fusion-sep-clear\"><\/div><div class=\"fusion-title title fusion-title-2 fusion-title-text fusion-title-size-two\" style=\"--awb-margin-top:20px;\"><h2 class=\"fusion-title-heading title-heading-left fusion-responsive-typography-calculated\" style=\"margin:0;--fontSize:24;line-height:1.5;\">Universit\u00e9 d\u2019Ottawa<\/h2><span class=\"awb-title-spacer\"><\/span><div class=\"title-sep-container\"><div class=\"title-sep sep-double sep-solid\" style=\"border-color:#e0dede;\"><\/div><\/div><\/div><div class=\"fusion-text fusion-text-1\"><p><a href=\"https:\/\/scholarships.uottawa.ca\/p\/a\/38622\/\">Bourse Barbara-Clubb en sciences de l\u2019information<\/a><em> (712200102836)<\/em><\/p>\n<p>Cette bourse a \u00e9t\u00e9 cr\u00e9\u00e9e en l\u2019honneur de Barbara Clubb, ancienne biblioth\u00e9caire de la Biblioth\u00e8que publique d\u2019Ottawa. La bourse est accord\u00e9e annuellement \u00e0 un \u00e9tudiant m\u00e9ritant de l\u2019\u00c9cole des sciences de l\u2019information de l\u2019Universit\u00e9 d\u2019Ottawa qui a travaill\u00e9 dans une biblioth\u00e8que ou y a \u00e9t\u00e9 b\u00e9n\u00e9vole.<\/p>\n<p>Valeur de la bourse\u00a0: Minimum 1\u00a0000\u00a0$<\/p>\n<p>Niveau ou programme d\u2019\u00e9tude\u00a0: Ma\u00eetrise<\/p>\n<p><em>Crit\u00e8res d\u2019admissibilit\u00e9<\/em><\/p>\n<p>La personne candidate doit :<\/p>\n<ol>\n<li>\u00eatre citoyenne canadienne, r\u00e9sidante permanente ou une personne \u00e0 statut prot\u00e9g\u00e9\/r\u00e9fugi\u00e9;<\/li>\n<li>\u00eatre inscrite \u00e0 temps plein ou \u00e0 temps partiel au programme de ma\u00eetrise en sciences de l\u2019information \u00e0 l\u2019\u00c9cole des sciences de l\u2019information de l\u2019Universit\u00e9 d\u2019Ottawa;<\/li>\n<li>avoir un bon rendement scolaire;<\/li>\n<li>\u00eatre r\u00e9sidante de la R\u00e9gion de la capitale nationale, y compris Gatineau;<\/li>\n<li>avoir de l\u2019exp\u00e9rience de travail ou de b\u00e9n\u00e9volat dans une biblioth\u00e8que.<\/li>\n<\/ol>\n<p>Communiquez avec\u00a0l\u2019\u00c9cole des sciences de l\u2019information de l\u2019Universit\u00e9 d\u2019Ottawa \u00e0 <a href=\"mailto:esis@uottawa.ca\">esis@uottawa.ca<\/a>.<\/p>\n<\/div><div class=\"fusion-sep-clear\"><\/div><div class=\"fusion-separator fusion-full-width-sep\" style=\"margin-left: auto;margin-right: auto;margin-bottom:30px;width:100%;\"><div class=\"fusion-separator-border sep-single sep-solid\" style=\"--awb-height:20px;--awb-amount:20px;border-color:#e0dede;border-top-width:1px;\"><\/div><\/div><div class=\"fusion-sep-clear\"><\/div><div class=\"fusion-text fusion-text-2\"><p><a href=\"https:\/\/scholarships.uottawa.ca\/p\/a\/18433\/\">Fonds de dotation des Amis de la Biblioth\u00e8que publique d\u2019Ottawa <\/a><em>\u00a0(712240302151)<\/em><\/p>\n<p>Ce fonds a \u00e9t\u00e9 \u00e9tabli en 2007 \u00e0 la m\u00e9moire des fondateurs de l\u2019Association des amis de la Biblioth\u00e8que publique d\u2019Ottawa (AABPO) et en comm\u00e9moration du 25<sup>e<\/sup>\u00a0anniversaire de notre groupe d\u2019Amis \u00e0 l\u2019origine de la constitution de l\u2019AABPO en 2003.<\/p>\n<p>Ce fonds, cr\u00e9\u00e9 pour l\u2019\u00c9cole des sciences de l\u2019information de l\u2019Universit\u00e9 d\u2019Ottawa et offert chaque ann\u00e9e, a pour objectif de venir en aide aux \u00e9tudiants et \u00e9tudiantes qui souhaitent obtenir une ma\u00eetrise ou un dipl\u00f4me d\u2019\u00e9tudes sup\u00e9rieures en sciences de l\u2019information \u00e0 l\u2019Universit\u00e9 d\u2019Ottawa.<\/p>\n<p>Valeur de la bourse\u00a0: Minimum 2\u00a0000\u00a0$ pour un \u00e9tudiant \u00e0 temps plein; minimum 1\u00a0000\u00a0$ pour un \u00e9tudiant \u00e0 temps partiel<\/p>\n<p>Niveau de la bourse : Cycles sup\u00e9rieurs<br \/>\n<em><br \/>\nCrit\u00e8res d\u2019admissibilit\u00e9<\/em><\/p>\n<p>La personne candidate doit\u00a0:<\/p>\n<ol>\n<li>\u00eatre inscrite \u00e0 temps plein ou \u00e0 temps partiel au programme de ma\u00eetrise en sciences de l&#8217;information ou au programme de dipl\u00f4me d&#8217;\u00e9tudes sup\u00e9rieures en sciences de l\u2019information \u00e0 l&#8217;\u00c9cole des sciences de l&#8217;information de l\u2019Universit\u00e9 d\u2019Ottawa;<\/li>\n<li>avoir un bon rendement scolaire;<\/li>\n<li>faire preuve d&#8217;engagement aupr\u00e8s d&#8217;une organisation d\u2019alphab\u00e9tisation reconnue.<\/li>\n<\/ol>\n<p>Communiquez avec\u00a0l\u2019\u00c9cole des sciences de l\u2019information de l\u2019Universit\u00e9 d\u2019Ottawa \u00e0 <a href=\"mailto:esis@uottawa.ca\">esis@uottawa.ca<\/a>.<\/p>\n<\/div><div class=\"fusion-title title fusion-title-3 fusion-title-text fusion-title-size-two\"><h2 class=\"fusion-title-heading title-heading-left fusion-responsive-typography-calculated\" style=\"margin:0;--fontSize:24;line-height:1.5;\">Coll\u00e8ge Algonquin<\/h2><span class=\"awb-title-spacer\"><\/span><div class=\"title-sep-container\"><div class=\"title-sep sep-double sep-solid\" style=\"border-color:#e0dede;\"><\/div><\/div><\/div><div class=\"fusion-text fusion-text-3\"><p><a href=\"http:\/\/www7.algonquincollege.com\/foundation\/endowment.html\">Bourse des Amis de la Biblioth\u00e8que d&#8217;Ottawa<\/a><\/p>\n<p>Ce don unique de 12\u00a0500\u00a0$ en\u00a02011 a \u00e9t\u00e9 jumel\u00e9 \u00e0 une contribution \u00e9quivalente du R\u00e9gime d&#8217;aide financi\u00e8re aux \u00e9tudiants de l&#8217;Ontario, totalisant ainsi 25\u00a0000\u00a0$. Une bourse annuelle de 1\u00a0000\u00a0$ est accord\u00e9e aux \u00e9tudiants du programme Biblioth\u00e8que et technicien(ne) de l\u2019information du Coll\u00e8ge Algonquin.<\/p>\n<p>Pour de plus amples renseignements, communiquez avec les responsables du programme Biblioth\u00e8que et technicien(ne) de l\u2019information du Coll\u00e8ge Algonquin \u00e0 <a href=\"mailto:merriah@algonquincollege.com\">merriah@algonquincollege.com<\/a>.<\/p>\n<\/div><div class=\"fusion-clearfix\"><\/div><\/div><\/div><\/div><\/div>\n","protected":false},"excerpt":{"rendered":"","protected":false},"author":1,"featured_media":0,"parent":0,"menu_order":650,"comment_status":"closed","ping_status":"closed","template":"","meta":{"footnotes":"","_links_to":"","_links_to_target":""},"class_list":["post-1456","page","type-page","status-publish","hentry"],"yoast_head":"<!-- This site is optimized with the Yoast SEO plugin v27.3 - https:\/\/yoast.com\/product\/yoast-seo-wordpress\/ -->\n<title>Bourses d\u2019\u00e9tudes et bourses d\u2019entretien | FOPLA-AABPO<\/title>\n<meta name=\"description\" content=\"Bourses d\u2019\u00e9tudes et bourses d\u2019entretien de l\u2019AABPO.\" \/>\n<meta name=\"robots\" content=\"index, follow, max-snippet:-1, max-image-preview:large, max-video-preview:-1\" \/>\n<link rel=\"canonical\" href=\"https:\/\/www.fopla-aabpo.ca\/fr\/bourses-detudes-et-bourses-dentretien\/\" \/>\n<meta property=\"og:locale\" content=\"fr_FR\" \/>\n<meta property=\"og:type\" content=\"article\" \/>\n<meta property=\"og:title\" content=\"Bourses d\u2019\u00e9tudes et bourses d\u2019entretien | FOPLA-AABPO\" \/>\n<meta property=\"og:description\" content=\"Bourses d\u2019\u00e9tudes et bourses d\u2019entretien de l\u2019AABPO.\" \/>\n<meta property=\"og:url\" content=\"https:\/\/www.fopla-aabpo.ca\/fr\/bourses-detudes-et-bourses-dentretien\/\" \/>\n<meta property=\"og:site_name\" content=\"FOPLA-AABPO\" \/>\n<meta property=\"article:publisher\" content=\"https:\/\/www.facebook.com\/FOPLAAABPO\/\" \/>\n<meta property=\"article:modified_time\" content=\"2017-05-04T14:02:49+00:00\" \/>\n<meta property=\"og:image\" content=\"https:\/\/www.fopla-aabpo.ca\/wp-content\/uploads\/2017\/03\/fopla-logo-fullname.jpg\" \/>\n\t<meta property=\"og:image:width\" content=\"776\" \/>\n\t<meta property=\"og:image:height\" content=\"366\" \/>\n\t<meta property=\"og:image:type\" content=\"image\/jpeg\" \/>\n<meta name=\"twitter:card\" content=\"summary_large_image\" \/>\n<meta name=\"twitter:site\" content=\"@OPL_Friends\" \/>\n<meta name=\"twitter:label1\" content=\"Dur\u00e9e de lecture estim\u00e9e\" \/>\n\t<meta name=\"twitter:data1\" content=\"4 minutes\" \/>\n<script type=\"application\/ld+json\" class=\"yoast-schema-graph\">{\"@context\":\"https:\\\/\\\/schema.org\",\"@graph\":[{\"@type\":\"WebPage\",\"@id\":\"https:\\\/\\\/www.fopla-aabpo.ca\\\/fr\\\/bourses-detudes-et-bourses-dentretien\\\/\",\"url\":\"https:\\\/\\\/www.fopla-aabpo.ca\\\/fr\\\/bourses-detudes-et-bourses-dentretien\\\/\",\"name\":\"Bourses d\u2019\u00e9tudes et bourses d\u2019entretien | FOPLA-AABPO\",\"isPartOf\":{\"@id\":\"https:\\\/\\\/www.fopla-aabpo.ca\\\/fr\\\/#website\"},\"datePublished\":\"2017-04-24T19:05:24+00:00\",\"dateModified\":\"2017-05-04T14:02:49+00:00\",\"description\":\"Bourses d\u2019\u00e9tudes et bourses d\u2019entretien de l\u2019AABPO.\",\"breadcrumb\":{\"@id\":\"https:\\\/\\\/www.fopla-aabpo.ca\\\/fr\\\/bourses-detudes-et-bourses-dentretien\\\/#breadcrumb\"},\"inLanguage\":\"fr-FR\",\"potentialAction\":[{\"@type\":\"ReadAction\",\"target\":[\"https:\\\/\\\/www.fopla-aabpo.ca\\\/fr\\\/bourses-detudes-et-bourses-dentretien\\\/\"]}]},{\"@type\":\"BreadcrumbList\",\"@id\":\"https:\\\/\\\/www.fopla-aabpo.ca\\\/fr\\\/bourses-detudes-et-bourses-dentretien\\\/#breadcrumb\",\"itemListElement\":[{\"@type\":\"ListItem\",\"position\":1,\"name\":\"Home\",\"item\":\"https:\\\/\\\/www.fopla-aabpo.ca\\\/fr\\\/\"},{\"@type\":\"ListItem\",\"position\":2,\"name\":\"Bourses d\u2019\u00e9tudes et bourses d\u2019entretien\"}]},{\"@type\":\"WebSite\",\"@id\":\"https:\\\/\\\/www.fopla-aabpo.ca\\\/fr\\\/#website\",\"url\":\"https:\\\/\\\/www.fopla-aabpo.ca\\\/fr\\\/\",\"name\":\"FOPLA-AABPO\",\"description\":\"Friends of the Ottawa Public Library Association\",\"publisher\":{\"@id\":\"https:\\\/\\\/www.fopla-aabpo.ca\\\/fr\\\/#organization\"},\"potentialAction\":[{\"@type\":\"SearchAction\",\"target\":{\"@type\":\"EntryPoint\",\"urlTemplate\":\"https:\\\/\\\/www.fopla-aabpo.ca\\\/fr\\\/?s={search_term_string}\"},\"query-input\":{\"@type\":\"PropertyValueSpecification\",\"valueRequired\":true,\"valueName\":\"search_term_string\"}}],\"inLanguage\":\"fr-FR\"},{\"@type\":\"Organization\",\"@id\":\"https:\\\/\\\/www.fopla-aabpo.ca\\\/fr\\\/#organization\",\"name\":\"Friends of the Ottawa Public Library Association\",\"url\":\"https:\\\/\\\/www.fopla-aabpo.ca\\\/fr\\\/\",\"logo\":{\"@type\":\"ImageObject\",\"inLanguage\":\"fr-FR\",\"@id\":\"https:\\\/\\\/www.fopla-aabpo.ca\\\/fr\\\/#\\\/schema\\\/logo\\\/image\\\/\",\"url\":\"https:\\\/\\\/www.fopla-aabpo.ca\\\/wp-content\\\/uploads\\\/2017\\\/02\\\/FOPLA-vertical-about.png\",\"contentUrl\":\"https:\\\/\\\/www.fopla-aabpo.ca\\\/wp-content\\\/uploads\\\/2017\\\/02\\\/FOPLA-vertical-about.png\",\"width\":131,\"height\":200,\"caption\":\"Friends of the Ottawa Public Library Association\"},\"image\":{\"@id\":\"https:\\\/\\\/www.fopla-aabpo.ca\\\/fr\\\/#\\\/schema\\\/logo\\\/image\\\/\"},\"sameAs\":[\"https:\\\/\\\/www.facebook.com\\\/FOPLAAABPO\\\/\",\"https:\\\/\\\/x.com\\\/OPL_Friends\",\"https:\\\/\\\/www.instagram.com\\\/oplbpofriends\\\/\",\"https:\\\/\\\/www.linkedin.com\\\/groups\\\/3745080\\\/profile\"]}]}<\/script>\n<!-- \/ Yoast SEO plugin. -->","yoast_head_json":{"title":"Bourses d\u2019\u00e9tudes et bourses d\u2019entretien | FOPLA-AABPO","description":"Bourses d\u2019\u00e9tudes et bourses d\u2019entretien de l\u2019AABPO.","robots":{"index":"index","follow":"follow","max-snippet":"max-snippet:-1","max-image-preview":"max-image-preview:large","max-video-preview":"max-video-preview:-1"},"canonical":"https:\/\/www.fopla-aabpo.ca\/fr\/bourses-detudes-et-bourses-dentretien\/","og_locale":"fr_FR","og_type":"article","og_title":"Bourses d\u2019\u00e9tudes et bourses d\u2019entretien | FOPLA-AABPO","og_description":"Bourses d\u2019\u00e9tudes et bourses d\u2019entretien de l\u2019AABPO.","og_url":"https:\/\/www.fopla-aabpo.ca\/fr\/bourses-detudes-et-bourses-dentretien\/","og_site_name":"FOPLA-AABPO","article_publisher":"https:\/\/www.facebook.com\/FOPLAAABPO\/","article_modified_time":"2017-05-04T14:02:49+00:00","og_image":[{"width":776,"height":366,"url":"https:\/\/www.fopla-aabpo.ca\/wp-content\/uploads\/2017\/03\/fopla-logo-fullname.jpg","type":"image\/jpeg"}],"twitter_card":"summary_large_image","twitter_site":"@OPL_Friends","twitter_misc":{"Dur\u00e9e de lecture estim\u00e9e":"4 minutes"},"schema":{"@context":"https:\/\/schema.org","@graph":[{"@type":"WebPage","@id":"https:\/\/www.fopla-aabpo.ca\/fr\/bourses-detudes-et-bourses-dentretien\/","url":"https:\/\/www.fopla-aabpo.ca\/fr\/bourses-detudes-et-bourses-dentretien\/","name":"Bourses d\u2019\u00e9tudes et bourses d\u2019entretien | FOPLA-AABPO","isPartOf":{"@id":"https:\/\/www.fopla-aabpo.ca\/fr\/#website"},"datePublished":"2017-04-24T19:05:24+00:00","dateModified":"2017-05-04T14:02:49+00:00","description":"Bourses d\u2019\u00e9tudes et bourses d\u2019entretien de l\u2019AABPO.","breadcrumb":{"@id":"https:\/\/www.fopla-aabpo.ca\/fr\/bourses-detudes-et-bourses-dentretien\/#breadcrumb"},"inLanguage":"fr-FR","potentialAction":[{"@type":"ReadAction","target":["https:\/\/www.fopla-aabpo.ca\/fr\/bourses-detudes-et-bourses-dentretien\/"]}]},{"@type":"BreadcrumbList","@id":"https:\/\/www.fopla-aabpo.ca\/fr\/bourses-detudes-et-bourses-dentretien\/#breadcrumb","itemListElement":[{"@type":"ListItem","position":1,"name":"Home","item":"https:\/\/www.fopla-aabpo.ca\/fr\/"},{"@type":"ListItem","position":2,"name":"Bourses d\u2019\u00e9tudes et bourses d\u2019entretien"}]},{"@type":"WebSite","@id":"https:\/\/www.fopla-aabpo.ca\/fr\/#website","url":"https:\/\/www.fopla-aabpo.ca\/fr\/","name":"FOPLA-AABPO","description":"Friends of the Ottawa Public Library Association","publisher":{"@id":"https:\/\/www.fopla-aabpo.ca\/fr\/#organization"},"potentialAction":[{"@type":"SearchAction","target":{"@type":"EntryPoint","urlTemplate":"https:\/\/www.fopla-aabpo.ca\/fr\/?s={search_term_string}"},"query-input":{"@type":"PropertyValueSpecification","valueRequired":true,"valueName":"search_term_string"}}],"inLanguage":"fr-FR"},{"@type":"Organization","@id":"https:\/\/www.fopla-aabpo.ca\/fr\/#organization","name":"Friends of the Ottawa Public Library Association","url":"https:\/\/www.fopla-aabpo.ca\/fr\/","logo":{"@type":"ImageObject","inLanguage":"fr-FR","@id":"https:\/\/www.fopla-aabpo.ca\/fr\/#\/schema\/logo\/image\/","url":"https:\/\/www.fopla-aabpo.ca\/wp-content\/uploads\/2017\/02\/FOPLA-vertical-about.png","contentUrl":"https:\/\/www.fopla-aabpo.ca\/wp-content\/uploads\/2017\/02\/FOPLA-vertical-about.png","width":131,"height":200,"caption":"Friends of the Ottawa Public Library Association"},"image":{"@id":"https:\/\/www.fopla-aabpo.ca\/fr\/#\/schema\/logo\/image\/"},"sameAs":["https:\/\/www.facebook.com\/FOPLAAABPO\/","https:\/\/x.com\/OPL_Friends","https:\/\/www.instagram.com\/oplbpofriends\/","https:\/\/www.linkedin.com\/groups\/3745080\/profile"]}]}},"_links":{"self":[{"href":"https:\/\/www.fopla-aabpo.ca\/fr\/wp-json\/wp\/v2\/pages\/1456","targetHints":{"allow":["GET"]}}],"collection":[{"href":"https:\/\/www.fopla-aabpo.ca\/fr\/wp-json\/wp\/v2\/pages"}],"about":[{"href":"https:\/\/www.fopla-aabpo.ca\/fr\/wp-json\/wp\/v2\/types\/page"}],"author":[{"embeddable":true,"href":"https:\/\/www.fopla-aabpo.ca\/fr\/wp-json\/wp\/v2\/users\/1"}],"replies":[{"embeddable":true,"href":"https:\/\/www.fopla-aabpo.ca\/fr\/wp-json\/wp\/v2\/comments?post=1456"}],"version-history":[{"count":9,"href":"https:\/\/www.fopla-aabpo.ca\/fr\/wp-json\/wp\/v2\/pages\/1456\/revisions"}],"predecessor-version":[{"id":2152,"href":"https:\/\/www.fopla-aabpo.ca\/fr\/wp-json\/wp\/v2\/pages\/1456\/revisions\/2152"}],"wp:attachment":[{"href":"https:\/\/www.fopla-aabpo.ca\/fr\/wp-json\/wp\/v2\/media?parent=1456"}],"curies":[{"name":"wp","href":"https:\/\/api.w.org\/{rel}","templated":true}]}}