{"id":1473,"date":"2017-04-24T15:48:07","date_gmt":"2017-04-24T19:48:07","guid":{"rendered":"https:\/\/www.fopla-aabpo.ca\/quest-ce-que-laabpo\/"},"modified":"2024-08-19T17:00:52","modified_gmt":"2024-08-19T21:00:52","slug":"quest-ce-que-laabpo","status":"publish","type":"page","link":"https:\/\/www.fopla-aabpo.ca\/fr\/quest-ce-que-laabpo\/","title":{"rendered":"Qu\u2019est-ce que l\u2019AABPO?"},"content":{"rendered":"<div class=\"fusion-fullwidth fullwidth-box fusion-builder-row-1 nonhundred-percent-fullwidth non-hundred-percent-height-scrolling\" style=\"--awb-border-radius-top-left:0px;--awb-border-radius-top-right:0px;--awb-border-radius-bottom-right:0px;--awb-border-radius-bottom-left:0px;--awb-flex-wrap:wrap;\" ><div class=\"fusion-builder-row fusion-row\"><div class=\"fusion-layout-column fusion_builder_column fusion-builder-column-0 fusion_builder_column_1_1 1_1 fusion-one-full fusion-column-first fusion-column-last\" style=\"--awb-bg-size:cover;\"><div class=\"fusion-column-wrapper fusion-flex-column-wrapper-legacy\"><div class=\"fusion-title title fusion-title-1 sep-underline sep-solid fusion-title-text fusion-title-size-one\"><h1 class=\"fusion-title-heading title-heading-left fusion-responsive-typography-calculated\" style=\"margin:0;--fontSize:34;line-height:1.4;\">Qu\u2019est-ce que l\u2019AABPO?<\/h1><\/div><div class=\"fusion-text fusion-text-1\"><p>L\u2019Association des amis de la Biblioth\u00e8que publique d\u2019Ottawa (AABPO) a \u00e9t\u00e9 cr\u00e9\u00e9e par le regroupement de trois groupes d\u2019amis de la Biblioth\u00e8que\u00a0: les Amis de la Biblioth\u00e8que de Nepean, les Amis de la Biblioth\u00e8que de Cumberland et les Amis de la Biblioth\u00e8que d\u2019Ottawa.<\/p>\n<p>Depuis la fusion en 2003 et les quatre premi\u00e8res librairies, l\u2019AABPO est maintenant devenue une organisation qui donne plus de 350 000 dollars annuellement au r\u00e9seau des biblioth\u00e8ques publiques d\u2019Ottawa. L\u2019AABPO a \u00e9galement fourni plus de 85 000 dollars en <a href=\"https:\/\/www.fopla-aabpo.ca\/fr\/bourses-detudes-et-bourses-dentretien\/\">bourses d\u2019\u00e9tudes et d\u2019entretien pour les \u00e9tudiants<\/a> en biblioth\u00e9conomie de l\u2019Universit\u00e9 d\u2019Ottawa et du Coll\u00e8ge Algonquin, afin d\u2019inspirer la prochaine g\u00e9n\u00e9ration de d\u00e9fenseurs des biblioth\u00e8ques.<\/p>\n<p>Avec l\u2019aide de ses b\u00e9n\u00e9voles d\u00e9vou\u00e9s, l\u2019AABPO g\u00e8re maintenant cinq librairies, plus de 20\u00a0rayons libre-service et des ventes sp\u00e9ciales, notamment sa tr\u00e8s populaire vente gigantesque mensuelle de livres usag\u00e9s.<\/p>\n<p>En tant qu\u2019organisme de bienfaisance enregistr\u00e9 (119234193 RR0001), l\u2019AABPO est fi\u00e8re d\u2019\u00eatre l\u2019un des principaux groupes d\u2019amis de biblioth\u00e8ques au Canada. Pour en savoir davantage sur notre mission, notre vision et sur la fa\u00e7on de devenir un ami de la Biblioth\u00e8que publique d\u2019Ottawa, consultez la section ci-dessous.<\/p>\n<\/div><div class=\"fusion-text fusion-text-2\"><p><div class=\"fusion-alignleft\"><a class=\"fusion-button button-flat fusion-button-default-size button-default fusion-button-default button-1 fusion-button-default-span fusion-button-default-type\" target=\"_self\"><span class=\"fusion-button-text\">READ BYLAWS<\/span><\/a><\/div>\n<div class=\"fusion-sep-clear\"><\/div><div class=\"fusion-separator fusion-full-width-sep\" style=\"margin-left: auto;margin-right: auto;margin-top:20px;width:100%;\"><div class=\"fusion-separator-border sep-single sep-solid\" style=\"--awb-height:20px;--awb-amount:20px;border-color:#e0dede;border-top-width:1px;\"><\/div><\/div><div class=\"fusion-sep-clear\"><\/div><\/p>\n<h2><\/h2>\n<\/div><div class=\"fusion-text fusion-text-3\"><p><strong>Notre mission<\/strong><\/p>\n<p>Notre mission est de diriger une communaut\u00e9 d\u2019amis pour soutenir la Biblioth\u00e8que publique d\u2019Ottawa gr\u00e2ce \u00e0 la collecte de fonds et \u00e0 un travail de sensibilisation et de mobilisation.<\/p>\n<p>Nous sommes en faveur d\u2019un r\u00e9seau solide de biblioth\u00e8ques publiques et, \u00e0 ce titre, nous participons au d\u00e9bat annuel sur le budget lors des assembl\u00e9es de quartier et du Conseil municipal. Nous profitons de toutes les occasions pour mieux faire conna\u00eetre la Biblioth\u00e8que, ses programmes et ses services.<\/p>\n<p>Depuis 2003, l\u2019AABPO a offert plus de 4 M$ \u00e0 la BPO pour la g\u00e9rance de librairies de livres usag\u00e9s, de rayons libre-service et de ventes sp\u00e9ciales organis\u00e9es par les b\u00e9n\u00e9voles dans les succursales de la biblioth\u00e8que dans toute la ville. Ces fonds aident \u00e0 couvrir les co\u00fbts des programmes et des services qui ne sont pas financ\u00e9s par le budget municipal de la BPO.<\/p>\n<p><strong>Notre vision<\/strong><\/p>\n<p>Notre vision est d\u2019\u00eatre une organisation d\u2019excellence qui profite \u00e0 une communaut\u00e9 de plus en plus grande de d\u00e9fenseurs et qui offre une exp\u00e9rience enrichissante \u00e0 ses b\u00e9n\u00e9voles.<\/p>\n<p>En tant que promoteur de l\u2019alphab\u00e9tisme, nous aidons \u00e0 constituer des collections de biblioth\u00e8ques dans les deux langues officielles, \u00e0 am\u00e9liorer l\u2019acc\u00e8s aux biblioth\u00e8ques et \u00e0 parrainer les programmes de lecture et d\u2019\u00e9criture de la BPO tels que le concours d\u2019\u00e9criture pour les jeunes Super auteurs.<\/p>\n<p>Les membres de notre conseil d\u2019administration, notre personnel, nos b\u00e9n\u00e9voles et nos membres connaissent tous la valeur des biblioth\u00e8ques publiques d\u2019Ottawa, lesquelles sont tr\u00e8s efficaces et sont exploit\u00e9es \u00e0 un co\u00fbt raisonnable comparativement \u00e0 des biblioth\u00e8ques municipales similaires au Canada. Nous souhaitons prot\u00e9ger ces r\u00e9alisations et y prendre appui.<\/p>\n<p><strong>Notre organisation<\/strong><\/p>\n<p>L\u2019AABPO est administr\u00e9e \u00e0 plus de 99 p. 100 par les b\u00e9n\u00e9voles et fonctionne gr\u00e2ce au soutien de plus de 300\u00a0membres de la communaut\u00e9 d\u2019Ottawa. Nos b\u00e9n\u00e9voles aident au fonctionnement et \u00e0 la gestion de nos librairies ou si\u00e8gent \u00e0 notre conseil d\u2019administration et \u00e0 nos comit\u00e9s. Nous ne pourrions r\u00e9ussir notre mission sans le temps et le talent que nous offrent nos b\u00e9n\u00e9voles.<\/p>\n<p>Le conseil d\u2019administration de l\u2019AABPO dirige et coordonne les efforts de repr\u00e9sentation et alloue les fonds recueillis \u00e0 des activit\u00e9s ou des programmes qu\u2019il juge pertinents. Un employ\u00e9 \u00e0 temps partiel et un consultant financier travaillent aussi pour l\u2019AABPO, lesquels assurent la liaison entre nos b\u00e9n\u00e9voles, le conseil d\u2019administration et la communaut\u00e9.<\/p>\n<p>Il existe de nombreuses fa\u00e7ons de participer aux activit\u00e9s de l\u2019AABPO et de devenir un ami des biblioth\u00e8ques publiques d\u2019Ottawa. Vous pouvez donner des livres \u00e0 l\u2019AABPO, acheter des livres de l\u2019AABPO, devenir b\u00e9n\u00e9vole ou membre, ou faire un don \u00e0 l\u2019AABPO.<\/p>\n<\/div><div class=\"fusion-content-boxes content-boxes columns row fusion-columns-1 fusion-columns-total-1 fusion-content-boxes-1 content-boxes-clean-vertical content-left content-boxes-icon-on-top\" style=\"--awb-backgroundcolor:#0c3249;--awb-body-color:#ffffff;--awb-title-color:#ffffff;--awb-margin-top:40px;--awb-margin-bottom:0px;--awb-hover-accent-color:#ffffff;--awb-circle-hover-accent-color:#ffffff;--awb-item-margin-bottom:40px;\" data-animationOffset=\"top-into-view\"><div style=\"--awb-backgroundcolor:#0c3249;border-color:rgba(255,255,255,0);\" class=\"fusion-column content-box-column content-box-column content-box-column-1 col-lg-12 col-md-12 col-sm-12 fusion-content-box-hover content-box-column-last content-box-column-last-in-row\"><div class=\"col content-box-wrapper content-wrapper-background link-area-link-icon icon-hover-animation-pulsate fusion-animated\" data-animationType=\"slideInUp\" data-animationDuration=\"1.0\" data-animationOffset=\"top-into-view\"><div class=\"heading heading-with-icon icon-left\"><div aria-hidden=\"true\" class=\"image\"><img decoding=\"async\" src=\"https:\/\/www.fopla-aabpo.ca\/wp-content\/uploads\/2017\/02\/FOPLA-logo-reverse.png\" width=\"318\" height=\"130\" alt=\"\" \/><\/div><\/div><div class=\"fusion-clearfix\"><\/div><div class=\"content-container\">Il existe de nombreuses fa\u00e7ons de participer aux activit\u00e9s de l\u2019AABPO et de devenir un ami des biblioth\u00e8ques publiques d\u2019Ottawa. Vous pouvez <a href=\"https:\/\/www.fopla-aabpo.ca\/fr\/ou-faire-un-don\/\">donner des livres<\/a> \u00e0 l\u2019AABPO, <a href=\"https:\/\/www.fopla-aabpo.ca\/fr\/librairies-de-laabpo\/\">acheter des livres de l\u2019AABPO<\/a>, <a href=\"https:\/\/www.fopla-aabpo.ca\/fr\/bevevole\/\">devenir b\u00e9n\u00e9vole<\/a> ou <a href=\"https:\/\/www.fopla-aabpo.ca\/fr\/devenez-membre\/\">membre<\/a>, ou <a href=\"https:\/\/www.canadahelps.org\/fr\/dn\/30513\">faire un don \u00e0 l\u2019AABPO<\/a>.<\/p>\n<\/div><\/div><\/div><div class=\"fusion-clearfix\"><\/div><\/div><div class=\"fusion-clearfix\"><\/div><\/div><\/div><\/div><\/div>\n","protected":false},"excerpt":{"rendered":"","protected":false},"author":1,"featured_media":0,"parent":0,"menu_order":610,"comment_status":"closed","ping_status":"closed","template":"","meta":{"footnotes":"","_links_to":"","_links_to_target":""},"class_list":["post-1473","page","type-page","status-publish","hentry"],"yoast_head":"<!-- This site is optimized with the Yoast SEO plugin v27.4 - https:\/\/yoast.com\/product\/yoast-seo-wordpress\/ -->\n<title>Qu\u2019est-ce que l\u2019AABPO? | FOPLA-AABPO<\/title>\n<meta name=\"description\" content=\"L\u2019AABPO est une organisation qui donne plus de 250 000 dollars annuellement au r\u00e9seau des biblioth\u00e8ques publiques d\u2019Ottawa.\" \/>\n<meta name=\"robots\" content=\"index, follow, max-snippet:-1, max-image-preview:large, max-video-preview:-1\" \/>\n<link rel=\"canonical\" href=\"https:\/\/www.fopla-aabpo.ca\/fr\/quest-ce-que-laabpo\/\" \/>\n<meta property=\"og:locale\" content=\"fr_FR\" \/>\n<meta property=\"og:type\" content=\"article\" \/>\n<meta property=\"og:title\" content=\"Qu\u2019est-ce que l\u2019AABPO? | FOPLA-AABPO\" \/>\n<meta property=\"og:description\" content=\"L\u2019AABPO est une organisation qui donne plus de 250 000 dollars annuellement au r\u00e9seau des biblioth\u00e8ques publiques d\u2019Ottawa.\" \/>\n<meta property=\"og:url\" content=\"https:\/\/www.fopla-aabpo.ca\/fr\/quest-ce-que-laabpo\/\" \/>\n<meta property=\"og:site_name\" content=\"FOPLA-AABPO\" \/>\n<meta property=\"article:publisher\" content=\"https:\/\/www.facebook.com\/FOPLAAABPO\/\" \/>\n<meta property=\"article:modified_time\" content=\"2024-08-19T21:00:52+00:00\" \/>\n<meta property=\"og:image\" content=\"https:\/\/www.fopla-aabpo.ca\/wp-content\/uploads\/2017\/03\/fopla-logo-fullname.jpg\" \/>\n\t<meta property=\"og:image:width\" content=\"776\" \/>\n\t<meta property=\"og:image:height\" content=\"366\" \/>\n\t<meta property=\"og:image:type\" content=\"image\/jpeg\" \/>\n<meta name=\"twitter:card\" content=\"summary_large_image\" \/>\n<meta name=\"twitter:site\" content=\"@OPL_Friends\" \/>\n<meta name=\"twitter:label1\" content=\"Dur\u00e9e de lecture estim\u00e9e\" \/>\n\t<meta name=\"twitter:data1\" content=\"4 minutes\" \/>\n<script type=\"application\/ld+json\" class=\"yoast-schema-graph\">{\"@context\":\"https:\\\/\\\/schema.org\",\"@graph\":[{\"@type\":\"WebPage\",\"@id\":\"https:\\\/\\\/www.fopla-aabpo.ca\\\/fr\\\/quest-ce-que-laabpo\\\/\",\"url\":\"https:\\\/\\\/www.fopla-aabpo.ca\\\/fr\\\/quest-ce-que-laabpo\\\/\",\"name\":\"Qu\u2019est-ce que l\u2019AABPO? | FOPLA-AABPO\",\"isPartOf\":{\"@id\":\"https:\\\/\\\/www.fopla-aabpo.ca\\\/fr\\\/#website\"},\"datePublished\":\"2017-04-24T19:48:07+00:00\",\"dateModified\":\"2024-08-19T21:00:52+00:00\",\"description\":\"L\u2019AABPO est une organisation qui donne plus de 250 000 dollars annuellement au r\u00e9seau des biblioth\u00e8ques publiques d\u2019Ottawa.\",\"breadcrumb\":{\"@id\":\"https:\\\/\\\/www.fopla-aabpo.ca\\\/fr\\\/quest-ce-que-laabpo\\\/#breadcrumb\"},\"inLanguage\":\"fr-FR\",\"potentialAction\":[{\"@type\":\"ReadAction\",\"target\":[\"https:\\\/\\\/www.fopla-aabpo.ca\\\/fr\\\/quest-ce-que-laabpo\\\/\"]}]},{\"@type\":\"BreadcrumbList\",\"@id\":\"https:\\\/\\\/www.fopla-aabpo.ca\\\/fr\\\/quest-ce-que-laabpo\\\/#breadcrumb\",\"itemListElement\":[{\"@type\":\"ListItem\",\"position\":1,\"name\":\"Home\",\"item\":\"https:\\\/\\\/www.fopla-aabpo.ca\\\/fr\\\/\"},{\"@type\":\"ListItem\",\"position\":2,\"name\":\"Qu\u2019est-ce que l\u2019AABPO?\"}]},{\"@type\":\"WebSite\",\"@id\":\"https:\\\/\\\/www.fopla-aabpo.ca\\\/fr\\\/#website\",\"url\":\"https:\\\/\\\/www.fopla-aabpo.ca\\\/fr\\\/\",\"name\":\"FOPLA-AABPO\",\"description\":\"Friends of the Ottawa Public Library Association\",\"publisher\":{\"@id\":\"https:\\\/\\\/www.fopla-aabpo.ca\\\/fr\\\/#organization\"},\"potentialAction\":[{\"@type\":\"SearchAction\",\"target\":{\"@type\":\"EntryPoint\",\"urlTemplate\":\"https:\\\/\\\/www.fopla-aabpo.ca\\\/fr\\\/?s={search_term_string}\"},\"query-input\":{\"@type\":\"PropertyValueSpecification\",\"valueRequired\":true,\"valueName\":\"search_term_string\"}}],\"inLanguage\":\"fr-FR\"},{\"@type\":\"Organization\",\"@id\":\"https:\\\/\\\/www.fopla-aabpo.ca\\\/fr\\\/#organization\",\"name\":\"Friends of the Ottawa Public Library Association\",\"url\":\"https:\\\/\\\/www.fopla-aabpo.ca\\\/fr\\\/\",\"logo\":{\"@type\":\"ImageObject\",\"inLanguage\":\"fr-FR\",\"@id\":\"https:\\\/\\\/www.fopla-aabpo.ca\\\/fr\\\/#\\\/schema\\\/logo\\\/image\\\/\",\"url\":\"https:\\\/\\\/www.fopla-aabpo.ca\\\/wp-content\\\/uploads\\\/2017\\\/02\\\/FOPLA-vertical-about.png\",\"contentUrl\":\"https:\\\/\\\/www.fopla-aabpo.ca\\\/wp-content\\\/uploads\\\/2017\\\/02\\\/FOPLA-vertical-about.png\",\"width\":131,\"height\":200,\"caption\":\"Friends of the Ottawa Public Library Association\"},\"image\":{\"@id\":\"https:\\\/\\\/www.fopla-aabpo.ca\\\/fr\\\/#\\\/schema\\\/logo\\\/image\\\/\"},\"sameAs\":[\"https:\\\/\\\/www.facebook.com\\\/FOPLAAABPO\\\/\",\"https:\\\/\\\/x.com\\\/OPL_Friends\",\"https:\\\/\\\/www.instagram.com\\\/oplbpofriends\\\/\",\"https:\\\/\\\/www.linkedin.com\\\/groups\\\/3745080\\\/profile\"]}]}<\/script>\n<!-- \/ Yoast SEO plugin. -->","yoast_head_json":{"title":"Qu\u2019est-ce que l\u2019AABPO? | FOPLA-AABPO","description":"L\u2019AABPO est une organisation qui donne plus de 250 000 dollars annuellement au r\u00e9seau des biblioth\u00e8ques publiques d\u2019Ottawa.","robots":{"index":"index","follow":"follow","max-snippet":"max-snippet:-1","max-image-preview":"max-image-preview:large","max-video-preview":"max-video-preview:-1"},"canonical":"https:\/\/www.fopla-aabpo.ca\/fr\/quest-ce-que-laabpo\/","og_locale":"fr_FR","og_type":"article","og_title":"Qu\u2019est-ce que l\u2019AABPO? | FOPLA-AABPO","og_description":"L\u2019AABPO est une organisation qui donne plus de 250 000 dollars annuellement au r\u00e9seau des biblioth\u00e8ques publiques d\u2019Ottawa.","og_url":"https:\/\/www.fopla-aabpo.ca\/fr\/quest-ce-que-laabpo\/","og_site_name":"FOPLA-AABPO","article_publisher":"https:\/\/www.facebook.com\/FOPLAAABPO\/","article_modified_time":"2024-08-19T21:00:52+00:00","og_image":[{"width":776,"height":366,"url":"https:\/\/www.fopla-aabpo.ca\/wp-content\/uploads\/2017\/03\/fopla-logo-fullname.jpg","type":"image\/jpeg"}],"twitter_card":"summary_large_image","twitter_site":"@OPL_Friends","twitter_misc":{"Dur\u00e9e de lecture estim\u00e9e":"4 minutes"},"schema":{"@context":"https:\/\/schema.org","@graph":[{"@type":"WebPage","@id":"https:\/\/www.fopla-aabpo.ca\/fr\/quest-ce-que-laabpo\/","url":"https:\/\/www.fopla-aabpo.ca\/fr\/quest-ce-que-laabpo\/","name":"Qu\u2019est-ce que l\u2019AABPO? | FOPLA-AABPO","isPartOf":{"@id":"https:\/\/www.fopla-aabpo.ca\/fr\/#website"},"datePublished":"2017-04-24T19:48:07+00:00","dateModified":"2024-08-19T21:00:52+00:00","description":"L\u2019AABPO est une organisation qui donne plus de 250 000 dollars annuellement au r\u00e9seau des biblioth\u00e8ques publiques d\u2019Ottawa.","breadcrumb":{"@id":"https:\/\/www.fopla-aabpo.ca\/fr\/quest-ce-que-laabpo\/#breadcrumb"},"inLanguage":"fr-FR","potentialAction":[{"@type":"ReadAction","target":["https:\/\/www.fopla-aabpo.ca\/fr\/quest-ce-que-laabpo\/"]}]},{"@type":"BreadcrumbList","@id":"https:\/\/www.fopla-aabpo.ca\/fr\/quest-ce-que-laabpo\/#breadcrumb","itemListElement":[{"@type":"ListItem","position":1,"name":"Home","item":"https:\/\/www.fopla-aabpo.ca\/fr\/"},{"@type":"ListItem","position":2,"name":"Qu\u2019est-ce que l\u2019AABPO?"}]},{"@type":"WebSite","@id":"https:\/\/www.fopla-aabpo.ca\/fr\/#website","url":"https:\/\/www.fopla-aabpo.ca\/fr\/","name":"FOPLA-AABPO","description":"Friends of the Ottawa Public Library Association","publisher":{"@id":"https:\/\/www.fopla-aabpo.ca\/fr\/#organization"},"potentialAction":[{"@type":"SearchAction","target":{"@type":"EntryPoint","urlTemplate":"https:\/\/www.fopla-aabpo.ca\/fr\/?s={search_term_string}"},"query-input":{"@type":"PropertyValueSpecification","valueRequired":true,"valueName":"search_term_string"}}],"inLanguage":"fr-FR"},{"@type":"Organization","@id":"https:\/\/www.fopla-aabpo.ca\/fr\/#organization","name":"Friends of the Ottawa Public Library Association","url":"https:\/\/www.fopla-aabpo.ca\/fr\/","logo":{"@type":"ImageObject","inLanguage":"fr-FR","@id":"https:\/\/www.fopla-aabpo.ca\/fr\/#\/schema\/logo\/image\/","url":"https:\/\/www.fopla-aabpo.ca\/wp-content\/uploads\/2017\/02\/FOPLA-vertical-about.png","contentUrl":"https:\/\/www.fopla-aabpo.ca\/wp-content\/uploads\/2017\/02\/FOPLA-vertical-about.png","width":131,"height":200,"caption":"Friends of the Ottawa Public Library Association"},"image":{"@id":"https:\/\/www.fopla-aabpo.ca\/fr\/#\/schema\/logo\/image\/"},"sameAs":["https:\/\/www.facebook.com\/FOPLAAABPO\/","https:\/\/x.com\/OPL_Friends","https:\/\/www.instagram.com\/oplbpofriends\/","https:\/\/www.linkedin.com\/groups\/3745080\/profile"]}]}},"_links":{"self":[{"href":"https:\/\/www.fopla-aabpo.ca\/fr\/wp-json\/wp\/v2\/pages\/1473","targetHints":{"allow":["GET"]}}],"collection":[{"href":"https:\/\/www.fopla-aabpo.ca\/fr\/wp-json\/wp\/v2\/pages"}],"about":[{"href":"https:\/\/www.fopla-aabpo.ca\/fr\/wp-json\/wp\/v2\/types\/page"}],"author":[{"embeddable":true,"href":"https:\/\/www.fopla-aabpo.ca\/fr\/wp-json\/wp\/v2\/users\/1"}],"replies":[{"embeddable":true,"href":"https:\/\/www.fopla-aabpo.ca\/fr\/wp-json\/wp\/v2\/comments?post=1473"}],"version-history":[{"count":28,"href":"https:\/\/www.fopla-aabpo.ca\/fr\/wp-json\/wp\/v2\/pages\/1473\/revisions"}],"predecessor-version":[{"id":10441,"href":"https:\/\/www.fopla-aabpo.ca\/fr\/wp-json\/wp\/v2\/pages\/1473\/revisions\/10441"}],"wp:attachment":[{"href":"https:\/\/www.fopla-aabpo.ca\/fr\/wp-json\/wp\/v2\/media?parent=1473"}],"curies":[{"name":"wp","href":"https:\/\/api.w.org\/{rel}","templated":true}]}}