{"id":1546,"date":"2017-04-24T16:43:16","date_gmt":"2017-04-24T20:43:16","guid":{"rendered":"https:\/\/www.fopla-aabpo.ca\/ou-faire-un-don\/"},"modified":"2024-07-05T08:14:48","modified_gmt":"2024-07-05T12:14:48","slug":"ou-faire-un-don","status":"publish","type":"page","link":"https:\/\/www.fopla-aabpo.ca\/fr\/ou-faire-un-don\/","title":{"rendered":"O\u00f9 faire un don"},"content":{"rendered":"<div class=\"fusion-fullwidth fullwidth-box fusion-builder-row-1 nonhundred-percent-fullwidth non-hundred-percent-height-scrolling\" style=\"--awb-border-radius-top-left:0px;--awb-border-radius-top-right:0px;--awb-border-radius-bottom-right:0px;--awb-border-radius-bottom-left:0px;--awb-flex-wrap:wrap;\" ><div class=\"fusion-builder-row fusion-row\"><div class=\"fusion-layout-column fusion_builder_column fusion-builder-column-0 fusion_builder_column_1_1 1_1 fusion-one-full fusion-column-first fusion-column-last\" style=\"--awb-bg-size:cover;\"><div class=\"fusion-column-wrapper fusion-flex-column-wrapper-legacy\"><div class=\"fusion-title title fusion-title-1 sep-underline sep-solid fusion-title-text fusion-title-size-one\"><h1 class=\"fusion-title-heading title-heading-left fusion-responsive-typography-calculated\" style=\"margin:0;--fontSize:34;line-height:1.4;\">O\u00f9 faire un don<\/h1><\/div><div class=\"fusion-text fusion-text-1\"><p>De petits volumes de livres peuvent toujours \u00eatre donn\u00e9s \u00e0 la FOPLA par l&#8217;interm\u00e9diaire de l&#8217;une des succursales de la Biblioth\u00e8que publique d&#8217;Ottawa. Les dons plus importants doivent \u00eatre apport\u00e9s au centre de distribution FOPLA, en suivant les instructions ci-dessous.<\/p>\n<p><strong>Sur rendez-vous UNIQUEMENT au James Bartleman Center (100 Tallwood Drive).<\/strong> Pour prendre rendez-vous, appelez le (613) 580-2424 x 27875.<\/p>\n<p>Notre planning de rendez-vous pour les dons propose 3 rendez-vous par jour, du lundi au jeudi, aux horaires suivants :<\/p>\n<ul>\n<li>10 h 30<\/li>\n<li>11 h 30<\/li>\n<li>12 h 30<\/li>\n<\/ul>\n<p>Les donateurs sont pri\u00e9s de se rendre en voiture jusqu&#8217;\u00e0 l&#8217;entr\u00e9e principale dans le parking arri\u00e8re, de se garer sur le large trottoir et de s&#8217;arr\u00eater au panneau indiquant \u00ab Friends Donation Drop-Off\/Kind Reads Pick-up \u00bb et composez le 613-580-2424, poste 27875 (le m\u00eame num\u00e9ro que vous avez appel\u00e9 pour prendre votre rendez-vous) et l&#8217;un des b\u00e9n\u00e9voles viendra chercher vos bo\u00eetes.<\/p>\n<p>Les dons doivent \u00eatre emball\u00e9s dans de petites bo\u00eetes d&#8217;une dimension maximale de 15&#8243; x 12&#8243; x 10&#8243; (par exemple, bo\u00eete LCBO ou bo\u00eetes banquiers (taille maximale)). Ne faites pas de don dans de grands sacs en plastique ou de grandes bo\u00eetes lourdes car nous avons un espace limit\u00e9 et nous devons \u00eatre capables d&#8217;empiler et de soulever les bo\u00eetes avec la capacit\u00e9 de prot\u00e9ger nos b\u00e9n\u00e9voles de toute blessure.<\/p>\n<p>Les articles qui ne r\u00e9pondent pas \u00e0 nos crit\u00e8res de don actuels, qui ne sont pas dans un \u00e9tat acceptable ou qui ne sont pas pr\u00e9sent\u00e9s dans des bo\u00eetes appropri\u00e9es, peuvent \u00eatre refus\u00e9s lors de votre rendez-vous &#8211; nous ne voulons PAS avoir \u00e0 le faire.<\/p>\n<p>Nous demandons votre coop\u00e9ration et suivons nos exigences d\u00e9crites ici.<\/p>\n<p>Si vous avez des questions, veuillez communiquer avec nos b\u00e9n\u00e9voles du centre de distribution au :<\/p>\n<p>Centre James Bartleman, salle 149<br \/>\n100, promenade Tallwood, Ottawa (ON)<br \/>\nK2G 4R7<\/p>\n<p><strong>613 580-2424, poste 27875<\/strong><\/p>\n<p>&nbsp;<\/p>\n<\/div><div class=\"fusion-alignleft\"><a class=\"fusion-button button-flat fusion-button-default-size button-default fusion-button-default button-1 fusion-button-default-span fusion-button-default-type\" style=\"--button_margin-top:15PX;--button_margin-bottom:15PX;\" target=\"_self\" href=\"https:\/\/www.fopla-aabpo.ca\/fr\/ce-que-nous-acceptons\/\"><span class=\"fusion-button-text\">VOIR LA LISTE\u00a0 DES ARTICLES ACCEPT\u00c9S<\/span><\/a><\/div>\t\t\t\t\t<script type=\"text\/javascript\">\n\t\t\t\t\t\tvar map_fusion_map_69e8b8577c0d5;\n\t\t\t\t\t\tvar markers = [];\n\t\t\t\t\t\tvar counter = 0;\n\t\t\t\t\t\t\t\t\t\t\t\t\t\t\t\t\t\t\t\tvar fusionMapNonce = '49475976e6';\n\t\t\t\t\t\t\t\t\t\t\t\tfunction fusion_run_map_fusion_map_69e8b8577c0d5() {\n\t\t\t\t\t\t\tjQuery('#fusion_map_69e8b8577c0d5').fusion_maps({\n\t\t\t\t\t\t\t\taddresses: [{\"address\":\"100 Tallwood Drive, Ottawa ON K2G 4R7\",\"infobox_content\":\"100 Tallwood Drive, Ottawa ON K2G 4R7\",\"coordinates\":false,\"cache\":true,\"latitude\":\"45.3412365\",\"longitude\":\"-75.75779419999998\"}],\n\t\t\t\t\t\t\t\tanimations: false,\n\t\t\t\t\t\t\t\tinfobox_background_color: '',\n\t\t\t\t\t\t\t\tinfobox_styling: 'default',\n\t\t\t\t\t\t\t\tinfobox_text_color: '',\n\t\t\t\t\t\t\t\tmap_style: 'default',\n\t\t\t\t\t\t\t\tmap_type: 'roadmap',\n\t\t\t\t\t\t\t\tmarker_icon: '',\n\t\t\t\t\t\t\t\toverlay_color: '',\n\t\t\t\t\t\t\t\toverlay_color_hsl: {\"hue\":0,\"sat\":0,\"lum\":100},\n\t\t\t\t\t\t\t\tpan_control: true,\n\t\t\t\t\t\t\t\tshow_address: false,\n\t\t\t\t\t\t\t\tscale_control: true,\n\t\t\t\t\t\t\t\tscrollwheel: false,\n\t\t\t\t\t\t\t\tzoom: 14,\n\t\t\t\t\t\t\t\tzoom_control: true,\n\t\t\t\t\t\t\t});\n\t\t\t\t\t\t}\n\n\t\t\t\t\t\tgoogle.maps.event.addDomListener(window, 'load', fusion_run_map_fusion_map_69e8b8577c0d5);\n\t\t\t\t\t<\/script>\n\t\t\t\t\t<div class=\"shortcode-map fusion-google-map fusion-no-small-visibility fusion-no-medium-visibility fusion-maps-js-type\" id=\"fusion_map_69e8b8577c0d5\"><\/div><div class=\"fusion-clearfix\"><\/div><\/div><\/div><\/div><\/div>\n","protected":false},"excerpt":{"rendered":"","protected":false},"author":1,"featured_media":0,"parent":0,"menu_order":220,"comment_status":"closed","ping_status":"closed","template":"","meta":{"footnotes":"","_links_to":"","_links_to_target":""},"class_list":["post-1546","page","type-page","status-publish","hentry"],"yoast_head":"<!-- This site is optimized with the Yoast SEO plugin v27.3 - https:\/\/yoast.com\/product\/yoast-seo-wordpress\/ -->\n<title>O\u00f9 faire un don | FOPLA-AABPO<\/title>\n<meta name=\"description\" content=\"Tous emplacements de l&#039;AABPO sont pr\u00e9sentment ferm\u00e8s en raison de COVID-19 et les dons d&#039;articles sont actuellement suspendus.\" \/>\n<meta name=\"robots\" content=\"index, follow, max-snippet:-1, max-image-preview:large, max-video-preview:-1\" \/>\n<link rel=\"canonical\" href=\"https:\/\/www.fopla-aabpo.ca\/fr\/ou-faire-un-don\/\" \/>\n<meta property=\"og:locale\" content=\"fr_FR\" \/>\n<meta property=\"og:type\" content=\"article\" \/>\n<meta property=\"og:title\" content=\"O\u00f9 faire un don | FOPLA-AABPO\" \/>\n<meta property=\"og:description\" content=\"Tous emplacements de l&#039;AABPO sont pr\u00e9sentment ferm\u00e8s en raison de COVID-19 et les dons d&#039;articles sont actuellement suspendus.\" \/>\n<meta property=\"og:url\" content=\"https:\/\/www.fopla-aabpo.ca\/fr\/ou-faire-un-don\/\" \/>\n<meta property=\"og:site_name\" content=\"FOPLA-AABPO\" \/>\n<meta property=\"article:publisher\" content=\"https:\/\/www.facebook.com\/FOPLAAABPO\/\" \/>\n<meta property=\"article:modified_time\" content=\"2024-07-05T12:14:48+00:00\" \/>\n<meta property=\"og:image\" content=\"https:\/\/www.fopla-aabpo.ca\/wp-content\/uploads\/2017\/03\/fopla-logo-fullname.jpg\" \/>\n\t<meta property=\"og:image:width\" content=\"776\" \/>\n\t<meta property=\"og:image:height\" content=\"366\" \/>\n\t<meta property=\"og:image:type\" content=\"image\/jpeg\" \/>\n<meta name=\"twitter:card\" content=\"summary_large_image\" \/>\n<meta name=\"twitter:site\" content=\"@OPL_Friends\" \/>\n<meta name=\"twitter:label1\" content=\"Dur\u00e9e de lecture estim\u00e9e\" \/>\n\t<meta name=\"twitter:data1\" content=\"2 minutes\" \/>\n<script type=\"application\/ld+json\" class=\"yoast-schema-graph\">{\"@context\":\"https:\\\/\\\/schema.org\",\"@graph\":[{\"@type\":\"WebPage\",\"@id\":\"https:\\\/\\\/www.fopla-aabpo.ca\\\/fr\\\/ou-faire-un-don\\\/\",\"url\":\"https:\\\/\\\/www.fopla-aabpo.ca\\\/fr\\\/ou-faire-un-don\\\/\",\"name\":\"O\u00f9 faire un don | FOPLA-AABPO\",\"isPartOf\":{\"@id\":\"https:\\\/\\\/www.fopla-aabpo.ca\\\/fr\\\/#website\"},\"datePublished\":\"2017-04-24T20:43:16+00:00\",\"dateModified\":\"2024-07-05T12:14:48+00:00\",\"description\":\"Tous emplacements de l'AABPO sont pr\u00e9sentment ferm\u00e8s en raison de COVID-19 et les dons d'articles sont actuellement suspendus.\",\"breadcrumb\":{\"@id\":\"https:\\\/\\\/www.fopla-aabpo.ca\\\/fr\\\/ou-faire-un-don\\\/#breadcrumb\"},\"inLanguage\":\"fr-FR\",\"potentialAction\":[{\"@type\":\"ReadAction\",\"target\":[\"https:\\\/\\\/www.fopla-aabpo.ca\\\/fr\\\/ou-faire-un-don\\\/\"]}]},{\"@type\":\"BreadcrumbList\",\"@id\":\"https:\\\/\\\/www.fopla-aabpo.ca\\\/fr\\\/ou-faire-un-don\\\/#breadcrumb\",\"itemListElement\":[{\"@type\":\"ListItem\",\"position\":1,\"name\":\"Home\",\"item\":\"https:\\\/\\\/www.fopla-aabpo.ca\\\/fr\\\/\"},{\"@type\":\"ListItem\",\"position\":2,\"name\":\"O\u00f9 faire un don\"}]},{\"@type\":\"WebSite\",\"@id\":\"https:\\\/\\\/www.fopla-aabpo.ca\\\/fr\\\/#website\",\"url\":\"https:\\\/\\\/www.fopla-aabpo.ca\\\/fr\\\/\",\"name\":\"FOPLA-AABPO\",\"description\":\"Friends of the Ottawa Public Library Association\",\"publisher\":{\"@id\":\"https:\\\/\\\/www.fopla-aabpo.ca\\\/fr\\\/#organization\"},\"potentialAction\":[{\"@type\":\"SearchAction\",\"target\":{\"@type\":\"EntryPoint\",\"urlTemplate\":\"https:\\\/\\\/www.fopla-aabpo.ca\\\/fr\\\/?s={search_term_string}\"},\"query-input\":{\"@type\":\"PropertyValueSpecification\",\"valueRequired\":true,\"valueName\":\"search_term_string\"}}],\"inLanguage\":\"fr-FR\"},{\"@type\":\"Organization\",\"@id\":\"https:\\\/\\\/www.fopla-aabpo.ca\\\/fr\\\/#organization\",\"name\":\"Friends of the Ottawa Public Library Association\",\"url\":\"https:\\\/\\\/www.fopla-aabpo.ca\\\/fr\\\/\",\"logo\":{\"@type\":\"ImageObject\",\"inLanguage\":\"fr-FR\",\"@id\":\"https:\\\/\\\/www.fopla-aabpo.ca\\\/fr\\\/#\\\/schema\\\/logo\\\/image\\\/\",\"url\":\"https:\\\/\\\/www.fopla-aabpo.ca\\\/wp-content\\\/uploads\\\/2017\\\/02\\\/FOPLA-vertical-about.png\",\"contentUrl\":\"https:\\\/\\\/www.fopla-aabpo.ca\\\/wp-content\\\/uploads\\\/2017\\\/02\\\/FOPLA-vertical-about.png\",\"width\":131,\"height\":200,\"caption\":\"Friends of the Ottawa Public Library Association\"},\"image\":{\"@id\":\"https:\\\/\\\/www.fopla-aabpo.ca\\\/fr\\\/#\\\/schema\\\/logo\\\/image\\\/\"},\"sameAs\":[\"https:\\\/\\\/www.facebook.com\\\/FOPLAAABPO\\\/\",\"https:\\\/\\\/x.com\\\/OPL_Friends\",\"https:\\\/\\\/www.instagram.com\\\/oplbpofriends\\\/\",\"https:\\\/\\\/www.linkedin.com\\\/groups\\\/3745080\\\/profile\"]}]}<\/script>\n<!-- \/ Yoast SEO plugin. -->","yoast_head_json":{"title":"O\u00f9 faire un don | FOPLA-AABPO","description":"Tous emplacements de l'AABPO sont pr\u00e9sentment ferm\u00e8s en raison de COVID-19 et les dons d'articles sont actuellement suspendus.","robots":{"index":"index","follow":"follow","max-snippet":"max-snippet:-1","max-image-preview":"max-image-preview:large","max-video-preview":"max-video-preview:-1"},"canonical":"https:\/\/www.fopla-aabpo.ca\/fr\/ou-faire-un-don\/","og_locale":"fr_FR","og_type":"article","og_title":"O\u00f9 faire un don | FOPLA-AABPO","og_description":"Tous emplacements de l'AABPO sont pr\u00e9sentment ferm\u00e8s en raison de COVID-19 et les dons d'articles sont actuellement suspendus.","og_url":"https:\/\/www.fopla-aabpo.ca\/fr\/ou-faire-un-don\/","og_site_name":"FOPLA-AABPO","article_publisher":"https:\/\/www.facebook.com\/FOPLAAABPO\/","article_modified_time":"2024-07-05T12:14:48+00:00","og_image":[{"width":776,"height":366,"url":"https:\/\/www.fopla-aabpo.ca\/wp-content\/uploads\/2017\/03\/fopla-logo-fullname.jpg","type":"image\/jpeg"}],"twitter_card":"summary_large_image","twitter_site":"@OPL_Friends","twitter_misc":{"Dur\u00e9e de lecture estim\u00e9e":"2 minutes"},"schema":{"@context":"https:\/\/schema.org","@graph":[{"@type":"WebPage","@id":"https:\/\/www.fopla-aabpo.ca\/fr\/ou-faire-un-don\/","url":"https:\/\/www.fopla-aabpo.ca\/fr\/ou-faire-un-don\/","name":"O\u00f9 faire un don | FOPLA-AABPO","isPartOf":{"@id":"https:\/\/www.fopla-aabpo.ca\/fr\/#website"},"datePublished":"2017-04-24T20:43:16+00:00","dateModified":"2024-07-05T12:14:48+00:00","description":"Tous emplacements de l'AABPO sont pr\u00e9sentment ferm\u00e8s en raison de COVID-19 et les dons d'articles sont actuellement suspendus.","breadcrumb":{"@id":"https:\/\/www.fopla-aabpo.ca\/fr\/ou-faire-un-don\/#breadcrumb"},"inLanguage":"fr-FR","potentialAction":[{"@type":"ReadAction","target":["https:\/\/www.fopla-aabpo.ca\/fr\/ou-faire-un-don\/"]}]},{"@type":"BreadcrumbList","@id":"https:\/\/www.fopla-aabpo.ca\/fr\/ou-faire-un-don\/#breadcrumb","itemListElement":[{"@type":"ListItem","position":1,"name":"Home","item":"https:\/\/www.fopla-aabpo.ca\/fr\/"},{"@type":"ListItem","position":2,"name":"O\u00f9 faire un don"}]},{"@type":"WebSite","@id":"https:\/\/www.fopla-aabpo.ca\/fr\/#website","url":"https:\/\/www.fopla-aabpo.ca\/fr\/","name":"FOPLA-AABPO","description":"Friends of the Ottawa Public Library Association","publisher":{"@id":"https:\/\/www.fopla-aabpo.ca\/fr\/#organization"},"potentialAction":[{"@type":"SearchAction","target":{"@type":"EntryPoint","urlTemplate":"https:\/\/www.fopla-aabpo.ca\/fr\/?s={search_term_string}"},"query-input":{"@type":"PropertyValueSpecification","valueRequired":true,"valueName":"search_term_string"}}],"inLanguage":"fr-FR"},{"@type":"Organization","@id":"https:\/\/www.fopla-aabpo.ca\/fr\/#organization","name":"Friends of the Ottawa Public Library Association","url":"https:\/\/www.fopla-aabpo.ca\/fr\/","logo":{"@type":"ImageObject","inLanguage":"fr-FR","@id":"https:\/\/www.fopla-aabpo.ca\/fr\/#\/schema\/logo\/image\/","url":"https:\/\/www.fopla-aabpo.ca\/wp-content\/uploads\/2017\/02\/FOPLA-vertical-about.png","contentUrl":"https:\/\/www.fopla-aabpo.ca\/wp-content\/uploads\/2017\/02\/FOPLA-vertical-about.png","width":131,"height":200,"caption":"Friends of the Ottawa Public Library Association"},"image":{"@id":"https:\/\/www.fopla-aabpo.ca\/fr\/#\/schema\/logo\/image\/"},"sameAs":["https:\/\/www.facebook.com\/FOPLAAABPO\/","https:\/\/x.com\/OPL_Friends","https:\/\/www.instagram.com\/oplbpofriends\/","https:\/\/www.linkedin.com\/groups\/3745080\/profile"]}]}},"_links":{"self":[{"href":"https:\/\/www.fopla-aabpo.ca\/fr\/wp-json\/wp\/v2\/pages\/1546","targetHints":{"allow":["GET"]}}],"collection":[{"href":"https:\/\/www.fopla-aabpo.ca\/fr\/wp-json\/wp\/v2\/pages"}],"about":[{"href":"https:\/\/www.fopla-aabpo.ca\/fr\/wp-json\/wp\/v2\/types\/page"}],"author":[{"embeddable":true,"href":"https:\/\/www.fopla-aabpo.ca\/fr\/wp-json\/wp\/v2\/users\/1"}],"replies":[{"embeddable":true,"href":"https:\/\/www.fopla-aabpo.ca\/fr\/wp-json\/wp\/v2\/comments?post=1546"}],"version-history":[{"count":55,"href":"https:\/\/www.fopla-aabpo.ca\/fr\/wp-json\/wp\/v2\/pages\/1546\/revisions"}],"predecessor-version":[{"id":10378,"href":"https:\/\/www.fopla-aabpo.ca\/fr\/wp-json\/wp\/v2\/pages\/1546\/revisions\/10378"}],"wp:attachment":[{"href":"https:\/\/www.fopla-aabpo.ca\/fr\/wp-json\/wp\/v2\/media?parent=1546"}],"curies":[{"name":"wp","href":"https:\/\/api.w.org\/{rel}","templated":true}]}}