{"id":1640,"date":"2017-04-25T11:55:10","date_gmt":"2017-04-25T15:55:10","guid":{"rendered":"https:\/\/www.fopla-aabpo.ca\/librairies-de-laabpo\/"},"modified":"2025-11-29T15:54:25","modified_gmt":"2025-11-29T20:54:25","slug":"librairies-de-laabpo","status":"publish","type":"page","link":"https:\/\/www.fopla-aabpo.ca\/fr\/librairies-de-laabpo\/","title":{"rendered":"Librairies de l\u2019AABPO"},"content":{"rendered":"<div class=\"fusion-fullwidth fullwidth-box fusion-builder-row-1 nonhundred-percent-fullwidth non-hundred-percent-height-scrolling\" style=\"--awb-border-radius-top-left:0px;--awb-border-radius-top-right:0px;--awb-border-radius-bottom-right:0px;--awb-border-radius-bottom-left:0px;--awb-flex-wrap:wrap;\" ><div class=\"fusion-builder-row fusion-row\"><div class=\"fusion-layout-column fusion_builder_column fusion-builder-column-0 fusion_builder_column_1_1 1_1 fusion-one-full fusion-column-first fusion-column-last\" style=\"--awb-bg-size:cover;\"><div class=\"fusion-column-wrapper fusion-flex-column-wrapper-legacy\"><div class=\"fusion-title title fusion-title-1 sep-underline sep-solid fusion-title-text fusion-title-size-one\"><h1 class=\"fusion-title-heading title-heading-left fusion-responsive-typography-calculated\" style=\"margin:0;--fontSize:34;line-height:1.4;\">Librairies de l\u2019AABPO<\/h1><\/div><div class=\"fusion-text fusion-text-1\"><p>Vous cherchez un bon livre? Nos livres usag\u00e9s se vendent au meilleur prix \u00e0 Ottawa, ce qui vous permet de laisser encore libre cours \u00e0 votre amour de la lecture. De plus, vos achats soutiennent les biblioth\u00e8ques de la ville d\u2019Ottawa. Nous recueillons plus de 350 000 $ chaque ann\u00e9e, en grande partie gr\u00e2ce \u00e0 la vente de livres usag\u00e9s dans nos librairies g\u00e9r\u00e9es par des b\u00e9n\u00e9voles. Vous trouverez les adresses, les heures d\u2019ouverture et les coordonn\u00e9es de nos cinq librairies ci-dessous. Venez nous rendre visite pour d\u00e9nicher de v\u00e9ritables trouvailles. Nous recevons de nouveaux dons tout au long de la semaine. Voulez-vous plus de choix? Vous pouvez \u00e9galement explorer nos <a href=\"https:\/\/www.fopla-aabpo.ca\/fr\/emplacements-libre-service\/\">rayons libre-service<\/a>, notre <a href=\"https:\/\/www.fopla-aabpo.ca\/fr\/events\/category\/vente-gigantesque\/\">vente gigantesque<\/a> mensuelle, ou vous pouvez prendre rendez-vous pour <a href=\"https:\/\/www.fopla-aabpo.ca\/fr\/feuilletez-les-livres-sur-nos-rayons\/\">fureter dans les rayons<\/a> de notre centre de distribution.<\/p>\n<\/div><div class=\"fusion-clearfix\"><\/div><\/div><\/div><div class=\"fusion-layout-column fusion_builder_column fusion-builder-column-1 fusion_builder_column_1_2 1_2 fusion-one-half fusion-column-first\" style=\"--awb-bg-size:cover;width:50%;width:calc(50% - ( ( 4% ) * 0.5 ) );margin-right: 4%;\"><div class=\"fusion-column-wrapper fusion-flex-column-wrapper-legacy\"><div class=\"fusion-title title fusion-title-2 fusion-title-text fusion-title-size-two\"><h2 class=\"fusion-title-heading title-heading-left fusion-responsive-typography-calculated\" style=\"margin:0;--fontSize:24;line-height:1.5;\">La Librairie des Amis<\/h2><span class=\"awb-title-spacer\"><\/span><div class=\"title-sep-container\"><div class=\"title-sep sep-double sep-solid\" style=\"border-color:#e0dede;\"><\/div><\/div><\/div>\t\t\t\t\t<script type=\"text\/javascript\">\n\t\t\t\t\t\tvar map_fusion_map_69eb255d80795;\n\t\t\t\t\t\tvar markers = [];\n\t\t\t\t\t\tvar counter = 0;\n\t\t\t\t\t\t\t\t\t\t\t\t\t\t\t\t\t\t\t\tvar fusionMapNonce = '3721ce2aba';\n\t\t\t\t\t\t\t\t\t\t\t\tfunction fusion_run_map_fusion_map_69eb255d80795() {\n\t\t\t\t\t\t\tjQuery('#fusion_map_69eb255d80795').fusion_maps({\n\t\t\t\t\t\t\t\taddresses: [{\"address\":\"120 Metcalfe St, Ottawa, ON K1P 1E7\",\"infobox_content\":\"120 Metcalfe St, Ottawa, ON K1P 1E7\",\"coordinates\":false,\"cache\":true,\"latitude\":\"45.42037029999999\",\"longitude\":\"-75.69550620000001\"}],\n\t\t\t\t\t\t\t\tanimations: false,\n\t\t\t\t\t\t\t\tinfobox_background_color: '',\n\t\t\t\t\t\t\t\tinfobox_styling: 'default',\n\t\t\t\t\t\t\t\tinfobox_text_color: '',\n\t\t\t\t\t\t\t\tmap_style: 'default',\n\t\t\t\t\t\t\t\tmap_type: 'roadmap',\n\t\t\t\t\t\t\t\tmarker_icon: '',\n\t\t\t\t\t\t\t\toverlay_color: '',\n\t\t\t\t\t\t\t\toverlay_color_hsl: {\"hue\":0,\"sat\":0,\"lum\":100},\n\t\t\t\t\t\t\t\tpan_control: true,\n\t\t\t\t\t\t\t\tshow_address: true,\n\t\t\t\t\t\t\t\tscale_control: true,\n\t\t\t\t\t\t\t\tscrollwheel: false,\n\t\t\t\t\t\t\t\tzoom: 16,\n\t\t\t\t\t\t\t\tzoom_control: true,\n\t\t\t\t\t\t\t});\n\t\t\t\t\t\t}\n\n\t\t\t\t\t\tgoogle.maps.event.addDomListener(window, 'load', fusion_run_map_fusion_map_69eb255d80795);\n\t\t\t\t\t<\/script>\n\t\t\t\t\t<div class=\"shortcode-map fusion-google-map fusion-no-small-visibility fusion-no-medium-visibility fusion-maps-js-type\" id=\"fusion_map_69eb255d80795\"><\/div><div class=\"fusion-text fusion-text-2\"><h3>Biblioth\u00e8que Centrale<\/h3>\n<p>120 rue Metcalfe, Ottawa ON K1P 5M2<br \/>\n(613) 580-2940 (InfoService)<\/p>\n<p>A partir du\u00a0 janvier 2023 :<\/p>\n<p>Lundi: 10h00 &#8211; 21hoo<br \/>\nMardi: 13h00 &#8211; 21h00<br \/>\nMercredi: 10h00 &#8211; 21h00<br \/>\nJeudi: 13h00-21h00<br \/>\nVendredi: 10h00 &#8211; 18h00<br \/>\nSamedi: 13h00 &#8211; 17h00<br \/>\nDimanche: 13h00 &#8211; 17h00<\/p>\n<\/div><div class=\"fusion-clearfix\"><\/div><\/div><\/div><div class=\"fusion-layout-column fusion_builder_column fusion-builder-column-2 fusion_builder_column_1_2 1_2 fusion-one-half fusion-column-last\" style=\"--awb-bg-size:cover;width:50%;width:calc(50% - ( ( 4% ) * 0.5 ) );\"><div class=\"fusion-column-wrapper fusion-flex-column-wrapper-legacy\"><div class=\"fusion-title title fusion-title-3 fusion-title-text fusion-title-size-two\"><h2 class=\"fusion-title-heading title-heading-left fusion-responsive-typography-calculated\" style=\"margin:0;--fontSize:24;line-height:1.5;\">La boutique Rat de biblioth\u00e8que<\/h2><span class=\"awb-title-spacer\"><\/span><div class=\"title-sep-container\"><div class=\"title-sep sep-double sep-solid\" style=\"border-color:#e0dede;\"><\/div><\/div><\/div>\t\t\t\t\t<script type=\"text\/javascript\">\n\t\t\t\t\t\tvar map_fusion_map_69eb255d81507;\n\t\t\t\t\t\tvar markers = [];\n\t\t\t\t\t\tvar counter = 0;\n\t\t\t\t\t\t\t\t\t\t\t\tfunction fusion_run_map_fusion_map_69eb255d81507() {\n\t\t\t\t\t\t\tjQuery('#fusion_map_69eb255d81507').fusion_maps({\n\t\t\t\t\t\t\t\taddresses: [{\"address\":\"1599 Tenth Line Rd, Orl\\u00e9ans, ON K1E 3E8\",\"infobox_content\":\"1599 Tenth Line Rd, Orl\\u00e9ans, ON K1E 3E8\",\"coordinates\":false,\"cache\":true,\"latitude\":\"45.468682\",\"longitude\":\"-75.49229609999998\"}],\n\t\t\t\t\t\t\t\tanimations: false,\n\t\t\t\t\t\t\t\tinfobox_background_color: '',\n\t\t\t\t\t\t\t\tinfobox_styling: 'default',\n\t\t\t\t\t\t\t\tinfobox_text_color: '',\n\t\t\t\t\t\t\t\tmap_style: 'default',\n\t\t\t\t\t\t\t\tmap_type: 'roadmap',\n\t\t\t\t\t\t\t\tmarker_icon: '',\n\t\t\t\t\t\t\t\toverlay_color: '',\n\t\t\t\t\t\t\t\toverlay_color_hsl: {\"hue\":0,\"sat\":0,\"lum\":100},\n\t\t\t\t\t\t\t\tpan_control: true,\n\t\t\t\t\t\t\t\tshow_address: true,\n\t\t\t\t\t\t\t\tscale_control: true,\n\t\t\t\t\t\t\t\tscrollwheel: false,\n\t\t\t\t\t\t\t\tzoom: 16,\n\t\t\t\t\t\t\t\tzoom_control: true,\n\t\t\t\t\t\t\t});\n\t\t\t\t\t\t}\n\n\t\t\t\t\t\tgoogle.maps.event.addDomListener(window, 'load', fusion_run_map_fusion_map_69eb255d81507);\n\t\t\t\t\t<\/script>\n\t\t\t\t\t<div class=\"shortcode-map fusion-google-map fusion-no-small-visibility fusion-no-medium-visibility fusion-maps-js-type\" id=\"fusion_map_69eb255d81507\"><\/div><div class=\"fusion-text fusion-text-3\"><h3>Succursale Cumberland<\/h3>\n<p>1599, rue Tenth Line, Orl\u00e9ans ON K1E 3E8<br \/>\n(613) 580-2424 x39896<\/p>\n<p>A partir du\u00a0 janvier 2023 :<\/p>\n<p>Lundi: 10h30 &#8211; 20h00<br \/>\nMardi: 10h30 &#8211; 20h00<br \/>\nMercredi: 10h30 &#8211; 20h00<br \/>\nJeudi: 10h30 &#8211; 18h30<br \/>\nVendredi: 10h30 &#8211; 14h30<br \/>\nSamedi: 10h30 &#8211; 14h30<br \/>\nDimanche: 10h30 &#8211; 14h00<\/p>\n<\/div><div class=\"fusion-clearfix\"><\/div><\/div><\/div><div class=\"fusion-layout-column fusion_builder_column fusion-builder-column-3 fusion_builder_column_1_2 1_2 fusion-one-half fusion-column-first\" style=\"--awb-bg-size:cover;width:50%;width:calc(50% - ( ( 4% ) * 0.5 ) );margin-right: 4%;\"><div class=\"fusion-column-wrapper fusion-flex-column-wrapper-legacy\"><div class=\"fusion-title title fusion-title-4 fusion-title-text fusion-title-size-two\"><h2 class=\"fusion-title-heading title-heading-left fusion-responsive-typography-calculated\" style=\"margin:0;--fontSize:24;line-height:1.5;\">Deuxi\u00e8me \u00e9ditions<\/h2><span class=\"awb-title-spacer\"><\/span><div class=\"title-sep-container\"><div class=\"title-sep sep-double sep-solid\" style=\"border-color:#e0dede;\"><\/div><\/div><\/div>\t\t\t\t\t<script type=\"text\/javascript\">\n\t\t\t\t\t\tvar map_fusion_map_69eb255d82193;\n\t\t\t\t\t\tvar markers = [];\n\t\t\t\t\t\tvar counter = 0;\n\t\t\t\t\t\t\t\t\t\t\t\tfunction fusion_run_map_fusion_map_69eb255d82193() {\n\t\t\t\t\t\t\tjQuery('#fusion_map_69eb255d82193').fusion_maps({\n\t\t\t\t\t\t\t\taddresses: [{\"address\":\"101 Centrepointe Dr, Nepean, ON K2G 0B5\",\"infobox_content\":\"101 Centrepointe Dr, Nepean, ON K2G 0B5\",\"coordinates\":false,\"cache\":true,\"latitude\":\"45.3446243\",\"longitude\":\"-75.762787\"}],\n\t\t\t\t\t\t\t\tanimations: false,\n\t\t\t\t\t\t\t\tinfobox_background_color: '',\n\t\t\t\t\t\t\t\tinfobox_styling: 'default',\n\t\t\t\t\t\t\t\tinfobox_text_color: '',\n\t\t\t\t\t\t\t\tmap_style: 'default',\n\t\t\t\t\t\t\t\tmap_type: 'roadmap',\n\t\t\t\t\t\t\t\tmarker_icon: '',\n\t\t\t\t\t\t\t\toverlay_color: '',\n\t\t\t\t\t\t\t\toverlay_color_hsl: {\"hue\":0,\"sat\":0,\"lum\":100},\n\t\t\t\t\t\t\t\tpan_control: true,\n\t\t\t\t\t\t\t\tshow_address: true,\n\t\t\t\t\t\t\t\tscale_control: true,\n\t\t\t\t\t\t\t\tscrollwheel: false,\n\t\t\t\t\t\t\t\tzoom: 16,\n\t\t\t\t\t\t\t\tzoom_control: true,\n\t\t\t\t\t\t\t});\n\t\t\t\t\t\t}\n\n\t\t\t\t\t\tgoogle.maps.event.addDomListener(window, 'load', fusion_run_map_fusion_map_69eb255d82193);\n\t\t\t\t\t<\/script>\n\t\t\t\t\t<div class=\"shortcode-map fusion-google-map fusion-no-small-visibility fusion-no-medium-visibility fusion-maps-js-type\" id=\"fusion_map_69eb255d82193\"><\/div><div class=\"fusion-text fusion-text-4\"><h3>Succursale Nepean Centrepointe<\/h3>\n<p>101 promenade Centrepointe, Nepean ON K2G 0B5<br \/>\n(613) 580-2424 x41491<\/p>\n<p>A partir du\u00a0 janvier 2023 :<\/p>\n<p>Mecredi: 10h00 &#8211; 15hoo<br \/>\nJeudi: 10h00 &#8211; 15h00<br \/>\nVendredi: 10h00 &#8211; 15h00<br \/>\nSamedi: 10h00 &#8211; 15h00<\/p>\n<\/div><div class=\"fusion-clearfix\"><\/div><\/div><\/div><div class=\"fusion-layout-column fusion_builder_column fusion-builder-column-4 fusion_builder_column_1_2 1_2 fusion-one-half fusion-column-last\" style=\"--awb-bg-size:cover;width:50%;width:calc(50% - ( ( 4% ) * 0.5 ) );\"><div class=\"fusion-column-wrapper fusion-flex-column-wrapper-legacy\"><div class=\"fusion-title title fusion-title-5 fusion-title-text fusion-title-size-two\"><h2 class=\"fusion-title-heading title-heading-left fusion-responsive-typography-calculated\" style=\"margin:0;--fontSize:24;line-height:1.5;\">\u00c0 vos livres<\/h2><span class=\"awb-title-spacer\"><\/span><div class=\"title-sep-container\"><div class=\"title-sep sep-double sep-solid\" style=\"border-color:#e0dede;\"><\/div><\/div><\/div>\t\t\t\t\t<script type=\"text\/javascript\">\n\t\t\t\t\t\tvar map_fusion_map_69eb255d82c12;\n\t\t\t\t\t\tvar markers = [];\n\t\t\t\t\t\tvar counter = 0;\n\t\t\t\t\t\t\t\t\t\t\t\tfunction fusion_run_map_fusion_map_69eb255d82c12() {\n\t\t\t\t\t\t\tjQuery('#fusion_map_69eb255d82c12').fusion_maps({\n\t\t\t\t\t\t\t\taddresses: [{\"address\":\"363 Lorry Greenberg Dr, Ottawa, ON K1T 3P8\",\"infobox_content\":\"363 Lorry Greenberg Dr, Ottawa, ON K1T 3P8\",\"coordinates\":false,\"cache\":true,\"latitude\":\"45.3633114\",\"longitude\":\"-75.63537539999999\"}],\n\t\t\t\t\t\t\t\tanimations: false,\n\t\t\t\t\t\t\t\tinfobox_background_color: '',\n\t\t\t\t\t\t\t\tinfobox_styling: 'default',\n\t\t\t\t\t\t\t\tinfobox_text_color: '',\n\t\t\t\t\t\t\t\tmap_style: 'default',\n\t\t\t\t\t\t\t\tmap_type: 'roadmap',\n\t\t\t\t\t\t\t\tmarker_icon: '',\n\t\t\t\t\t\t\t\toverlay_color: '',\n\t\t\t\t\t\t\t\toverlay_color_hsl: {\"hue\":0,\"sat\":0,\"lum\":100},\n\t\t\t\t\t\t\t\tpan_control: true,\n\t\t\t\t\t\t\t\tshow_address: true,\n\t\t\t\t\t\t\t\tscale_control: true,\n\t\t\t\t\t\t\t\tscrollwheel: false,\n\t\t\t\t\t\t\t\tzoom: 16,\n\t\t\t\t\t\t\t\tzoom_control: true,\n\t\t\t\t\t\t\t});\n\t\t\t\t\t\t}\n\n\t\t\t\t\t\tgoogle.maps.event.addDomListener(window, 'load', fusion_run_map_fusion_map_69eb255d82c12);\n\t\t\t\t\t<\/script>\n\t\t\t\t\t<div class=\"shortcode-map fusion-google-map fusion-no-small-visibility fusion-no-medium-visibility fusion-maps-js-type\" id=\"fusion_map_69eb255d82c12\"><\/div><div class=\"fusion-text fusion-text-5\"><h3>Succursale Greenboro<\/h3>\n<p>363, promenade Lorry Greenberg, Ottawa (ON)\u00a0\u00a0K1T 3P8<br \/>\n613 580-2424, poste 32626<\/p>\n<p>A partir du\u00a0 janvier 2023 :<\/p>\n<p>Lundi: 10h00 &#8211; 16hoo<br \/>\nMardi: 10h00 &#8211; 13h00<br \/>\nMecredi: 10h00 &#8211; 16hoo<br \/>\nJeudi: 10h00 &#8211; 13h00<br \/>\nVendredi: 10h00 &#8211; 13h00<br \/>\nSamedi: 10h00 &#8211; 13h00<\/p>\n<\/div><div class=\"fusion-clearfix\"><\/div><\/div><\/div><div class=\"fusion-layout-column fusion_builder_column fusion-builder-column-5 fusion_builder_column_1_2 1_2 fusion-one-half fusion-column-first\" style=\"--awb-bg-size:cover;width:50%;width:calc(50% - ( ( 4% ) * 0.5 ) );margin-right: 4%;\"><div class=\"fusion-column-wrapper fusion-flex-column-wrapper-legacy\"><div class=\"fusion-title title fusion-title-6 fusion-title-text fusion-title-size-two\"><h2 class=\"fusion-title-heading title-heading-left fusion-responsive-typography-calculated\" style=\"margin:0;--fontSize:24;line-height:1.5;\">Bookends<\/h2><span class=\"awb-title-spacer\"><\/span><div class=\"title-sep-container\"><div class=\"title-sep sep-double sep-solid\" style=\"border-color:#e0dede;\"><\/div><\/div><\/div>\t\t\t\t\t<script type=\"text\/javascript\">\n\t\t\t\t\t\tvar map_fusion_map_69eb255d833d0;\n\t\t\t\t\t\tvar markers = [];\n\t\t\t\t\t\tvar counter = 0;\n\t\t\t\t\t\t\t\t\t\t\t\tfunction fusion_run_map_fusion_map_69eb255d833d0() {\n\t\t\t\t\t\t\tjQuery('#fusion_map_69eb255d833d0').fusion_maps({\n\t\t\t\t\t\t\t\taddresses: [{\"address\":\"2500 Campeau Drive Kanata, ON K2K 2W3\",\"infobox_content\":\"2500 Campeau Drive Kanata, ON K2K 2W3\",\"coordinates\":false,\"cache\":true,\"latitude\":\"45.3219182\",\"longitude\":\"-75.89558239999997\"}],\n\t\t\t\t\t\t\t\tanimations: false,\n\t\t\t\t\t\t\t\tinfobox_background_color: '',\n\t\t\t\t\t\t\t\tinfobox_styling: 'default',\n\t\t\t\t\t\t\t\tinfobox_text_color: '',\n\t\t\t\t\t\t\t\tmap_style: 'default',\n\t\t\t\t\t\t\t\tmap_type: 'roadmap',\n\t\t\t\t\t\t\t\tmarker_icon: '',\n\t\t\t\t\t\t\t\toverlay_color: '',\n\t\t\t\t\t\t\t\toverlay_color_hsl: {\"hue\":0,\"sat\":0,\"lum\":100},\n\t\t\t\t\t\t\t\tpan_control: true,\n\t\t\t\t\t\t\t\tshow_address: true,\n\t\t\t\t\t\t\t\tscale_control: true,\n\t\t\t\t\t\t\t\tscrollwheel: false,\n\t\t\t\t\t\t\t\tzoom: 16,\n\t\t\t\t\t\t\t\tzoom_control: true,\n\t\t\t\t\t\t\t});\n\t\t\t\t\t\t}\n\n\t\t\t\t\t\tgoogle.maps.event.addDomListener(window, 'load', fusion_run_map_fusion_map_69eb255d833d0);\n\t\t\t\t\t<\/script>\n\t\t\t\t\t<div class=\"shortcode-map fusion-google-map fusion-no-small-visibility fusion-no-medium-visibility fusion-maps-js-type\" id=\"fusion_map_69eb255d833d0\"><\/div><div class=\"fusion-text fusion-text-6\"><h3>Succursale Beaverbrook<\/h3>\n<p>2500 promenade Campeau, Kanata ON K2K 2W3<br \/>\n(613) 580-2400 x17349<\/p>\n<p>A partir du\u00a0 janvier 2023 :<\/p>\n<p>Lundi: 10h00 &#8211; 17h30<br \/>\nMardi: 10h00 &#8211; 20h00<br \/>\nMercredi: 10h00 &#8211; 17h30<br \/>\nJeudi: 10h00 &#8211; 20h00<br \/>\nVendredi: 10h00 &#8211; 17h30<br \/>\nSamedi: 10h00 &#8211; 16h00<\/p>\n<\/div><div class=\"fusion-clearfix\"><\/div><\/div><\/div><div class=\"fusion-layout-column fusion_builder_column fusion-builder-column-6 fusion_builder_column_1_2 1_2 fusion-one-half fusion-column-last\" style=\"--awb-bg-size:cover;width:50%;width:calc(50% - ( ( 4% ) * 0.5 ) );\"><div class=\"fusion-column-wrapper fusion-flex-column-wrapper-legacy\"><div class=\"fusion-clearfix\"><\/div><\/div><\/div><\/div><\/div>\n","protected":false},"excerpt":{"rendered":"","protected":false},"author":1,"featured_media":0,"parent":0,"menu_order":110,"comment_status":"closed","ping_status":"closed","template":"","meta":{"footnotes":"","_links_to":"","_links_to_target":""},"class_list":["post-1640","page","type-page","status-publish","hentry"],"yoast_head":"<!-- This site is optimized with the Yoast SEO plugin v27.3 - https:\/\/yoast.com\/product\/yoast-seo-wordpress\/ -->\n<title>Librairies de l\u2019AABPO | FOPLA-AABPO<\/title>\n<meta name=\"description\" content=\"Vous cherchez un bon livre? Nos livres usag\u00e9s se vendent au meilleur prix \u00e0 Ottawa. Laissez-vous aller \u00e0 votre amour de la lecture dans l&#039;un de nos points de vente de livres d&#039;occasion.\" \/>\n<meta name=\"robots\" content=\"index, follow, max-snippet:-1, max-image-preview:large, max-video-preview:-1\" \/>\n<link rel=\"canonical\" href=\"https:\/\/www.fopla-aabpo.ca\/fr\/librairies-de-laabpo\/\" \/>\n<meta property=\"og:locale\" content=\"fr_FR\" \/>\n<meta property=\"og:type\" content=\"article\" \/>\n<meta property=\"og:title\" content=\"Librairies de l\u2019AABPO | FOPLA-AABPO\" \/>\n<meta property=\"og:description\" content=\"Vous cherchez un bon livre? Nos livres usag\u00e9s se vendent au meilleur prix \u00e0 Ottawa. Laissez-vous aller \u00e0 votre amour de la lecture dans l&#039;un de nos points de vente de livres d&#039;occasion.\" \/>\n<meta property=\"og:url\" content=\"https:\/\/www.fopla-aabpo.ca\/fr\/librairies-de-laabpo\/\" \/>\n<meta property=\"og:site_name\" content=\"FOPLA-AABPO\" \/>\n<meta property=\"article:publisher\" content=\"https:\/\/www.facebook.com\/FOPLAAABPO\/\" \/>\n<meta property=\"article:modified_time\" content=\"2025-11-29T20:54:25+00:00\" \/>\n<meta property=\"og:image\" content=\"https:\/\/www.fopla-aabpo.ca\/wp-content\/uploads\/2017\/03\/fopla-logo-fullname.jpg\" \/>\n\t<meta property=\"og:image:width\" content=\"776\" \/>\n\t<meta property=\"og:image:height\" content=\"366\" \/>\n\t<meta property=\"og:image:type\" content=\"image\/jpeg\" \/>\n<meta name=\"twitter:card\" content=\"summary_large_image\" \/>\n<meta name=\"twitter:site\" content=\"@OPL_Friends\" \/>\n<meta name=\"twitter:label1\" content=\"Dur\u00e9e de lecture estim\u00e9e\" \/>\n\t<meta name=\"twitter:data1\" content=\"2 minutes\" \/>\n<script type=\"application\/ld+json\" class=\"yoast-schema-graph\">{\"@context\":\"https:\\\/\\\/schema.org\",\"@graph\":[{\"@type\":\"WebPage\",\"@id\":\"https:\\\/\\\/www.fopla-aabpo.ca\\\/fr\\\/librairies-de-laabpo\\\/\",\"url\":\"https:\\\/\\\/www.fopla-aabpo.ca\\\/fr\\\/librairies-de-laabpo\\\/\",\"name\":\"Librairies de l\u2019AABPO | FOPLA-AABPO\",\"isPartOf\":{\"@id\":\"https:\\\/\\\/www.fopla-aabpo.ca\\\/fr\\\/#website\"},\"datePublished\":\"2017-04-25T15:55:10+00:00\",\"dateModified\":\"2025-11-29T20:54:25+00:00\",\"description\":\"Vous cherchez un bon livre? Nos livres usag\u00e9s se vendent au meilleur prix \u00e0 Ottawa. Laissez-vous aller \u00e0 votre amour de la lecture dans l'un de nos points de vente de livres d'occasion.\",\"breadcrumb\":{\"@id\":\"https:\\\/\\\/www.fopla-aabpo.ca\\\/fr\\\/librairies-de-laabpo\\\/#breadcrumb\"},\"inLanguage\":\"fr-FR\",\"potentialAction\":[{\"@type\":\"ReadAction\",\"target\":[\"https:\\\/\\\/www.fopla-aabpo.ca\\\/fr\\\/librairies-de-laabpo\\\/\"]}]},{\"@type\":\"BreadcrumbList\",\"@id\":\"https:\\\/\\\/www.fopla-aabpo.ca\\\/fr\\\/librairies-de-laabpo\\\/#breadcrumb\",\"itemListElement\":[{\"@type\":\"ListItem\",\"position\":1,\"name\":\"Home\",\"item\":\"https:\\\/\\\/www.fopla-aabpo.ca\\\/fr\\\/\"},{\"@type\":\"ListItem\",\"position\":2,\"name\":\"Librairies de l\u2019AABPO\"}]},{\"@type\":\"WebSite\",\"@id\":\"https:\\\/\\\/www.fopla-aabpo.ca\\\/fr\\\/#website\",\"url\":\"https:\\\/\\\/www.fopla-aabpo.ca\\\/fr\\\/\",\"name\":\"FOPLA-AABPO\",\"description\":\"Friends of the Ottawa Public Library Association\",\"publisher\":{\"@id\":\"https:\\\/\\\/www.fopla-aabpo.ca\\\/fr\\\/#organization\"},\"potentialAction\":[{\"@type\":\"SearchAction\",\"target\":{\"@type\":\"EntryPoint\",\"urlTemplate\":\"https:\\\/\\\/www.fopla-aabpo.ca\\\/fr\\\/?s={search_term_string}\"},\"query-input\":{\"@type\":\"PropertyValueSpecification\",\"valueRequired\":true,\"valueName\":\"search_term_string\"}}],\"inLanguage\":\"fr-FR\"},{\"@type\":\"Organization\",\"@id\":\"https:\\\/\\\/www.fopla-aabpo.ca\\\/fr\\\/#organization\",\"name\":\"Friends of the Ottawa Public Library Association\",\"url\":\"https:\\\/\\\/www.fopla-aabpo.ca\\\/fr\\\/\",\"logo\":{\"@type\":\"ImageObject\",\"inLanguage\":\"fr-FR\",\"@id\":\"https:\\\/\\\/www.fopla-aabpo.ca\\\/fr\\\/#\\\/schema\\\/logo\\\/image\\\/\",\"url\":\"https:\\\/\\\/www.fopla-aabpo.ca\\\/wp-content\\\/uploads\\\/2017\\\/02\\\/FOPLA-vertical-about.png\",\"contentUrl\":\"https:\\\/\\\/www.fopla-aabpo.ca\\\/wp-content\\\/uploads\\\/2017\\\/02\\\/FOPLA-vertical-about.png\",\"width\":131,\"height\":200,\"caption\":\"Friends of the Ottawa Public Library Association\"},\"image\":{\"@id\":\"https:\\\/\\\/www.fopla-aabpo.ca\\\/fr\\\/#\\\/schema\\\/logo\\\/image\\\/\"},\"sameAs\":[\"https:\\\/\\\/www.facebook.com\\\/FOPLAAABPO\\\/\",\"https:\\\/\\\/x.com\\\/OPL_Friends\",\"https:\\\/\\\/www.instagram.com\\\/oplbpofriends\\\/\",\"https:\\\/\\\/www.linkedin.com\\\/groups\\\/3745080\\\/profile\"]}]}<\/script>\n<!-- \/ Yoast SEO plugin. -->","yoast_head_json":{"title":"Librairies de l\u2019AABPO | FOPLA-AABPO","description":"Vous cherchez un bon livre? Nos livres usag\u00e9s se vendent au meilleur prix \u00e0 Ottawa. Laissez-vous aller \u00e0 votre amour de la lecture dans l'un de nos points de vente de livres d'occasion.","robots":{"index":"index","follow":"follow","max-snippet":"max-snippet:-1","max-image-preview":"max-image-preview:large","max-video-preview":"max-video-preview:-1"},"canonical":"https:\/\/www.fopla-aabpo.ca\/fr\/librairies-de-laabpo\/","og_locale":"fr_FR","og_type":"article","og_title":"Librairies de l\u2019AABPO | FOPLA-AABPO","og_description":"Vous cherchez un bon livre? Nos livres usag\u00e9s se vendent au meilleur prix \u00e0 Ottawa. Laissez-vous aller \u00e0 votre amour de la lecture dans l'un de nos points de vente de livres d'occasion.","og_url":"https:\/\/www.fopla-aabpo.ca\/fr\/librairies-de-laabpo\/","og_site_name":"FOPLA-AABPO","article_publisher":"https:\/\/www.facebook.com\/FOPLAAABPO\/","article_modified_time":"2025-11-29T20:54:25+00:00","og_image":[{"width":776,"height":366,"url":"https:\/\/www.fopla-aabpo.ca\/wp-content\/uploads\/2017\/03\/fopla-logo-fullname.jpg","type":"image\/jpeg"}],"twitter_card":"summary_large_image","twitter_site":"@OPL_Friends","twitter_misc":{"Dur\u00e9e de lecture estim\u00e9e":"2 minutes"},"schema":{"@context":"https:\/\/schema.org","@graph":[{"@type":"WebPage","@id":"https:\/\/www.fopla-aabpo.ca\/fr\/librairies-de-laabpo\/","url":"https:\/\/www.fopla-aabpo.ca\/fr\/librairies-de-laabpo\/","name":"Librairies de l\u2019AABPO | FOPLA-AABPO","isPartOf":{"@id":"https:\/\/www.fopla-aabpo.ca\/fr\/#website"},"datePublished":"2017-04-25T15:55:10+00:00","dateModified":"2025-11-29T20:54:25+00:00","description":"Vous cherchez un bon livre? Nos livres usag\u00e9s se vendent au meilleur prix \u00e0 Ottawa. Laissez-vous aller \u00e0 votre amour de la lecture dans l'un de nos points de vente de livres d'occasion.","breadcrumb":{"@id":"https:\/\/www.fopla-aabpo.ca\/fr\/librairies-de-laabpo\/#breadcrumb"},"inLanguage":"fr-FR","potentialAction":[{"@type":"ReadAction","target":["https:\/\/www.fopla-aabpo.ca\/fr\/librairies-de-laabpo\/"]}]},{"@type":"BreadcrumbList","@id":"https:\/\/www.fopla-aabpo.ca\/fr\/librairies-de-laabpo\/#breadcrumb","itemListElement":[{"@type":"ListItem","position":1,"name":"Home","item":"https:\/\/www.fopla-aabpo.ca\/fr\/"},{"@type":"ListItem","position":2,"name":"Librairies de l\u2019AABPO"}]},{"@type":"WebSite","@id":"https:\/\/www.fopla-aabpo.ca\/fr\/#website","url":"https:\/\/www.fopla-aabpo.ca\/fr\/","name":"FOPLA-AABPO","description":"Friends of the Ottawa Public Library Association","publisher":{"@id":"https:\/\/www.fopla-aabpo.ca\/fr\/#organization"},"potentialAction":[{"@type":"SearchAction","target":{"@type":"EntryPoint","urlTemplate":"https:\/\/www.fopla-aabpo.ca\/fr\/?s={search_term_string}"},"query-input":{"@type":"PropertyValueSpecification","valueRequired":true,"valueName":"search_term_string"}}],"inLanguage":"fr-FR"},{"@type":"Organization","@id":"https:\/\/www.fopla-aabpo.ca\/fr\/#organization","name":"Friends of the Ottawa Public Library Association","url":"https:\/\/www.fopla-aabpo.ca\/fr\/","logo":{"@type":"ImageObject","inLanguage":"fr-FR","@id":"https:\/\/www.fopla-aabpo.ca\/fr\/#\/schema\/logo\/image\/","url":"https:\/\/www.fopla-aabpo.ca\/wp-content\/uploads\/2017\/02\/FOPLA-vertical-about.png","contentUrl":"https:\/\/www.fopla-aabpo.ca\/wp-content\/uploads\/2017\/02\/FOPLA-vertical-about.png","width":131,"height":200,"caption":"Friends of the Ottawa Public Library Association"},"image":{"@id":"https:\/\/www.fopla-aabpo.ca\/fr\/#\/schema\/logo\/image\/"},"sameAs":["https:\/\/www.facebook.com\/FOPLAAABPO\/","https:\/\/x.com\/OPL_Friends","https:\/\/www.instagram.com\/oplbpofriends\/","https:\/\/www.linkedin.com\/groups\/3745080\/profile"]}]}},"_links":{"self":[{"href":"https:\/\/www.fopla-aabpo.ca\/fr\/wp-json\/wp\/v2\/pages\/1640","targetHints":{"allow":["GET"]}}],"collection":[{"href":"https:\/\/www.fopla-aabpo.ca\/fr\/wp-json\/wp\/v2\/pages"}],"about":[{"href":"https:\/\/www.fopla-aabpo.ca\/fr\/wp-json\/wp\/v2\/types\/page"}],"author":[{"embeddable":true,"href":"https:\/\/www.fopla-aabpo.ca\/fr\/wp-json\/wp\/v2\/users\/1"}],"replies":[{"embeddable":true,"href":"https:\/\/www.fopla-aabpo.ca\/fr\/wp-json\/wp\/v2\/comments?post=1640"}],"version-history":[{"count":151,"href":"https:\/\/www.fopla-aabpo.ca\/fr\/wp-json\/wp\/v2\/pages\/1640\/revisions"}],"predecessor-version":[{"id":10807,"href":"https:\/\/www.fopla-aabpo.ca\/fr\/wp-json\/wp\/v2\/pages\/1640\/revisions\/10807"}],"wp:attachment":[{"href":"https:\/\/www.fopla-aabpo.ca\/fr\/wp-json\/wp\/v2\/media?parent=1640"}],"curies":[{"name":"wp","href":"https:\/\/api.w.org\/{rel}","templated":true}]}}