{"id":1788,"date":"2017-04-26T11:37:22","date_gmt":"2017-04-26T15:37:22","guid":{"rendered":"https:\/\/www.fopla-aabpo.ca\/donnez-a-laabpo\/"},"modified":"2020-06-11T14:58:34","modified_gmt":"2020-06-11T18:58:34","slug":"donnez-a-laabpo","status":"publish","type":"page","link":"https:\/\/www.fopla-aabpo.ca\/fr\/donnez-a-laabpo\/","title":{"rendered":"Donnez \u00e0 l\u2019AABPO"},"content":{"rendered":"<div class=\"fusion-fullwidth fullwidth-box fusion-builder-row-1 nonhundred-percent-fullwidth non-hundred-percent-height-scrolling\" style=\"--awb-border-radius-top-left:0px;--awb-border-radius-top-right:0px;--awb-border-radius-bottom-right:0px;--awb-border-radius-bottom-left:0px;--awb-flex-wrap:wrap;\" ><div class=\"fusion-builder-row fusion-row\"><div class=\"fusion-layout-column fusion_builder_column fusion-builder-column-0 fusion_builder_column_1_1 1_1 fusion-one-full fusion-column-first fusion-column-last\" style=\"--awb-bg-size:cover;\"><div class=\"fusion-column-wrapper fusion-flex-column-wrapper-legacy\"><div class=\"fusion-title title fusion-title-1 sep-underline sep-solid fusion-title-text fusion-title-size-one\"><h1 class=\"fusion-title-heading title-heading-left fusion-responsive-typography-calculated\" style=\"margin:0;--fontSize:34;line-height:1.4;\">Donnez \u00e0 l\u2019AABPO<\/h1><\/div><div class=\"fusion-testimonials classic fusion-testimonials-1\" style=\"--awb-textcolor:#747474;--awb-backgroundcolor:#f6f6f6;\" data-random=\"0\" data-speed=\"10000\"><div class=\"reviews\"><div class=\"review active-testimonial male\"><blockquote><q class=\"fusion-clearfix\">\n<p style=\"text-align: center;\">&lt;&lt;Sans l\u2019\u00e9quipe de b\u00e9n\u00e9voles d\u00e9vou\u00e9s de l\u2019AABPO, aucune des am\u00e9liorations apport\u00e9es aux programmes et aux succursales n\u2019aurait \u00e9t\u00e9 possible. Nous sommes reconnaissants de tout ce que les Amis font pour soutenir les programmes de la BPO dans toute la ville.&gt;&gt;<\/p>\n<\/q><\/blockquote><div class=\"author\"><span class=\"testimonial-thumbnail doe\"><\/span><span class=\"company-name\"><strong>Tim Tierney<\/strong>, <span>Pr\u00e9sident (ancien) du conseil d\u2019administration de la BPO et conseiller municipal pour le quartier Beacon Hill-Cyrville<\/span><\/span><\/div><\/div><\/div><\/div><div class=\"fusion-title title fusion-title-2 fusion-title-text fusion-title-size-two\" style=\"--awb-margin-top:30px;\"><h2 class=\"fusion-title-heading title-heading-left fusion-responsive-typography-calculated\" style=\"margin:0;--fontSize:24;line-height:1.5;\">Notre mission<\/h2><span class=\"awb-title-spacer\"><\/span><div class=\"title-sep-container\"><div class=\"title-sep sep-double sep-solid\" style=\"border-color:#e0dede;\"><\/div><\/div><\/div><div class=\"fusion-text fusion-text-1\"><p>L\u2019Association des amis de la Biblioth\u00e8que publique d\u2019Ottawa s\u2019efforce de soutenir, de promouvoir et d\u2019am\u00e9liorer les services de la Biblioth\u00e8que publique d\u2019Ottawa (BPO). L\u2019AABPO aide la BPO \u00e0 r\u00e9aliser son mandat, soit de promouvoir l\u2019alphab\u00e9tisation dans notre communaut\u00e9, en recueillant plus de 350 000 dollars chaque ann\u00e9e gr\u00e2ce \u00e0 ses activit\u00e9s de collecte de fonds.<\/p>\n<p>Les fonds recueillis par l\u2019AABPO aident \u00e0 l\u2019achat de mat\u00e9riel, l\u2019am\u00e9lioration des installations et de l\u2019\u00e9quipement et le financement des programmes et des services qui sont essentiels pour les personnes visitant la biblioth\u00e8que tous les jours.<\/p>\n<p>Au cours des cinq derni\u00e8res ann\u00e9es, l\u2019AABPO a \u00e9galement offert 85\u00a0000\u00a0dollars en <a href=\"https:\/\/www.fopla-aabpo.ca\/fr\/bourses-detudes-et-bourses-dentretien\/\">bourses d\u2019\u00e9tude<\/a> et d\u2019entretien en sciences de l&#8217;information \u00e0 l\u2019Universit\u00e9 d\u2019Ottawa et au Coll\u00e8ge\u00a0Algonquin, afin d\u2019inspirer la prochaine g\u00e9n\u00e9ration de d\u00e9fenseurs de la biblioth\u00e8que.<\/p>\n<\/div><div class=\"fusion-title title fusion-title-3 fusion-title-text fusion-title-size-two\" style=\"--awb-margin-top:30px;\"><h2 class=\"fusion-title-heading title-heading-left fusion-responsive-typography-calculated\" style=\"margin:0;--fontSize:24;line-height:1.5;\">Votre soutien compte<\/h2><span class=\"awb-title-spacer\"><\/span><div class=\"title-sep-container\"><div class=\"title-sep sep-double sep-solid\" style=\"border-color:#e0dede;\"><\/div><\/div><\/div><div class=\"fusion-text fusion-text-2\"><p>Chacun de vos dons nous aide \u00e0 soutenir la Biblioth\u00e8que publique d\u2019Ottawa et ses succursales. Soixante-dix-neuf pour cent de vos dons ont \u00e9t\u00e9 vers\u00e9s \u00e0 la BPO en 2018, ce qui signifie que la majorit\u00e9 des dons sont directement vers\u00e9s dans le r\u00e9seau des biblioth\u00e8ques publiques d\u2019Ottawa.<\/p>\n<p>Votre contribution est plus importante que jamais en cette p\u00e9riode de COVID-19. L\u2019AABPO a \u00e9t\u00e9 durement touch\u00e9e par les fermetures li\u00e9es \u00e0 la pand\u00e9mie de la COVID-19, tout comme plusieurs commerces et organisations. Toutes les boutiques de livres usag\u00e9s de l\u2019AABPO qui viennent en appui \u00e0 la BPO ont \u00e9t\u00e9 ferm\u00e9es temporairement le 14 mars 2020, en guise de pr\u00e9caution. Malgr\u00e9 tous nos efforts, notre contribution caritative \u00e0 la Biblioth\u00e8que publique d\u2019Ottawa a connu une diminution marqu\u00e9e.<\/p>\n<p>Vos dons soutiennent les programmes existants et les nouveaux programmes, la mise \u00e0 niveau n\u00e9cessaire des installations et l\u2019am\u00e9lioration des services de la BPO \u00e0 ses clients, des enfants jusqu\u2019aux personnes \u00e2g\u00e9es. Nous commanditons les concours d\u2019\u00e9criture des jeunes, la litt\u00e9ratie alimentaire et les programmes autochtones, ainsi que le nouveau mobilier dans les succursales. Vos dons aident toute la communaut\u00e9 d\u2019Ottawa.<\/p>\n<p>Voter soutien est plus important que jamais. Si vous \u00eates en mesure de faire un don \u00e0 une bonne cause, nous vous remercions sinc\u00e8rement de votre soutien continu \u00e0 la Biblioth\u00e8que publique d\u2019Ottawa.<\/p>\n<\/div><div class=\"fusion-text fusion-text-3\"><p>Si vous souhaitez faire un don, veuillez cliquer sur le bouton ci-dessous.<\/p>\n<p><strong><b class=\"b3\">Num\u00e9ro<\/b><b class=\"b2\">\u00a0d&#8217;e<\/b><b class=\"b1\">nr<\/b>egistrement\u00a0d&#8217;organisme de bienfaisance<\/strong> <strong>: 119234193 RR0001<\/strong><\/p>\n<\/div><div class=\"fusion-sep-clear\"><\/div><div class=\"fusion-separator fusion-full-width-sep\" style=\"margin-left: auto;margin-right: auto;margin-top:20px;width:100%;\"><\/div><div class=\"fusion-sep-clear\"><\/div><div class=\"fusion-button-wrapper\"><a class=\"fusion-button button-flat button-xlarge button-default fusion-button-default button-1 fusion-button-default-span fusion-button-default-type\" target=\"_blank\" rel=\"noopener noreferrer\" href=\"https:\/\/www.canadahelps.org\/dn\/30513\"><span class=\"fusion-button-icon-divider button-icon-divider-left\"><i class=\" fa fa-credit-card-alt\" aria-hidden=\"true\"><\/i><\/span><span class=\"fusion-button-text fusion-button-text-left\">Donnez maintenant<\/span><\/a><\/div><div class=\"fusion-sep-clear\"><\/div><div class=\"fusion-separator fusion-full-width-sep\" style=\"margin-left: auto;margin-right: auto;margin-top:20px;margin-bottom:20px;width:100%;\"><\/div><div class=\"fusion-sep-clear\"><\/div><div class=\"fusion-title title fusion-title-4 fusion-sep-none fusion-title-text fusion-title-size-three\"><h3 class=\"fusion-title-heading title-heading-left fusion-responsive-typography-calculated\" style=\"margin:0;--fontSize:18;--minFontSize:18;line-height:1.5;\">Le ratio de frais de gestion (2018)<\/h3><\/div><div class=\"fusion-counters-circle counters-circle\" data-animationOffset=\"top-into-view\"><div class=\"counter-circle-wrapper\" style=\"--awb-font-size:50px;--awb-size:220px;\" data-originalsize=\"220\"><div class=\"fusion-counter-circle counter-circle counter-circle-content\" data-percent=\"74\" data-countdown=\"\" data-filledcolor=\"rgba(226,52,107,1)\" data-unfilledcolor=\"rgba(246,246,246,1)\" data-scale=\"\" data-size=\"220\" data-speed=\"1500\" data-strokesize=\"11\"><div class=\"fusion-counter-circle-content-inner\">D\u00e9penses \u00e0 la Biblioth\u00e8que publique d&#8217;Ottawa 74%<\/div><\/div><\/div><div class=\"counter-circle-wrapper\" style=\"--awb-font-size:45.454545454545px;--awb-size:200px;\" data-originalsize=\"200\"><div class=\"fusion-counter-circle counter-circle counter-circle-content\" data-percent=\"16\" data-countdown=\"\" data-filledcolor=\"rgba(226,52,107,1)\" data-unfilledcolor=\"rgba(246,246,246,1)\" data-scale=\"\" data-size=\"200\" data-speed=\"1500\" data-strokesize=\"10\"><div class=\"fusion-counter-circle-content-inner\">Administration et gestion 16%<\/div><\/div><\/div><div class=\"counter-circle-wrapper\" style=\"--awb-font-size:45.454545454545px;--awb-size:200px;\" data-originalsize=\"200\"><div class=\"fusion-counter-circle counter-circle counter-circle-content\" data-percent=\"5\" data-countdown=\"\" data-filledcolor=\"rgba(226,52,107,1)\" data-unfilledcolor=\"rgba(246,246,246,1)\" data-scale=\"\" data-size=\"200\" data-speed=\"1500\" data-strokesize=\"10\"><div class=\"fusion-counter-circle-content-inner\">Programme de bienfaisance et collecte de fonds 5 %<\/div><\/div><\/div><\/div><div class=\"fusion-clearfix\"><\/div><\/div><\/div><\/div><\/div>\n","protected":false},"excerpt":{"rendered":"","protected":false},"author":1,"featured_media":0,"parent":0,"menu_order":340,"comment_status":"closed","ping_status":"closed","template":"","meta":{"footnotes":"","_links_to":"","_links_to_target":""},"class_list":["post-1788","page","type-page","status-publish","hentry"],"yoast_head":"<!-- This site is optimized with the Yoast SEO plugin v27.3 - https:\/\/yoast.com\/product\/yoast-seo-wordpress\/ -->\n<title>Donnez \u00e0 l\u2019AABPO | FOPLA-AABPO<\/title>\n<meta name=\"description\" content=\"Chaque don que vous faites nous aide \u00e0 appuyer la Biblioth\u00e8que publique d\u2019Ottawa.\" \/>\n<meta name=\"robots\" content=\"index, follow, max-snippet:-1, max-image-preview:large, max-video-preview:-1\" \/>\n<link rel=\"canonical\" href=\"https:\/\/www.fopla-aabpo.ca\/fr\/donnez-a-laabpo\/\" \/>\n<meta property=\"og:locale\" content=\"fr_FR\" \/>\n<meta property=\"og:type\" content=\"article\" \/>\n<meta property=\"og:title\" content=\"Donnez \u00e0 l\u2019AABPO | FOPLA-AABPO\" \/>\n<meta property=\"og:description\" content=\"Chaque don que vous faites nous aide \u00e0 appuyer la Biblioth\u00e8que publique d\u2019Ottawa.\" \/>\n<meta property=\"og:url\" content=\"https:\/\/www.fopla-aabpo.ca\/fr\/donnez-a-laabpo\/\" \/>\n<meta property=\"og:site_name\" content=\"FOPLA-AABPO\" \/>\n<meta property=\"article:publisher\" content=\"https:\/\/www.facebook.com\/FOPLAAABPO\/\" \/>\n<meta property=\"article:modified_time\" content=\"2020-06-11T18:58:34+00:00\" \/>\n<meta property=\"og:image\" content=\"https:\/\/www.fopla-aabpo.ca\/wp-content\/uploads\/2017\/03\/fopla-logo-fullname.jpg\" \/>\n\t<meta property=\"og:image:width\" content=\"776\" \/>\n\t<meta property=\"og:image:height\" content=\"366\" \/>\n\t<meta property=\"og:image:type\" content=\"image\/jpeg\" \/>\n<meta name=\"twitter:card\" content=\"summary_large_image\" \/>\n<meta name=\"twitter:site\" content=\"@OPL_Friends\" \/>\n<meta name=\"twitter:label1\" content=\"Dur\u00e9e de lecture estim\u00e9e\" \/>\n\t<meta name=\"twitter:data1\" content=\"6 minutes\" \/>\n<script type=\"application\/ld+json\" class=\"yoast-schema-graph\">{\"@context\":\"https:\\\/\\\/schema.org\",\"@graph\":[{\"@type\":\"WebPage\",\"@id\":\"https:\\\/\\\/www.fopla-aabpo.ca\\\/fr\\\/donnez-a-laabpo\\\/\",\"url\":\"https:\\\/\\\/www.fopla-aabpo.ca\\\/fr\\\/donnez-a-laabpo\\\/\",\"name\":\"Donnez \u00e0 l\u2019AABPO | FOPLA-AABPO\",\"isPartOf\":{\"@id\":\"https:\\\/\\\/www.fopla-aabpo.ca\\\/fr\\\/#website\"},\"datePublished\":\"2017-04-26T15:37:22+00:00\",\"dateModified\":\"2020-06-11T18:58:34+00:00\",\"description\":\"Chaque don que vous faites nous aide \u00e0 appuyer la Biblioth\u00e8que publique d\u2019Ottawa.\",\"breadcrumb\":{\"@id\":\"https:\\\/\\\/www.fopla-aabpo.ca\\\/fr\\\/donnez-a-laabpo\\\/#breadcrumb\"},\"inLanguage\":\"fr-FR\",\"potentialAction\":[{\"@type\":\"ReadAction\",\"target\":[\"https:\\\/\\\/www.fopla-aabpo.ca\\\/fr\\\/donnez-a-laabpo\\\/\"]}]},{\"@type\":\"BreadcrumbList\",\"@id\":\"https:\\\/\\\/www.fopla-aabpo.ca\\\/fr\\\/donnez-a-laabpo\\\/#breadcrumb\",\"itemListElement\":[{\"@type\":\"ListItem\",\"position\":1,\"name\":\"Home\",\"item\":\"https:\\\/\\\/www.fopla-aabpo.ca\\\/fr\\\/\"},{\"@type\":\"ListItem\",\"position\":2,\"name\":\"Donnez \u00e0 l\u2019AABPO\"}]},{\"@type\":\"WebSite\",\"@id\":\"https:\\\/\\\/www.fopla-aabpo.ca\\\/fr\\\/#website\",\"url\":\"https:\\\/\\\/www.fopla-aabpo.ca\\\/fr\\\/\",\"name\":\"FOPLA-AABPO\",\"description\":\"Friends of the Ottawa Public Library Association\",\"publisher\":{\"@id\":\"https:\\\/\\\/www.fopla-aabpo.ca\\\/fr\\\/#organization\"},\"potentialAction\":[{\"@type\":\"SearchAction\",\"target\":{\"@type\":\"EntryPoint\",\"urlTemplate\":\"https:\\\/\\\/www.fopla-aabpo.ca\\\/fr\\\/?s={search_term_string}\"},\"query-input\":{\"@type\":\"PropertyValueSpecification\",\"valueRequired\":true,\"valueName\":\"search_term_string\"}}],\"inLanguage\":\"fr-FR\"},{\"@type\":\"Organization\",\"@id\":\"https:\\\/\\\/www.fopla-aabpo.ca\\\/fr\\\/#organization\",\"name\":\"Friends of the Ottawa Public Library Association\",\"url\":\"https:\\\/\\\/www.fopla-aabpo.ca\\\/fr\\\/\",\"logo\":{\"@type\":\"ImageObject\",\"inLanguage\":\"fr-FR\",\"@id\":\"https:\\\/\\\/www.fopla-aabpo.ca\\\/fr\\\/#\\\/schema\\\/logo\\\/image\\\/\",\"url\":\"https:\\\/\\\/www.fopla-aabpo.ca\\\/wp-content\\\/uploads\\\/2017\\\/02\\\/FOPLA-vertical-about.png\",\"contentUrl\":\"https:\\\/\\\/www.fopla-aabpo.ca\\\/wp-content\\\/uploads\\\/2017\\\/02\\\/FOPLA-vertical-about.png\",\"width\":131,\"height\":200,\"caption\":\"Friends of the Ottawa Public Library Association\"},\"image\":{\"@id\":\"https:\\\/\\\/www.fopla-aabpo.ca\\\/fr\\\/#\\\/schema\\\/logo\\\/image\\\/\"},\"sameAs\":[\"https:\\\/\\\/www.facebook.com\\\/FOPLAAABPO\\\/\",\"https:\\\/\\\/x.com\\\/OPL_Friends\",\"https:\\\/\\\/www.instagram.com\\\/oplbpofriends\\\/\",\"https:\\\/\\\/www.linkedin.com\\\/groups\\\/3745080\\\/profile\"]}]}<\/script>\n<!-- \/ Yoast SEO plugin. -->","yoast_head_json":{"title":"Donnez \u00e0 l\u2019AABPO | FOPLA-AABPO","description":"Chaque don que vous faites nous aide \u00e0 appuyer la Biblioth\u00e8que publique d\u2019Ottawa.","robots":{"index":"index","follow":"follow","max-snippet":"max-snippet:-1","max-image-preview":"max-image-preview:large","max-video-preview":"max-video-preview:-1"},"canonical":"https:\/\/www.fopla-aabpo.ca\/fr\/donnez-a-laabpo\/","og_locale":"fr_FR","og_type":"article","og_title":"Donnez \u00e0 l\u2019AABPO | FOPLA-AABPO","og_description":"Chaque don que vous faites nous aide \u00e0 appuyer la Biblioth\u00e8que publique d\u2019Ottawa.","og_url":"https:\/\/www.fopla-aabpo.ca\/fr\/donnez-a-laabpo\/","og_site_name":"FOPLA-AABPO","article_publisher":"https:\/\/www.facebook.com\/FOPLAAABPO\/","article_modified_time":"2020-06-11T18:58:34+00:00","og_image":[{"width":776,"height":366,"url":"https:\/\/www.fopla-aabpo.ca\/wp-content\/uploads\/2017\/03\/fopla-logo-fullname.jpg","type":"image\/jpeg"}],"twitter_card":"summary_large_image","twitter_site":"@OPL_Friends","twitter_misc":{"Dur\u00e9e de lecture estim\u00e9e":"6 minutes"},"schema":{"@context":"https:\/\/schema.org","@graph":[{"@type":"WebPage","@id":"https:\/\/www.fopla-aabpo.ca\/fr\/donnez-a-laabpo\/","url":"https:\/\/www.fopla-aabpo.ca\/fr\/donnez-a-laabpo\/","name":"Donnez \u00e0 l\u2019AABPO | FOPLA-AABPO","isPartOf":{"@id":"https:\/\/www.fopla-aabpo.ca\/fr\/#website"},"datePublished":"2017-04-26T15:37:22+00:00","dateModified":"2020-06-11T18:58:34+00:00","description":"Chaque don que vous faites nous aide \u00e0 appuyer la Biblioth\u00e8que publique d\u2019Ottawa.","breadcrumb":{"@id":"https:\/\/www.fopla-aabpo.ca\/fr\/donnez-a-laabpo\/#breadcrumb"},"inLanguage":"fr-FR","potentialAction":[{"@type":"ReadAction","target":["https:\/\/www.fopla-aabpo.ca\/fr\/donnez-a-laabpo\/"]}]},{"@type":"BreadcrumbList","@id":"https:\/\/www.fopla-aabpo.ca\/fr\/donnez-a-laabpo\/#breadcrumb","itemListElement":[{"@type":"ListItem","position":1,"name":"Home","item":"https:\/\/www.fopla-aabpo.ca\/fr\/"},{"@type":"ListItem","position":2,"name":"Donnez \u00e0 l\u2019AABPO"}]},{"@type":"WebSite","@id":"https:\/\/www.fopla-aabpo.ca\/fr\/#website","url":"https:\/\/www.fopla-aabpo.ca\/fr\/","name":"FOPLA-AABPO","description":"Friends of the Ottawa Public Library Association","publisher":{"@id":"https:\/\/www.fopla-aabpo.ca\/fr\/#organization"},"potentialAction":[{"@type":"SearchAction","target":{"@type":"EntryPoint","urlTemplate":"https:\/\/www.fopla-aabpo.ca\/fr\/?s={search_term_string}"},"query-input":{"@type":"PropertyValueSpecification","valueRequired":true,"valueName":"search_term_string"}}],"inLanguage":"fr-FR"},{"@type":"Organization","@id":"https:\/\/www.fopla-aabpo.ca\/fr\/#organization","name":"Friends of the Ottawa Public Library Association","url":"https:\/\/www.fopla-aabpo.ca\/fr\/","logo":{"@type":"ImageObject","inLanguage":"fr-FR","@id":"https:\/\/www.fopla-aabpo.ca\/fr\/#\/schema\/logo\/image\/","url":"https:\/\/www.fopla-aabpo.ca\/wp-content\/uploads\/2017\/02\/FOPLA-vertical-about.png","contentUrl":"https:\/\/www.fopla-aabpo.ca\/wp-content\/uploads\/2017\/02\/FOPLA-vertical-about.png","width":131,"height":200,"caption":"Friends of the Ottawa Public Library Association"},"image":{"@id":"https:\/\/www.fopla-aabpo.ca\/fr\/#\/schema\/logo\/image\/"},"sameAs":["https:\/\/www.facebook.com\/FOPLAAABPO\/","https:\/\/x.com\/OPL_Friends","https:\/\/www.instagram.com\/oplbpofriends\/","https:\/\/www.linkedin.com\/groups\/3745080\/profile"]}]}},"_links":{"self":[{"href":"https:\/\/www.fopla-aabpo.ca\/fr\/wp-json\/wp\/v2\/pages\/1788","targetHints":{"allow":["GET"]}}],"collection":[{"href":"https:\/\/www.fopla-aabpo.ca\/fr\/wp-json\/wp\/v2\/pages"}],"about":[{"href":"https:\/\/www.fopla-aabpo.ca\/fr\/wp-json\/wp\/v2\/types\/page"}],"author":[{"embeddable":true,"href":"https:\/\/www.fopla-aabpo.ca\/fr\/wp-json\/wp\/v2\/users\/1"}],"replies":[{"embeddable":true,"href":"https:\/\/www.fopla-aabpo.ca\/fr\/wp-json\/wp\/v2\/comments?post=1788"}],"version-history":[{"count":37,"href":"https:\/\/www.fopla-aabpo.ca\/fr\/wp-json\/wp\/v2\/pages\/1788\/revisions"}],"predecessor-version":[{"id":8616,"href":"https:\/\/www.fopla-aabpo.ca\/fr\/wp-json\/wp\/v2\/pages\/1788\/revisions\/8616"}],"wp:attachment":[{"href":"https:\/\/www.fopla-aabpo.ca\/fr\/wp-json\/wp\/v2\/media?parent=1788"}],"curies":[{"name":"wp","href":"https:\/\/api.w.org\/{rel}","templated":true}]}}