{"id":1976,"date":"2017-05-03T14:44:41","date_gmt":"2017-05-03T18:44:41","guid":{"rendered":"https:\/\/www.fopla-aabpo.ca\/bevevole\/"},"modified":"2025-09-25T17:31:10","modified_gmt":"2025-09-25T21:31:10","slug":"benevole","status":"publish","type":"page","link":"https:\/\/www.fopla-aabpo.ca\/fr\/benevole\/","title":{"rendered":"B\u00e9n\u00e9vole"},"content":{"rendered":"<div class=\"fusion-fullwidth fullwidth-box fusion-builder-row-1 nonhundred-percent-fullwidth non-hundred-percent-height-scrolling\" style=\"--awb-border-radius-top-left:0px;--awb-border-radius-top-right:0px;--awb-border-radius-bottom-right:0px;--awb-border-radius-bottom-left:0px;--awb-flex-wrap:wrap;\" ><div class=\"fusion-builder-row fusion-row\"><div class=\"fusion-layout-column fusion_builder_column fusion-builder-column-0 fusion_builder_column_1_1 1_1 fusion-one-full fusion-column-first fusion-column-last\" style=\"--awb-bg-size:cover;\"><div class=\"fusion-column-wrapper fusion-flex-column-wrapper-legacy\"><div class=\"fusion-title title fusion-title-1 sep-underline sep-solid fusion-title-text fusion-title-size-one\"><h1 class=\"fusion-title-heading title-heading-left fusion-responsive-typography-calculated\" style=\"margin:0;--fontSize:34;line-height:1.4;\">B\u00e9n\u00e9vole<\/h1><\/div><div class=\"fusion-text fusion-text-1\"><p>Nous avons la chance de b\u00e9n\u00e9ficier du soutien de plus de 300 b\u00e9n\u00e9voles comp\u00e9tents qui contribuent au bon fonctionnement de nos librairies de livres usag\u00e9s \u00e0 Ottawa. En fait, l\u2019AABPO est administr\u00e9e \u00e0 99\u00a0% par des b\u00e9n\u00e9voles qui croient en la valeur d\u2019une biblioth\u00e8que publique solide au sein de leur communaut\u00e9.<\/p>\n<p>Nos b\u00e9n\u00e9voles sont de fervents lecteurs, des d\u00e9fenseurs de la biblioth\u00e8que et des membres de notre communaut\u00e9 qui aiment prendre part \u00e0 une activit\u00e9 b\u00e9n\u00e9vole gratifiante. Si tu te reconnais, consulte les offres ci-dessous et pr\u00e9sente ta candidature d\u00e8s aujourd\u2019hui.<\/p>\n<\/div><div class=\"fusion-image-carousel fusion-image-carousel-auto fusion-image-carousel-1 fusion-carousel-border\"><div class=\"awb-carousel awb-swiper awb-swiper-carousel\" data-autoplay=\"no\" data-columns=\"3\" data-itemmargin=\"13\" data-itemwidth=\"180\" data-touchscroll=\"no\" data-imagesize=\"auto\" style=\"--awb-columns:3;\"><div class=\"swiper-wrapper awb-image-carousel-wrapper fusion-flex-align-items-center\"><div class=\"swiper-slide\"><div class=\"fusion-carousel-item-wrapper\"><div class=\"fusion-image-wrapper hover-type-none\"><img decoding=\"async\" width=\"960\" height=\"540\" src=\"https:\/\/www.fopla-aabpo.ca\/wp-content\/uploads\/2018\/06\/CCloutier_BagBlitz.jpg\" class=\"attachment-full size-full\" alt=\"B\u00e9n\u00e9vole de l&#039;AABPO\" srcset=\"https:\/\/www.fopla-aabpo.ca\/wp-content\/uploads\/2018\/06\/CCloutier_BagBlitz-200x113.jpg 200w, https:\/\/www.fopla-aabpo.ca\/wp-content\/uploads\/2018\/06\/CCloutier_BagBlitz-400x225.jpg 400w, https:\/\/www.fopla-aabpo.ca\/wp-content\/uploads\/2018\/06\/CCloutier_BagBlitz-600x338.jpg 600w, https:\/\/www.fopla-aabpo.ca\/wp-content\/uploads\/2018\/06\/CCloutier_BagBlitz-800x450.jpg 800w, https:\/\/www.fopla-aabpo.ca\/wp-content\/uploads\/2018\/06\/CCloutier_BagBlitz.jpg 960w\" sizes=\"(min-width: 2200px) 100vw, (min-width: 794px) 391px, (min-width: 717px) 587px, (min-width: 640px) 717px, \" \/><\/div><\/div><\/div><div class=\"swiper-slide\"><div class=\"fusion-carousel-item-wrapper\"><div class=\"fusion-image-wrapper hover-type-none\"><img decoding=\"async\" width=\"1920\" height=\"1080\" src=\"https:\/\/www.fopla-aabpo.ca\/wp-content\/uploads\/2017\/03\/volunteers-2.jpg\" class=\"attachment-full size-full\" alt=\"\" srcset=\"https:\/\/www.fopla-aabpo.ca\/wp-content\/uploads\/2017\/03\/volunteers-2-200x113.jpg 200w, https:\/\/www.fopla-aabpo.ca\/wp-content\/uploads\/2017\/03\/volunteers-2-400x225.jpg 400w, https:\/\/www.fopla-aabpo.ca\/wp-content\/uploads\/2017\/03\/volunteers-2-600x338.jpg 600w, https:\/\/www.fopla-aabpo.ca\/wp-content\/uploads\/2017\/03\/volunteers-2-800x450.jpg 800w, https:\/\/www.fopla-aabpo.ca\/wp-content\/uploads\/2017\/03\/volunteers-2-1200x675.jpg 1200w, https:\/\/www.fopla-aabpo.ca\/wp-content\/uploads\/2017\/03\/volunteers-2.jpg 1920w\" sizes=\"(min-width: 2200px) 100vw, (min-width: 794px) 391px, (min-width: 717px) 587px, (min-width: 640px) 717px, \" \/><\/div><\/div><\/div><div class=\"swiper-slide\"><div class=\"fusion-carousel-item-wrapper\"><div class=\"fusion-image-wrapper hover-type-none\"><img decoding=\"async\" width=\"960\" height=\"540\" src=\"https:\/\/www.fopla-aabpo.ca\/wp-content\/uploads\/2019\/01\/FOPLA-Volunteer.jpg\" class=\"attachment-full size-full\" alt=\"B\u00e9n\u00e9vole de l&#039;AABPO\" srcset=\"https:\/\/www.fopla-aabpo.ca\/wp-content\/uploads\/2019\/01\/FOPLA-Volunteer-200x113.jpg 200w, https:\/\/www.fopla-aabpo.ca\/wp-content\/uploads\/2019\/01\/FOPLA-Volunteer-400x225.jpg 400w, https:\/\/www.fopla-aabpo.ca\/wp-content\/uploads\/2019\/01\/FOPLA-Volunteer-600x338.jpg 600w, https:\/\/www.fopla-aabpo.ca\/wp-content\/uploads\/2019\/01\/FOPLA-Volunteer-800x450.jpg 800w, https:\/\/www.fopla-aabpo.ca\/wp-content\/uploads\/2019\/01\/FOPLA-Volunteer.jpg 960w\" sizes=\"(min-width: 2200px) 100vw, (min-width: 794px) 391px, (min-width: 717px) 587px, (min-width: 640px) 717px, \" \/><\/div><\/div><\/div><\/div><div class=\"awb-swiper-button awb-swiper-button-prev\"><i class=\"awb-icon-angle-left\" aria-hidden=\"true\"><\/i><\/div><div class=\"awb-swiper-button awb-swiper-button-next\"><i class=\"awb-icon-angle-right\" aria-hidden=\"true\"><\/i><\/div><\/div><\/div><div class=\"fusion-title title fusion-title-2 fusion-title-text fusion-title-size-two\" style=\"--awb-margin-top:40px;\"><h2 class=\"fusion-title-heading title-heading-left fusion-responsive-typography-calculated\" style=\"margin:0;--fontSize:24;line-height:1.5;\">Les avantages du b\u00e9n\u00e9volat<\/h2><span class=\"awb-title-spacer\"><\/span><div class=\"title-sep-container\"><div class=\"title-sep sep-double sep-solid\" style=\"border-color:#e0dede;\"><\/div><\/div><\/div><ul style=\"--awb-size:16px;--awb-line-height:27.2px;--awb-icon-width:27.2px;--awb-icon-height:27.2px;--awb-icon-margin:11.2px;--awb-content-margin:38.4px;--awb-circlecolor:#e2346b;--awb-circle-yes-font-size:14.08px;\" class=\"fusion-checklist fusion-checklist-1 fusion-checklist-default type-icons\"><li class=\"fusion-li-item\" style=\"\"><span class=\"icon-wrapper circle-yes\"><i class=\"fusion-li-icon fa-book-open fas\" aria-hidden=\"true\"><\/i><\/span><div class=\"fusion-li-item-content\">\n<p>Rencontrer de nouvelles personnes de votre communaut\u00e9<\/p>\n<\/div><\/li><li class=\"fusion-li-item\" style=\"\"><span class=\"icon-wrapper circle-yes\"><i class=\"fusion-li-icon fa-book-open fas\" aria-hidden=\"true\"><\/i><\/span><div class=\"fusion-li-item-content\">\n<p>Doit \u00eatre \u00e2g\u00e9 de 18 ans ou plus<\/p>\n<\/div><\/li><li class=\"fusion-li-item\" style=\"\"><span class=\"icon-wrapper circle-yes\"><i class=\"fusion-li-icon fa-book-open fas\" aria-hidden=\"true\"><\/i><\/span><div class=\"fusion-li-item-content\">\n<p>Avoir acc\u00e8s \u00e0 notre marchandise de livres usag\u00e9s r\u00e9guli\u00e8rement renouvel\u00e9e<\/p>\n<\/div><\/li><li class=\"fusion-li-item\" style=\"\"><span class=\"icon-wrapper circle-yes\"><i class=\"fusion-li-icon fa-book-open fas\" aria-hidden=\"true\"><\/i><\/span><div class=\"fusion-li-item-content\">\n<p>Soutenir directement la Biblioth\u00e8que publique d\u2019Ottawa gr\u00e2ce \u00e0 votre travail b\u00e9n\u00e9vole<\/p>\n<\/div><\/li><li class=\"fusion-li-item\" style=\"\"><span class=\"icon-wrapper circle-yes\"><i class=\"fusion-li-icon fa-book-open fas\" aria-hidden=\"true\"><\/i><\/span><div class=\"fusion-li-item-content\">\n<p>Gagnez de l&#8217;exp\u00e9rience de b\u00e9n\u00e9volat et des r\u00e9f\u00e9rences\u00a0 pour votre CV<\/p>\n<\/div><\/li><\/ul><div class=\"fusion-title title fusion-title-3 fusion-title-text fusion-title-size-two\" style=\"--awb-margin-top:40px;\"><h2 class=\"fusion-title-heading title-heading-left fusion-responsive-typography-calculated\" style=\"margin:0;--fontSize:24;line-height:1.5;\">Est-ce que c\u2019est pour moi?<\/h2><span class=\"awb-title-spacer\"><\/span><div class=\"title-sep-container\"><div class=\"title-sep sep-double sep-solid\" style=\"border-color:#e0dede;\"><\/div><\/div><\/div><div class=\"fusion-text fusion-text-2\"><p>Si tu souhaites devenir b\u00e9n\u00e9vole aupr\u00e8s de l\u2019AABPO, tu dois satisfaire aux quelques crit\u00e8res de base exig\u00e9s de la part de tous les b\u00e9n\u00e9voles\u00a0:<\/p>\n<\/div><ul style=\"--awb-size:16px;--awb-line-height:27.2px;--awb-icon-width:27.2px;--awb-icon-height:27.2px;--awb-icon-margin:11.2px;--awb-content-margin:38.4px;--awb-circlecolor:#e2346b;--awb-circle-yes-font-size:14.08px;\" class=\"fusion-checklist fusion-checklist-2 fusion-checklist-default type-icons\"><li class=\"fusion-li-item\" style=\"\"><span class=\"icon-wrapper circle-yes\"><i class=\"fusion-li-icon fa-book-open fas\" aria-hidden=\"true\"><\/i><\/span><div class=\"fusion-li-item-content\">\n<p>Faire preuve de courtoisie lors de toute interaction avec les clients et le personnel de la biblioth\u00e8que<\/p>\n<\/div><\/li><li class=\"fusion-li-item\" style=\"\"><span class=\"icon-wrapper circle-yes\"><i class=\"fusion-li-icon fa-book-open fas\" aria-hidden=\"true\"><\/i><\/span><div class=\"fusion-li-item-content\">\n<p>Avoir la capacit\u00e9 physique \u00e0 d\u00e9placer et soulever des bo\u00eetes de livres (\u00e0 moins d\u2019indication contraire)<\/p>\n<\/div><\/li><li class=\"fusion-li-item\" style=\"\"><span class=\"icon-wrapper circle-yes\"><i class=\"fusion-li-icon fa-book-open fas\" aria-hidden=\"true\"><\/i><\/span><div class=\"fusion-li-item-content\">\n<p>Ma\u00eetriser l\u2019anglais, la ma\u00eetrise de toute autre langue est un atout<\/p>\n<\/div><\/li><li class=\"fusion-li-item\" style=\"\"><span class=\"icon-wrapper circle-yes\"><i class=\"fusion-li-icon fa-book-open fas\" aria-hidden=\"true\"><\/i><\/span><div class=\"fusion-li-item-content\">\n<p>Poss\u00e9der des connaissances du monde litt\u00e9raire et aimer la lecture et des livres<\/p>\n<\/div><\/li><li class=\"fusion-li-item\" style=\"\"><span class=\"icon-wrapper circle-yes\"><i class=\"fusion-li-icon fa-book-open fas\" aria-hidden=\"true\"><\/i><\/span><div class=\"fusion-li-item-content\">\n<p>Avoir acc\u00e8s \u00e0 une adresse courriel pour les communications<\/p>\n<\/div><\/li><\/ul><div class=\"fusion-sep-clear\"><\/div><div class=\"fusion-separator fusion-full-width-sep\" style=\"margin-left: auto;margin-right: auto;margin-top:30px;width:100%;\"><\/div><div class=\"fusion-sep-clear\"><\/div><div class=\"fusion-title title fusion-title-4 fusion-title-text fusion-title-size-two\"><h2 class=\"fusion-title-heading title-heading-left fusion-responsive-typography-calculated\" style=\"margin:0;--fontSize:24;line-height:1.5;\">Opportunities b\u00e9n\u00e9voles<\/h2><span class=\"awb-title-spacer\"><\/span><div class=\"title-sep-container\"><div class=\"title-sep sep-double sep-solid\" style=\"border-color:#e0dede;\"><\/div><\/div><\/div><div class=\"fusion-text fusion-text-3\"><p>Toujours int\u00e9ress\u00e9(e) par un travail b\u00e9n\u00e9vole \u00e0 la biblioth\u00e8que? Consulte les offres actuelles ci-dessous, ou\u00a0<a href=\"https:\/\/www.fopla-aabpo.ca\/fr\/pour-nous-joindre\/\">communique avec nous\u00a0<\/a>pour en savoir plus.<\/p>\n<\/div><style type='text\/css'>.reading-box-container-1 .element-bottomshadow:before,.reading-box-container-1 .element-bottomshadow:after{opacity:0.70;}<\/style><div class=\"fusion-reading-box-container reading-box-container-1\" style=\"--awb-title-color:#2e2f2f;--awb-margin-top:15px;--awb-margin-bottom:15px;\"><div class=\"reading-box\" style=\"background-color:#f6f6f6;border-width:1px;border-color:#f6f6f6;border-left-width:3px;border-left-color:var(--primary_color);border-style:solid;\"><a class=\"button fusion-button button-default fusion-button-default-size button-default-size button-flat fusion-desktop-button fusion-tagline-button continue fusion-desktop-button-margin continue-right\" style=\"-webkit-box-shadow:none;-moz-box-shadow:none;box-shadow:none;border-radius:2px 2px 2px 2px\" href=\"https:\/\/www.fopla-aabpo.ca\/fr\/bevevole\/formulaire-dinscription-pour-benevole\/\" target=\"_self\"><span>PR\u00c9SENTEZ VOTRE CANDIDATURE<\/span><\/a><h2>General Interest<\/h2><div class=\"reading-box-description fusion-reading-box-additional\">Int\u00e9ress\u00e9 \u00e0 faire du b\u00e9n\u00e9volat pour l\u2019AABPO? Postulez ici pour des renseignements g\u00e9n\u00e9raux. <\/div><div class=\"fusion-clearfix\"><\/div><a class=\"button fusion-button button-default fusion-button-default-size button-default-size button-flat fusion-mobile-button continue-right\" style=\"-webkit-box-shadow:none;-moz-box-shadow:none;box-shadow:none;border-radius:2px 2px 2px 2px\" href=\"https:\/\/www.fopla-aabpo.ca\/fr\/bevevole\/formulaire-dinscription-pour-benevole\/\" target=\"_self\"><span>PR\u00c9SENTEZ VOTRE CANDIDATURE<\/span><\/a><\/div><\/div><div class=\"fusion-clearfix\"><\/div><\/div><\/div><\/div><\/div>\n","protected":false},"excerpt":{"rendered":"","protected":false},"author":1,"featured_media":0,"parent":0,"menu_order":310,"comment_status":"closed","ping_status":"closed","template":"","meta":{"footnotes":"","_links_to":"","_links_to_target":""},"class_list":["post-1976","page","type-page","status-publish","hentry"],"yoast_head":"<!-- This site is optimized with the Yoast SEO plugin v27.4 - https:\/\/yoast.com\/product\/yoast-seo-wordpress\/ -->\n<title>Offrir de votre temps et faire du b\u00e9n\u00e9volat avec l\u2019AABPO<\/title>\n<meta name=\"description\" content=\"L\u2019AABPO compte sur une \u00e9quipe de plus de 300 b\u00e9n\u00e9voles qui s\u2019occupent des librairies, et assument des fonctions au sein du conseil d\u2019administration.\" \/>\n<meta name=\"robots\" content=\"index, follow, max-snippet:-1, max-image-preview:large, max-video-preview:-1\" \/>\n<link rel=\"canonical\" href=\"https:\/\/www.fopla-aabpo.ca\/fr\/benevole\/\" \/>\n<meta property=\"og:locale\" content=\"fr_FR\" \/>\n<meta property=\"og:type\" content=\"article\" \/>\n<meta property=\"og:title\" content=\"Offrir de votre temps et faire du b\u00e9n\u00e9volat avec l\u2019AABPO\" \/>\n<meta property=\"og:description\" content=\"L\u2019AABPO compte sur une \u00e9quipe de plus de 300 b\u00e9n\u00e9voles qui s\u2019occupent des librairies, et assument des fonctions au sein du conseil d\u2019administration.\" \/>\n<meta property=\"og:url\" content=\"https:\/\/www.fopla-aabpo.ca\/fr\/benevole\/\" \/>\n<meta property=\"og:site_name\" content=\"FOPLA-AABPO\" \/>\n<meta property=\"article:publisher\" content=\"https:\/\/www.facebook.com\/FOPLAAABPO\/\" \/>\n<meta property=\"article:modified_time\" content=\"2025-09-25T21:31:10+00:00\" \/>\n<meta property=\"og:image\" content=\"https:\/\/www.fopla-aabpo.ca\/wp-content\/uploads\/2017\/03\/fopla-logo-fullname.jpg\" \/>\n\t<meta property=\"og:image:width\" content=\"776\" \/>\n\t<meta property=\"og:image:height\" content=\"366\" \/>\n\t<meta property=\"og:image:type\" content=\"image\/jpeg\" \/>\n<meta name=\"twitter:card\" content=\"summary_large_image\" \/>\n<meta name=\"twitter:site\" content=\"@OPL_Friends\" \/>\n<meta name=\"twitter:label1\" content=\"Dur\u00e9e de lecture estim\u00e9e\" \/>\n\t<meta name=\"twitter:data1\" content=\"4 minutes\" \/>\n<script type=\"application\/ld+json\" class=\"yoast-schema-graph\">{\"@context\":\"https:\\\/\\\/schema.org\",\"@graph\":[{\"@type\":\"WebPage\",\"@id\":\"https:\\\/\\\/www.fopla-aabpo.ca\\\/fr\\\/benevole\\\/\",\"url\":\"https:\\\/\\\/www.fopla-aabpo.ca\\\/fr\\\/benevole\\\/\",\"name\":\"Offrir de votre temps et faire du b\u00e9n\u00e9volat avec l\u2019AABPO\",\"isPartOf\":{\"@id\":\"https:\\\/\\\/www.fopla-aabpo.ca\\\/fr\\\/#website\"},\"datePublished\":\"2017-05-03T18:44:41+00:00\",\"dateModified\":\"2025-09-25T21:31:10+00:00\",\"description\":\"L\u2019AABPO compte sur une \u00e9quipe de plus de 300 b\u00e9n\u00e9voles qui s\u2019occupent des librairies, et assument des fonctions au sein du conseil d\u2019administration.\",\"breadcrumb\":{\"@id\":\"https:\\\/\\\/www.fopla-aabpo.ca\\\/fr\\\/benevole\\\/#breadcrumb\"},\"inLanguage\":\"fr-FR\",\"potentialAction\":[{\"@type\":\"ReadAction\",\"target\":[\"https:\\\/\\\/www.fopla-aabpo.ca\\\/fr\\\/benevole\\\/\"]}]},{\"@type\":\"BreadcrumbList\",\"@id\":\"https:\\\/\\\/www.fopla-aabpo.ca\\\/fr\\\/benevole\\\/#breadcrumb\",\"itemListElement\":[{\"@type\":\"ListItem\",\"position\":1,\"name\":\"Home\",\"item\":\"https:\\\/\\\/www.fopla-aabpo.ca\\\/fr\\\/\"},{\"@type\":\"ListItem\",\"position\":2,\"name\":\"B\u00e9n\u00e9vole\"}]},{\"@type\":\"WebSite\",\"@id\":\"https:\\\/\\\/www.fopla-aabpo.ca\\\/fr\\\/#website\",\"url\":\"https:\\\/\\\/www.fopla-aabpo.ca\\\/fr\\\/\",\"name\":\"FOPLA-AABPO\",\"description\":\"Friends of the Ottawa Public Library Association\",\"publisher\":{\"@id\":\"https:\\\/\\\/www.fopla-aabpo.ca\\\/fr\\\/#organization\"},\"potentialAction\":[{\"@type\":\"SearchAction\",\"target\":{\"@type\":\"EntryPoint\",\"urlTemplate\":\"https:\\\/\\\/www.fopla-aabpo.ca\\\/fr\\\/?s={search_term_string}\"},\"query-input\":{\"@type\":\"PropertyValueSpecification\",\"valueRequired\":true,\"valueName\":\"search_term_string\"}}],\"inLanguage\":\"fr-FR\"},{\"@type\":\"Organization\",\"@id\":\"https:\\\/\\\/www.fopla-aabpo.ca\\\/fr\\\/#organization\",\"name\":\"Friends of the Ottawa Public Library Association\",\"url\":\"https:\\\/\\\/www.fopla-aabpo.ca\\\/fr\\\/\",\"logo\":{\"@type\":\"ImageObject\",\"inLanguage\":\"fr-FR\",\"@id\":\"https:\\\/\\\/www.fopla-aabpo.ca\\\/fr\\\/#\\\/schema\\\/logo\\\/image\\\/\",\"url\":\"https:\\\/\\\/www.fopla-aabpo.ca\\\/wp-content\\\/uploads\\\/2017\\\/02\\\/FOPLA-vertical-about.png\",\"contentUrl\":\"https:\\\/\\\/www.fopla-aabpo.ca\\\/wp-content\\\/uploads\\\/2017\\\/02\\\/FOPLA-vertical-about.png\",\"width\":131,\"height\":200,\"caption\":\"Friends of the Ottawa Public Library Association\"},\"image\":{\"@id\":\"https:\\\/\\\/www.fopla-aabpo.ca\\\/fr\\\/#\\\/schema\\\/logo\\\/image\\\/\"},\"sameAs\":[\"https:\\\/\\\/www.facebook.com\\\/FOPLAAABPO\\\/\",\"https:\\\/\\\/x.com\\\/OPL_Friends\",\"https:\\\/\\\/www.instagram.com\\\/oplbpofriends\\\/\",\"https:\\\/\\\/www.linkedin.com\\\/groups\\\/3745080\\\/profile\"]}]}<\/script>\n<!-- \/ Yoast SEO plugin. -->","yoast_head_json":{"title":"Offrir de votre temps et faire du b\u00e9n\u00e9volat avec l\u2019AABPO","description":"L\u2019AABPO compte sur une \u00e9quipe de plus de 300 b\u00e9n\u00e9voles qui s\u2019occupent des librairies, et assument des fonctions au sein du conseil d\u2019administration.","robots":{"index":"index","follow":"follow","max-snippet":"max-snippet:-1","max-image-preview":"max-image-preview:large","max-video-preview":"max-video-preview:-1"},"canonical":"https:\/\/www.fopla-aabpo.ca\/fr\/benevole\/","og_locale":"fr_FR","og_type":"article","og_title":"Offrir de votre temps et faire du b\u00e9n\u00e9volat avec l\u2019AABPO","og_description":"L\u2019AABPO compte sur une \u00e9quipe de plus de 300 b\u00e9n\u00e9voles qui s\u2019occupent des librairies, et assument des fonctions au sein du conseil d\u2019administration.","og_url":"https:\/\/www.fopla-aabpo.ca\/fr\/benevole\/","og_site_name":"FOPLA-AABPO","article_publisher":"https:\/\/www.facebook.com\/FOPLAAABPO\/","article_modified_time":"2025-09-25T21:31:10+00:00","og_image":[{"width":776,"height":366,"url":"https:\/\/www.fopla-aabpo.ca\/wp-content\/uploads\/2017\/03\/fopla-logo-fullname.jpg","type":"image\/jpeg"}],"twitter_card":"summary_large_image","twitter_site":"@OPL_Friends","twitter_misc":{"Dur\u00e9e de lecture estim\u00e9e":"4 minutes"},"schema":{"@context":"https:\/\/schema.org","@graph":[{"@type":"WebPage","@id":"https:\/\/www.fopla-aabpo.ca\/fr\/benevole\/","url":"https:\/\/www.fopla-aabpo.ca\/fr\/benevole\/","name":"Offrir de votre temps et faire du b\u00e9n\u00e9volat avec l\u2019AABPO","isPartOf":{"@id":"https:\/\/www.fopla-aabpo.ca\/fr\/#website"},"datePublished":"2017-05-03T18:44:41+00:00","dateModified":"2025-09-25T21:31:10+00:00","description":"L\u2019AABPO compte sur une \u00e9quipe de plus de 300 b\u00e9n\u00e9voles qui s\u2019occupent des librairies, et assument des fonctions au sein du conseil d\u2019administration.","breadcrumb":{"@id":"https:\/\/www.fopla-aabpo.ca\/fr\/benevole\/#breadcrumb"},"inLanguage":"fr-FR","potentialAction":[{"@type":"ReadAction","target":["https:\/\/www.fopla-aabpo.ca\/fr\/benevole\/"]}]},{"@type":"BreadcrumbList","@id":"https:\/\/www.fopla-aabpo.ca\/fr\/benevole\/#breadcrumb","itemListElement":[{"@type":"ListItem","position":1,"name":"Home","item":"https:\/\/www.fopla-aabpo.ca\/fr\/"},{"@type":"ListItem","position":2,"name":"B\u00e9n\u00e9vole"}]},{"@type":"WebSite","@id":"https:\/\/www.fopla-aabpo.ca\/fr\/#website","url":"https:\/\/www.fopla-aabpo.ca\/fr\/","name":"FOPLA-AABPO","description":"Friends of the Ottawa Public Library Association","publisher":{"@id":"https:\/\/www.fopla-aabpo.ca\/fr\/#organization"},"potentialAction":[{"@type":"SearchAction","target":{"@type":"EntryPoint","urlTemplate":"https:\/\/www.fopla-aabpo.ca\/fr\/?s={search_term_string}"},"query-input":{"@type":"PropertyValueSpecification","valueRequired":true,"valueName":"search_term_string"}}],"inLanguage":"fr-FR"},{"@type":"Organization","@id":"https:\/\/www.fopla-aabpo.ca\/fr\/#organization","name":"Friends of the Ottawa Public Library Association","url":"https:\/\/www.fopla-aabpo.ca\/fr\/","logo":{"@type":"ImageObject","inLanguage":"fr-FR","@id":"https:\/\/www.fopla-aabpo.ca\/fr\/#\/schema\/logo\/image\/","url":"https:\/\/www.fopla-aabpo.ca\/wp-content\/uploads\/2017\/02\/FOPLA-vertical-about.png","contentUrl":"https:\/\/www.fopla-aabpo.ca\/wp-content\/uploads\/2017\/02\/FOPLA-vertical-about.png","width":131,"height":200,"caption":"Friends of the Ottawa Public Library Association"},"image":{"@id":"https:\/\/www.fopla-aabpo.ca\/fr\/#\/schema\/logo\/image\/"},"sameAs":["https:\/\/www.facebook.com\/FOPLAAABPO\/","https:\/\/x.com\/OPL_Friends","https:\/\/www.instagram.com\/oplbpofriends\/","https:\/\/www.linkedin.com\/groups\/3745080\/profile"]}]}},"_links":{"self":[{"href":"https:\/\/www.fopla-aabpo.ca\/fr\/wp-json\/wp\/v2\/pages\/1976","targetHints":{"allow":["GET"]}}],"collection":[{"href":"https:\/\/www.fopla-aabpo.ca\/fr\/wp-json\/wp\/v2\/pages"}],"about":[{"href":"https:\/\/www.fopla-aabpo.ca\/fr\/wp-json\/wp\/v2\/types\/page"}],"author":[{"embeddable":true,"href":"https:\/\/www.fopla-aabpo.ca\/fr\/wp-json\/wp\/v2\/users\/1"}],"replies":[{"embeddable":true,"href":"https:\/\/www.fopla-aabpo.ca\/fr\/wp-json\/wp\/v2\/comments?post=1976"}],"version-history":[{"count":259,"href":"https:\/\/www.fopla-aabpo.ca\/fr\/wp-json\/wp\/v2\/pages\/1976\/revisions"}],"predecessor-version":[{"id":10769,"href":"https:\/\/www.fopla-aabpo.ca\/fr\/wp-json\/wp\/v2\/pages\/1976\/revisions\/10769"}],"wp:attachment":[{"href":"https:\/\/www.fopla-aabpo.ca\/fr\/wp-json\/wp\/v2\/media?parent=1976"}],"curies":[{"name":"wp","href":"https:\/\/api.w.org\/{rel}","templated":true}]}}