{"id":2045,"date":"2017-05-03T15:17:34","date_gmt":"2017-05-03T19:17:34","guid":{"rendered":"https:\/\/www.fopla-aabpo.ca\/devenez-membre\/"},"modified":"2021-10-25T08:25:40","modified_gmt":"2021-10-25T12:25:40","slug":"devenez-membre","status":"publish","type":"page","link":"https:\/\/www.fopla-aabpo.ca\/fr\/devenez-membre\/","title":{"rendered":"Devenez membre"},"content":{"rendered":"<div class=\"fusion-fullwidth fullwidth-box fusion-builder-row-1 nonhundred-percent-fullwidth non-hundred-percent-height-scrolling\" style=\"--awb-border-radius-top-left:0px;--awb-border-radius-top-right:0px;--awb-border-radius-bottom-right:0px;--awb-border-radius-bottom-left:0px;--awb-flex-wrap:wrap;\" ><div class=\"fusion-builder-row fusion-row\"><div class=\"fusion-layout-column fusion_builder_column fusion-builder-column-0 fusion_builder_column_1_1 1_1 fusion-one-full fusion-column-first fusion-column-last\" style=\"--awb-bg-size:cover;\"><div class=\"fusion-column-wrapper fusion-flex-column-wrapper-legacy\"><div class=\"fusion-title title fusion-title-1 sep-underline sep-solid fusion-title-text fusion-title-size-one\"><h1 class=\"fusion-title-heading title-heading-left fusion-responsive-typography-calculated\" style=\"margin:0;--fontSize:34;line-height:1.4;\">Devenez membre<\/h1><\/div><div class=\"fusion-text fusion-text-1\"><p>Si vous souhaitez aider les Amis \u00e0 r\u00e9aliser leur mission qui est d\u2019am\u00e9liorer les biblioth\u00e8ques publiques d\u2019Ottawa, mais que vous ne pouvez pas offrir de votre temps, vous pouvez toujours nous aider en devenant membre. L\u2019adh\u00e9sion en tant que membre est une excellente option pour les membres de la communaut\u00e9\u00a0qui\u00a0:<\/p>\n<\/div><div class=\"fusion-text fusion-text-2\"><p style=\"margin-bottom: 20px;\">_<\/p>\n<ul style=\"--awb-size:13px;--awb-line-height:22.1px;--awb-icon-width:22.1px;--awb-icon-height:22.1px;--awb-icon-margin:9.1px;--awb-content-margin:31.2px;--awb-circlecolor:#e2346b;--awb-circle-yes-font-size:11.44px;\" class=\"fusion-checklist fusion-checklist-1 fusion-checklist-default type-icons\"><li class=\"fusion-li-item\" style=\"\"><span class=\"icon-wrapper circle-yes\"><i class=\"fusion-li-icon fa fa-book\" aria-hidden=\"true\"><\/i><\/span><div class=\"fusion-li-item-content\">Croient en la valeur de l\u2019alphab\u00e9tisme et l\u2019apprentissage publics.<\/div><\/li><li class=\"fusion-li-item\" style=\"\"><span class=\"icon-wrapper circle-yes\"><i class=\"fusion-li-icon fa fa-book\" aria-hidden=\"true\"><\/i><\/span><div class=\"fusion-li-item-content\">Aiment les biblioth\u00e8ques publiques d\u2019Ottawa et souhaitent leur croissance.<\/div><\/li><li class=\"fusion-li-item\" style=\"\"><span class=\"icon-wrapper circle-yes\"><i class=\"fusion-li-icon fa fa-book\" aria-hidden=\"true\"><\/i><\/span><div class=\"fusion-li-item-content\">Voudraient appuyer leur biblioth\u00e8que locale.<\/div><\/li><\/ul>\n<\/div><div class=\"fusion-text fusion-text-3\"><p>Gr\u00e2ce \u00e0 nos initiatives de lev\u00e9e de fonds et de sensibilisation et \u00e0 nos nombreux endroits de vente de livres usag\u00e9s \u00e0 Ottawa, l\u2019AABPO est devenue l\u2019un des plus importants groupes d\u2019amis de biblioth\u00e8que au Canada. Nous croyons fermement au soutien et \u00e0 la promotion de la participation communautaire; nos efforts sont vou\u00e9s \u00e0 la Biblioth\u00e8que publique d\u2019Ottawa. Joignez-vous \u00e0 nous en tant que membre d\u00e8s aujourd\u2019hui et faites partie d\u2019un groupe de plus en plus grand de personnes qui soutiennent nos biblioth\u00e8ques publiques et favorisent l\u2019apprentissage tout au long de la vie dans notre communaut\u00e9.<\/p>\n<\/div><div class=\"fusion-title title fusion-title-2 sep-underline sep-solid fusion-title-text fusion-title-size-two\"><h2 class=\"fusion-title-heading title-heading-left fusion-responsive-typography-calculated\" style=\"margin:0;--fontSize:24;line-height:1.5;\">Niveaux d\u2019adh\u00e9sion<\/h2><\/div><style type='text\/css'>\n\t\t\t\t.pricing-table-1 .panel-container, .pricing-table-1 .standout .panel-container,\n\t\t\t\t.pricing-table-1.full-boxed-pricing {background-color:#f8f8f8;}\n\t\t\t\t.pricing-table-1 .list-group .list-group-item,\n\t\t\t\t.pricing-table-1 .list-group .list-group-item:last-child{background-color:#ffffff; border-color:#ededed;}\n\t\t\t\t.pricing-table-1.full-boxed-pricing .panel-wrapper:hover .panel-heading,\n\t\t\t\t.pricing-table-1 .panel-wrapper:hover .list-group-item {background-color:#f8f8f8;}\n\t\t\t\t.pricing-table-1.full-boxed-pricing .panel-heading{background-color:#ffffff;}\n\t\t\t\t.pricing-table-1 .fusion-panel, .pricing-table-1 .panel-wrapper:last-child .fusion-panel,\n\t\t\t\t.pricing-table-1 .standout .fusion-panel, .pricing-table-1  .panel-heading,\n\t\t\t\t.pricing-table-1 .panel-body, .pricing-table-1 .panel-footer{border-color:#ededed;}\n\t\t\t\t.pricing-table-1 .panel-body,.pricing-table-1 .panel-footer{background-color:#f8f8f8;}\n\t\t\t\t.pricing-table-1.sep-boxed-pricing .panel-heading h3{color:#ffffff;}\n\t\t\t\t.pricing-table-1.full-boxed-pricing.fusion-pricing-table .panel-heading h3{color:#ffffff;}\n\t\t\t\t.pricing-table-1.fusion-pricing-table .panel-body .price .decimal-part{color:#b2d34a;}\n\t\t\t\t.pricing-table-1.fusion-pricing-table .panel-body .price .integer-part{color:#b2d34a;}\n\t\t\t\t.pricing-table-1 ul.list-group li{color:#747474;}\n\t\t\t\t<\/style><div class=\"fusion-pricing-table pricing-table-1 sep-boxed-pricing row fusion-columns-2 columns-2 fusion-clearfix\"><div class=\"panel-wrapper fusion-column column col-lg-6 col-md-6 col-sm-6 fusion-pricingtable-column\"><div class=\"panel-container\"><div class=\"fusion-panel\"><div class=\"panel-heading\"><h3 class=\"title-row\">Individuel (1 an)<\/h3><\/div><div class=\"panel-body pricing-row\"><div class=\"price price-with-decimal\"><span class=\"currency\">$<\/span><span class=\"integer-part\">25<\/span><sup class=\"decimal-part\">00<\/sup><span class=\"time\">par ann\u00e9e<\/span><\/div><\/div><ul class=\"list-group\"><li class=\"list-group-item normal-row\">Pleins avantages aux membres (voir ci-dessous)<\/li><\/ul><div class=\"panel-footer footer-row\"><div class=\"fusion-button-wrapper\"><a class=\"fusion-button button-flat fusion-button-default-size button-default fusion-button-default button-1 fusion-button-default-span fusion-button-default-type\" target=\"_self\" href=\"https:\/\/www.canadahelps.org\/dn\/30512\"><span class=\"fusion-button-text\">Joignez-vous \u00e0 nous<\/span><\/a><\/div><\/div><\/div><\/div><\/div><div class=\"panel-wrapper fusion-column column col-lg-6 col-md-6 col-sm-6 fusion-pricingtable-column\"><div class=\"panel-container\"><div class=\"fusion-panel\"><div class=\"panel-heading\"><h3 class=\"title-row\">Individuel (2 ans)<\/h3><\/div><div class=\"panel-body pricing-row\"><div class=\"price price-with-decimal\"><span class=\"currency\">$<\/span><span class=\"integer-part\">45<\/span><sup class=\"decimal-part\">00<\/sup><span class=\"time\">tous les 2 ans<\/span><\/div><\/div><ul class=\"list-group\"><li class=\"list-group-item normal-row\">Pleins avantages aux membres (voir ci-dessous)<\/li><\/ul><div class=\"panel-footer footer-row\"><div class=\"fusion-button-wrapper\"><a class=\"fusion-button button-flat fusion-button-default-size button-default fusion-button-default button-2 fusion-button-default-span fusion-button-default-type\" target=\"_self\" href=\"https:\/\/www.canadahelps.org\/dn\/30512\"><span class=\"fusion-button-text\">Joignez-vous \u00e0 nous<\/span><\/a><\/div><\/div><\/div><\/div><\/div><\/div><style type='text\/css'>\n\t\t\t\t.pricing-table-2 .panel-container, .pricing-table-2 .standout .panel-container,\n\t\t\t\t.pricing-table-2.full-boxed-pricing {background-color:#f8f8f8;}\n\t\t\t\t.pricing-table-2 .list-group .list-group-item,\n\t\t\t\t.pricing-table-2 .list-group .list-group-item:last-child{background-color:#ffffff; border-color:#ededed;}\n\t\t\t\t.pricing-table-2.full-boxed-pricing .panel-wrapper:hover .panel-heading,\n\t\t\t\t.pricing-table-2 .panel-wrapper:hover .list-group-item {background-color:#f8f8f8;}\n\t\t\t\t.pricing-table-2.full-boxed-pricing .panel-heading{background-color:#ffffff;}\n\t\t\t\t.pricing-table-2 .fusion-panel, .pricing-table-2 .panel-wrapper:last-child .fusion-panel,\n\t\t\t\t.pricing-table-2 .standout .fusion-panel, .pricing-table-2  .panel-heading,\n\t\t\t\t.pricing-table-2 .panel-body, .pricing-table-2 .panel-footer{border-color:#ededed;}\n\t\t\t\t.pricing-table-2 .panel-body,.pricing-table-2 .panel-footer{background-color:#f8f8f8;}\n\t\t\t\t.pricing-table-2.sep-boxed-pricing .panel-heading h3{color:#ffffff;}\n\t\t\t\t.pricing-table-2.full-boxed-pricing.fusion-pricing-table .panel-heading h3{color:#ffffff;}\n\t\t\t\t.pricing-table-2.fusion-pricing-table .panel-body .price .decimal-part{color:#b2d34a;}\n\t\t\t\t.pricing-table-2.fusion-pricing-table .panel-body .price .integer-part{color:#b2d34a;}\n\t\t\t\t.pricing-table-2 ul.list-group li{color:#747474;}\n\t\t\t\t<\/style><div class=\"fusion-pricing-table pricing-table-2 sep-boxed-pricing row fusion-columns-2 columns-2 fusion-clearfix\"><div class=\"panel-wrapper fusion-column column col-lg-6 col-md-6 col-sm-6 fusion-pricingtable-column\"><div class=\"panel-container\"><div class=\"fusion-panel\"><div class=\"panel-heading\"><h3 class=\"title-row\">Dur\u00e9e de vie (par personne)<\/h3><\/div><div class=\"panel-body pricing-row\"><div class=\"price price-with-decimal\"><span class=\"currency\">$<\/span><span class=\"integer-part\">250<\/span><sup class=\"decimal-part\">00<\/sup><span class=\"time\">une fois<\/span><\/div><\/div><ul class=\"list-group\"><li class=\"list-group-item normal-row\">Pleins avantages aux membres (voir ci-dessous)<\/li><\/ul><div class=\"panel-footer footer-row\"><div class=\"fusion-button-wrapper\"><a class=\"fusion-button button-flat fusion-button-default-size button-default fusion-button-default button-3 fusion-button-default-span fusion-button-default-type\" target=\"_self\" href=\"https:\/\/www.canadahelps.org\/dn\/30512\"><span class=\"fusion-button-text\">Joignez-vous \u00e0 nous<\/span><\/a><\/div><\/div><\/div><\/div><\/div><div class=\"panel-wrapper fusion-column column col-lg-6 col-md-6 col-sm-6 fusion-pricingtable-column\"><div class=\"panel-container\"><div class=\"fusion-panel\"><div class=\"panel-heading\"><h3 class=\"title-row\">G\u00e9n\u00e9ral (par organisation)<\/h3><\/div><div class=\"panel-body pricing-row\"><div class=\"price price-with-decimal\"><span class=\"currency\">$<\/span><span class=\"integer-part\">500<\/span><sup class=\"decimal-part\">00<\/sup><span class=\"time\">par ann\u00e9e<\/span><\/div><\/div><ul class=\"list-group\"><li class=\"list-group-item normal-row\">Pleins avantages aux membres (voir ci-dessous)<\/li><\/ul><div class=\"panel-footer footer-row\"><div class=\"fusion-button-wrapper\"><a class=\"fusion-button button-flat fusion-button-default-size button-default fusion-button-default button-4 fusion-button-default-span fusion-button-default-type\" target=\"_self\" href=\"https:\/\/www.canadahelps.org\/dn\/30512\"><span class=\"fusion-button-text\">Joignez-vous \u00e0 nous<\/span><\/a><\/div><\/div><\/div><\/div><\/div><\/div><div class=\"fusion-title title fusion-title-3 sep-underline sep-solid fusion-title-text fusion-title-size-two\"><h2 class=\"fusion-title-heading title-heading-left fusion-responsive-typography-calculated\" style=\"margin:0;--fontSize:24;line-height:1.5;\">Pleins avantages aux membres<\/h2><\/div><div class=\"fusion-text fusion-text-4\"><p>Nous comprenons que nos membres souhaitent \u00eatre tenus inform\u00e9s, et qu\u2019ils veulent aussi faire entendre leurs voix. Les avantages pour nos membres incluent\u00a0:<\/p>\n<\/div><div class=\"fusion-text fusion-text-5\"><ul style=\"--awb-size:13px;--awb-line-height:22.1px;--awb-icon-width:22.1px;--awb-icon-height:22.1px;--awb-icon-margin:9.1px;--awb-content-margin:31.2px;--awb-circlecolor:#e2346b;--awb-circle-yes-font-size:11.44px;\" class=\"fusion-checklist fusion-checklist-2 fusion-checklist-default type-icons\"><li class=\"fusion-li-item\" style=\"\"><span class=\"icon-wrapper circle-yes\"><i class=\"fusion-li-icon fa fa-book\" aria-hidden=\"true\"><\/i><\/span><div class=\"fusion-li-item-content\">Une carte de membre de l\u2019AABPO<\/div><\/li><li class=\"fusion-li-item\" style=\"\"><span class=\"icon-wrapper circle-yes\"><i class=\"fusion-li-icon fa fa-book\" aria-hidden=\"true\"><\/i><\/span><div class=\"fusion-li-item-content\">De devenir un intervenant officiel de l\u2019AABPO<\/div><\/li><li class=\"fusion-li-item\" style=\"\"><span class=\"icon-wrapper circle-yes\"><i class=\"fusion-li-icon fa fa-book\" aria-hidden=\"true\"><\/i><\/span><div class=\"fusion-li-item-content\">Des droits de vote \u00e0 l\u2019assembl\u00e9e g\u00e9n\u00e9rale annuelle<\/div><\/li><li class=\"fusion-li-item\" style=\"\"><span class=\"icon-wrapper circle-yes\"><i class=\"fusion-li-icon fa fa-book\" aria-hidden=\"true\"><\/i><\/span><div class=\"fusion-li-item-content\">Un abonnement au bulletin num\u00e9rique bimensuel de l\u2019AABPO<\/div><\/li><li class=\"fusion-li-item\" style=\"\"><span class=\"icon-wrapper circle-yes\"><i class=\"fusion-li-icon fa fa-book\" aria-hidden=\"true\"><\/i><\/span><div class=\"fusion-li-item-content\">Un bon d\u2019achat valant 10\u00a0% de votre adh\u00e9sion \u00e0 d\u00e9penser dans les <a href=\"http:\/\/8d8.9b1.myftpupload.com\/locations\/\">librairies de livres usag\u00e9s<\/a> de l\u2019AABPO<\/div><\/li><li class=\"fusion-li-item\" style=\"\"><span class=\"icon-wrapper circle-yes\"><i class=\"fusion-li-icon fa fa-book\" aria-hidden=\"true\"><\/i><\/span><div class=\"fusion-li-item-content\">Un re\u00e7u officiel pour vos droits d\u2019adh\u00e9sion<\/div><\/li><li class=\"fusion-li-item\" style=\"\"><span class=\"icon-wrapper circle-yes\"><i class=\"fusion-li-icon fa fa-book\" aria-hidden=\"true\"><\/i><\/span><div class=\"fusion-li-item-content\">Des tarifs r\u00e9duits pour les <a href=\"http:\/\/www.volunteerottawa.ca\/\">ateliers de B\u00e9n\u00e9voles Ottawa<\/a><\/div><\/li><\/ul>\n<\/div><div class=\"fusion-clearfix\"><\/div><\/div><\/div><\/div><\/div>\n","protected":false},"excerpt":{"rendered":"","protected":false},"author":1,"featured_media":0,"parent":0,"menu_order":330,"comment_status":"closed","ping_status":"closed","template":"","meta":{"footnotes":"","_links_to":"","_links_to_target":""},"class_list":["post-2045","page","type-page","status-publish","hentry"],"yoast_head":"<!-- This site is optimized with the Yoast SEO plugin v27.4 - https:\/\/yoast.com\/product\/yoast-seo-wordpress\/ -->\n<title>Devenez membre | FOPLA-AABPO<\/title>\n<meta name=\"description\" content=\"Joignez-vous \u00e0 nous en tant que membre d\u00e8s aujourd\u2019hui et faites partie d\u2019un groupe de plus en plus grand de personnes qui soutiennent nos biblioth\u00e8ques publiques.\" \/>\n<meta name=\"robots\" content=\"index, follow, max-snippet:-1, max-image-preview:large, max-video-preview:-1\" \/>\n<link rel=\"canonical\" href=\"https:\/\/www.fopla-aabpo.ca\/fr\/devenez-membre\/\" \/>\n<meta property=\"og:locale\" content=\"fr_FR\" \/>\n<meta property=\"og:type\" content=\"article\" \/>\n<meta property=\"og:title\" content=\"Devenez membre | FOPLA-AABPO\" \/>\n<meta property=\"og:description\" content=\"Joignez-vous \u00e0 nous en tant que membre d\u00e8s aujourd\u2019hui et faites partie d\u2019un groupe de plus en plus grand de personnes qui soutiennent nos biblioth\u00e8ques publiques.\" \/>\n<meta property=\"og:url\" content=\"https:\/\/www.fopla-aabpo.ca\/fr\/devenez-membre\/\" \/>\n<meta property=\"og:site_name\" content=\"FOPLA-AABPO\" \/>\n<meta property=\"article:publisher\" content=\"https:\/\/www.facebook.com\/FOPLAAABPO\/\" \/>\n<meta property=\"article:modified_time\" content=\"2021-10-25T12:25:40+00:00\" \/>\n<meta property=\"og:image\" content=\"https:\/\/www.fopla-aabpo.ca\/wp-content\/uploads\/2017\/03\/fopla-logo-fullname.jpg\" \/>\n\t<meta property=\"og:image:width\" content=\"776\" \/>\n\t<meta property=\"og:image:height\" content=\"366\" \/>\n\t<meta property=\"og:image:type\" content=\"image\/jpeg\" \/>\n<meta name=\"twitter:card\" content=\"summary_large_image\" \/>\n<meta name=\"twitter:site\" content=\"@OPL_Friends\" \/>\n<meta name=\"twitter:label1\" content=\"Dur\u00e9e de lecture estim\u00e9e\" \/>\n\t<meta name=\"twitter:data1\" content=\"6 minutes\" \/>\n<script type=\"application\/ld+json\" class=\"yoast-schema-graph\">{\"@context\":\"https:\\\/\\\/schema.org\",\"@graph\":[{\"@type\":\"WebPage\",\"@id\":\"https:\\\/\\\/www.fopla-aabpo.ca\\\/fr\\\/devenez-membre\\\/\",\"url\":\"https:\\\/\\\/www.fopla-aabpo.ca\\\/fr\\\/devenez-membre\\\/\",\"name\":\"Devenez membre | FOPLA-AABPO\",\"isPartOf\":{\"@id\":\"https:\\\/\\\/www.fopla-aabpo.ca\\\/fr\\\/#website\"},\"datePublished\":\"2017-05-03T19:17:34+00:00\",\"dateModified\":\"2021-10-25T12:25:40+00:00\",\"description\":\"Joignez-vous \u00e0 nous en tant que membre d\u00e8s aujourd\u2019hui et faites partie d\u2019un groupe de plus en plus grand de personnes qui soutiennent nos biblioth\u00e8ques publiques.\",\"breadcrumb\":{\"@id\":\"https:\\\/\\\/www.fopla-aabpo.ca\\\/fr\\\/devenez-membre\\\/#breadcrumb\"},\"inLanguage\":\"fr-FR\",\"potentialAction\":[{\"@type\":\"ReadAction\",\"target\":[\"https:\\\/\\\/www.fopla-aabpo.ca\\\/fr\\\/devenez-membre\\\/\"]}]},{\"@type\":\"BreadcrumbList\",\"@id\":\"https:\\\/\\\/www.fopla-aabpo.ca\\\/fr\\\/devenez-membre\\\/#breadcrumb\",\"itemListElement\":[{\"@type\":\"ListItem\",\"position\":1,\"name\":\"Home\",\"item\":\"https:\\\/\\\/www.fopla-aabpo.ca\\\/fr\\\/\"},{\"@type\":\"ListItem\",\"position\":2,\"name\":\"Devenez membre\"}]},{\"@type\":\"WebSite\",\"@id\":\"https:\\\/\\\/www.fopla-aabpo.ca\\\/fr\\\/#website\",\"url\":\"https:\\\/\\\/www.fopla-aabpo.ca\\\/fr\\\/\",\"name\":\"FOPLA-AABPO\",\"description\":\"Friends of the Ottawa Public Library Association\",\"publisher\":{\"@id\":\"https:\\\/\\\/www.fopla-aabpo.ca\\\/fr\\\/#organization\"},\"potentialAction\":[{\"@type\":\"SearchAction\",\"target\":{\"@type\":\"EntryPoint\",\"urlTemplate\":\"https:\\\/\\\/www.fopla-aabpo.ca\\\/fr\\\/?s={search_term_string}\"},\"query-input\":{\"@type\":\"PropertyValueSpecification\",\"valueRequired\":true,\"valueName\":\"search_term_string\"}}],\"inLanguage\":\"fr-FR\"},{\"@type\":\"Organization\",\"@id\":\"https:\\\/\\\/www.fopla-aabpo.ca\\\/fr\\\/#organization\",\"name\":\"Friends of the Ottawa Public Library Association\",\"url\":\"https:\\\/\\\/www.fopla-aabpo.ca\\\/fr\\\/\",\"logo\":{\"@type\":\"ImageObject\",\"inLanguage\":\"fr-FR\",\"@id\":\"https:\\\/\\\/www.fopla-aabpo.ca\\\/fr\\\/#\\\/schema\\\/logo\\\/image\\\/\",\"url\":\"https:\\\/\\\/www.fopla-aabpo.ca\\\/wp-content\\\/uploads\\\/2017\\\/02\\\/FOPLA-vertical-about.png\",\"contentUrl\":\"https:\\\/\\\/www.fopla-aabpo.ca\\\/wp-content\\\/uploads\\\/2017\\\/02\\\/FOPLA-vertical-about.png\",\"width\":131,\"height\":200,\"caption\":\"Friends of the Ottawa Public Library Association\"},\"image\":{\"@id\":\"https:\\\/\\\/www.fopla-aabpo.ca\\\/fr\\\/#\\\/schema\\\/logo\\\/image\\\/\"},\"sameAs\":[\"https:\\\/\\\/www.facebook.com\\\/FOPLAAABPO\\\/\",\"https:\\\/\\\/x.com\\\/OPL_Friends\",\"https:\\\/\\\/www.instagram.com\\\/oplbpofriends\\\/\",\"https:\\\/\\\/www.linkedin.com\\\/groups\\\/3745080\\\/profile\"]}]}<\/script>\n<!-- \/ Yoast SEO plugin. -->","yoast_head_json":{"title":"Devenez membre | FOPLA-AABPO","description":"Joignez-vous \u00e0 nous en tant que membre d\u00e8s aujourd\u2019hui et faites partie d\u2019un groupe de plus en plus grand de personnes qui soutiennent nos biblioth\u00e8ques publiques.","robots":{"index":"index","follow":"follow","max-snippet":"max-snippet:-1","max-image-preview":"max-image-preview:large","max-video-preview":"max-video-preview:-1"},"canonical":"https:\/\/www.fopla-aabpo.ca\/fr\/devenez-membre\/","og_locale":"fr_FR","og_type":"article","og_title":"Devenez membre | FOPLA-AABPO","og_description":"Joignez-vous \u00e0 nous en tant que membre d\u00e8s aujourd\u2019hui et faites partie d\u2019un groupe de plus en plus grand de personnes qui soutiennent nos biblioth\u00e8ques publiques.","og_url":"https:\/\/www.fopla-aabpo.ca\/fr\/devenez-membre\/","og_site_name":"FOPLA-AABPO","article_publisher":"https:\/\/www.facebook.com\/FOPLAAABPO\/","article_modified_time":"2021-10-25T12:25:40+00:00","og_image":[{"width":776,"height":366,"url":"https:\/\/www.fopla-aabpo.ca\/wp-content\/uploads\/2017\/03\/fopla-logo-fullname.jpg","type":"image\/jpeg"}],"twitter_card":"summary_large_image","twitter_site":"@OPL_Friends","twitter_misc":{"Dur\u00e9e de lecture estim\u00e9e":"6 minutes"},"schema":{"@context":"https:\/\/schema.org","@graph":[{"@type":"WebPage","@id":"https:\/\/www.fopla-aabpo.ca\/fr\/devenez-membre\/","url":"https:\/\/www.fopla-aabpo.ca\/fr\/devenez-membre\/","name":"Devenez membre | FOPLA-AABPO","isPartOf":{"@id":"https:\/\/www.fopla-aabpo.ca\/fr\/#website"},"datePublished":"2017-05-03T19:17:34+00:00","dateModified":"2021-10-25T12:25:40+00:00","description":"Joignez-vous \u00e0 nous en tant que membre d\u00e8s aujourd\u2019hui et faites partie d\u2019un groupe de plus en plus grand de personnes qui soutiennent nos biblioth\u00e8ques publiques.","breadcrumb":{"@id":"https:\/\/www.fopla-aabpo.ca\/fr\/devenez-membre\/#breadcrumb"},"inLanguage":"fr-FR","potentialAction":[{"@type":"ReadAction","target":["https:\/\/www.fopla-aabpo.ca\/fr\/devenez-membre\/"]}]},{"@type":"BreadcrumbList","@id":"https:\/\/www.fopla-aabpo.ca\/fr\/devenez-membre\/#breadcrumb","itemListElement":[{"@type":"ListItem","position":1,"name":"Home","item":"https:\/\/www.fopla-aabpo.ca\/fr\/"},{"@type":"ListItem","position":2,"name":"Devenez membre"}]},{"@type":"WebSite","@id":"https:\/\/www.fopla-aabpo.ca\/fr\/#website","url":"https:\/\/www.fopla-aabpo.ca\/fr\/","name":"FOPLA-AABPO","description":"Friends of the Ottawa Public Library Association","publisher":{"@id":"https:\/\/www.fopla-aabpo.ca\/fr\/#organization"},"potentialAction":[{"@type":"SearchAction","target":{"@type":"EntryPoint","urlTemplate":"https:\/\/www.fopla-aabpo.ca\/fr\/?s={search_term_string}"},"query-input":{"@type":"PropertyValueSpecification","valueRequired":true,"valueName":"search_term_string"}}],"inLanguage":"fr-FR"},{"@type":"Organization","@id":"https:\/\/www.fopla-aabpo.ca\/fr\/#organization","name":"Friends of the Ottawa Public Library Association","url":"https:\/\/www.fopla-aabpo.ca\/fr\/","logo":{"@type":"ImageObject","inLanguage":"fr-FR","@id":"https:\/\/www.fopla-aabpo.ca\/fr\/#\/schema\/logo\/image\/","url":"https:\/\/www.fopla-aabpo.ca\/wp-content\/uploads\/2017\/02\/FOPLA-vertical-about.png","contentUrl":"https:\/\/www.fopla-aabpo.ca\/wp-content\/uploads\/2017\/02\/FOPLA-vertical-about.png","width":131,"height":200,"caption":"Friends of the Ottawa Public Library Association"},"image":{"@id":"https:\/\/www.fopla-aabpo.ca\/fr\/#\/schema\/logo\/image\/"},"sameAs":["https:\/\/www.facebook.com\/FOPLAAABPO\/","https:\/\/x.com\/OPL_Friends","https:\/\/www.instagram.com\/oplbpofriends\/","https:\/\/www.linkedin.com\/groups\/3745080\/profile"]}]}},"_links":{"self":[{"href":"https:\/\/www.fopla-aabpo.ca\/fr\/wp-json\/wp\/v2\/pages\/2045","targetHints":{"allow":["GET"]}}],"collection":[{"href":"https:\/\/www.fopla-aabpo.ca\/fr\/wp-json\/wp\/v2\/pages"}],"about":[{"href":"https:\/\/www.fopla-aabpo.ca\/fr\/wp-json\/wp\/v2\/types\/page"}],"author":[{"embeddable":true,"href":"https:\/\/www.fopla-aabpo.ca\/fr\/wp-json\/wp\/v2\/users\/1"}],"replies":[{"embeddable":true,"href":"https:\/\/www.fopla-aabpo.ca\/fr\/wp-json\/wp\/v2\/comments?post=2045"}],"version-history":[{"count":55,"href":"https:\/\/www.fopla-aabpo.ca\/fr\/wp-json\/wp\/v2\/pages\/2045\/revisions"}],"predecessor-version":[{"id":9265,"href":"https:\/\/www.fopla-aabpo.ca\/fr\/wp-json\/wp\/v2\/pages\/2045\/revisions\/9265"}],"wp:attachment":[{"href":"https:\/\/www.fopla-aabpo.ca\/fr\/wp-json\/wp\/v2\/media?parent=2045"}],"curies":[{"name":"wp","href":"https:\/\/api.w.org\/{rel}","templated":true}]}}