{"id":7698,"date":"2019-05-01T15:43:52","date_gmt":"2019-05-01T19:43:52","guid":{"rendered":"https:\/\/www.fopla-aabpo.ca\/recevez-un-recu-officiel-pour-les-dons-darticles-admissibles\/"},"modified":"2021-01-13T14:35:42","modified_gmt":"2021-01-13T19:35:42","slug":"recevez-un-recu-officiel","status":"publish","type":"page","link":"https:\/\/www.fopla-aabpo.ca\/fr\/recevez-un-recu-officiel\/","title":{"rendered":"Recevez un re\u00e7u officiel pour les dons d\u2019articles admissibles"},"content":{"rendered":"<div class=\"fusion-fullwidth fullwidth-box fusion-builder-row-1 nonhundred-percent-fullwidth non-hundred-percent-height-scrolling\" style=\"--awb-border-radius-top-left:0px;--awb-border-radius-top-right:0px;--awb-border-radius-bottom-right:0px;--awb-border-radius-bottom-left:0px;--awb-flex-wrap:wrap;\" ><div class=\"fusion-builder-row fusion-row\"><div class=\"fusion-layout-column fusion_builder_column fusion-builder-column-0 fusion_builder_column_1_1 1_1 fusion-one-full fusion-column-first fusion-column-last\" style=\"--awb-bg-size:cover;\"><div class=\"fusion-column-wrapper fusion-column-has-shadow fusion-flex-column-wrapper-legacy\"><div class=\"fusion-alert alert notice alert-warning fusion-alert-center fusion-alert-capitalize awb-alert-native-link-color alert-dismissable awb-alert-close-boxed\" role=\"alert\"><div class=\"fusion-alert-content-wrapper\"><span class=\"alert-icon\"><i class=\"awb-icon-cog\" aria-hidden=\"true\"><\/i><\/span><span class=\"fusion-alert-content\">Tous emplacements de l&#8217;AABPO sont pr\u00e9sentment ferm\u00e8s en raison de COVID-19 et les dons d&#8217;articles sont actuellement suspendus. Veuillez ne pas apporter de dons d\u2019articles \u00e0 n\u2019importe qu\u2019elle succursale de la Biblioth\u00e8que publique d\u2019Ottawa.<\/span><\/div><button type=\"button\" class=\"close toggle-alert\" data-dismiss=\"alert\" aria-label=\"Close\">&times;<\/button><\/div><div class=\"fusion-title title fusion-title-1 sep-underline sep-solid fusion-title-text fusion-title-size-one\"><h1 class=\"fusion-title-heading title-heading-left fusion-responsive-typography-calculated\" style=\"margin:0;--fontSize:34;line-height:1.4;\">Recevez un re\u00e7u pour les dons d&#8217;articles admissibles<\/h1><\/div><div class=\"fusion-text fusion-text-1\"><p>Avez-vous un article pr\u00e9cieux ou rare dont vous aimeriez faire don \u00e0 l\u2019AABPO? Les dons \u00ab\u00a0en nature\u00a0\u00bb d\u00e9ductibles consistent en des dons qui NE sont PAS en argent d\u2019une valeur sup\u00e9rieure \u00e0 celle des articles que nous acceptons habituellement. Nous acceptons :<\/p>\n<\/div><ul style=\"--awb-line-height:23.8px;--awb-icon-width:23.8px;--awb-icon-height:23.8px;--awb-icon-margin:9.8px;--awb-content-margin:33.6px;--awb-circlecolor:#e2346b;--awb-circle-yes-font-size:12.32px;\" class=\"fusion-checklist fusion-checklist-1 fusion-checklist-default type-icons\"><li class=\"fusion-li-item\" style=\"\"><span class=\"icon-wrapper circle-yes\"><i class=\"fusion-li-icon fa-book-open fas\" aria-hidden=\"true\"><\/i><\/span><div class=\"fusion-li-item-content\">\n<p>Livres uniques ou rares<\/p>\n<\/div><\/li><li class=\"fusion-li-item\" style=\"\"><span class=\"icon-wrapper circle-yes\"><i class=\"fusion-li-icon fa-book-open fas\" aria-hidden=\"true\"><\/i><\/span><div class=\"fusion-li-item-content\">\n<p>Disques de vinyle<\/p>\n<\/div><\/li><\/ul><div class=\"fusion-sep-clear\"><\/div><div class=\"fusion-separator fusion-full-width-sep\" style=\"margin-left: auto;margin-right: auto;margin-top:20px;width:100%;\"><\/div><div class=\"fusion-sep-clear\"><\/div><div class=\"fusion-text fusion-text-2\"><p>Un re\u00e7u officiel est \u00e9mis pour les dons en nature dont la valeur marchande <strong>est de 500 $CAD<\/strong>. Veuillez noter que nous n&#8217;acceptons pas les dons d&#8217;encyclop\u00e9die. Pour recevoir un re\u00e7u officiel pour votre don en nature d\u00e9ductible, veuillez suivre les \u00e9tapes suivantes :<\/p>\n<\/div><div class=\"fusion-sep-clear\"><\/div><div class=\"fusion-separator fusion-full-width-sep\" style=\"margin-left: auto;margin-right: auto;margin-top:10px;width:100%;\"><\/div><div class=\"fusion-sep-clear\"><\/div><div class=\"fusion-content-boxes content-boxes columns row fusion-columns-1 fusion-columns-total-4 fusion-content-boxes-1 content-boxes-icon-on-side content-left\" style=\"--awb-backgroundcolor:#f2f2f2;--awb-margin-bottom:5px;--awb-hover-accent-color:#a0ce4e;--awb-circle-hover-accent-color:#a0ce4e;--awb-item-margin-bottom:40px;\" data-animationOffset=\"top-into-view\"><div style=\"--awb-backgroundcolor:#f2f2f2;--awb-iconcolor:#b2d34a;--awb-content-padding-left:58px;\" class=\"fusion-column content-box-column content-box-column content-box-column-1 col-lg-12 col-md-12 col-sm-12 fusion-content-box-hover content-box-column-last-in-row\"><div class=\"col content-box-wrapper content-wrapper-background link-area-link-icon icon-hover-animation-fade\" data-animationOffset=\"top-into-view\"><div class=\"heading heading-with-icon icon-left\"><div class=\"icon\"><i style=\"border-color:#333333;border-width:1px;background-color:#333333;box-sizing:content-box;height:36px;width:36px;line-height:36px;border-radius:50%;font-size:18px;\" aria-hidden=\"true\" class=\"fontawesome-icon fa-check fas circle-yes\"><\/i><\/div><\/div><div class=\"fusion-clearfix\"><\/div><div class=\"content-container\">\n<p>Remplissez le formulaire de don en nature d\u00e9ductible en cliquant sur le lien ci-dessous. T\u00e9l\u00e9chargez les pi\u00e8ces justificatives (p. ex., photos, chiffriers, etc.) que vous souhaitez joindre au formulaire.<\/p>\n<\/div><\/div><\/div><div style=\"--awb-backgroundcolor:#f2f2f2;--awb-iconcolor:#b2d34a;--awb-content-padding-left:58px;\" class=\"fusion-column content-box-column content-box-column content-box-column-2 col-lg-12 col-md-12 col-sm-12 fusion-content-box-hover content-box-column-last-in-row\"><div class=\"col content-box-wrapper content-wrapper-background link-area-link-icon icon-hover-animation-fade\" data-animationOffset=\"top-into-view\"><div class=\"heading heading-with-icon icon-left\"><div class=\"icon\"><i style=\"border-color:#333333;border-width:1px;background-color:#333333;box-sizing:content-box;height:36px;width:36px;line-height:36px;border-radius:50%;font-size:18px;\" aria-hidden=\"true\" class=\"fontawesome-icon fa-check fas circle-yes\"><\/i><\/div><\/div><div class=\"fusion-clearfix\"><\/div><div class=\"content-container\">\n<p>Apr\u00e8s avoir \u00e9tudi\u00e9 la demande, le comit\u00e9 des dons en nature d\u00e9ductibles de l\u2019AABPO communiquera avec le donateur dans les 30 jours si l\u2019article est consid\u00e9r\u00e9 comme appropri\u00e9 et qu\u2019il contribue \u00e0 l\u2019avancement de la mission de l\u2019AABPO.<\/p>\n<\/div><\/div><\/div><div style=\"--awb-backgroundcolor:#f2f2f2;--awb-iconcolor:#b2d34a;--awb-content-padding-left:58px;\" class=\"fusion-column content-box-column content-box-column content-box-column-3 col-lg-12 col-md-12 col-sm-12 fusion-content-box-hover content-box-column-last-in-row\"><div class=\"col content-box-wrapper content-wrapper-background link-area-link-icon icon-hover-animation-fade\" data-animationOffset=\"top-into-view\"><div class=\"heading heading-with-icon icon-left\"><div class=\"icon\"><i style=\"border-color:#333333;border-width:1px;background-color:#333333;box-sizing:content-box;height:36px;width:36px;line-height:36px;border-radius:50%;font-size:18px;\" aria-hidden=\"true\" class=\"fontawesome-icon fa-check fas circle-yes\"><\/i><\/div><\/div><div class=\"fusion-clearfix\"><\/div><div class=\"content-container\">\n<p>Si le don est appropri\u00e9, le comit\u00e9 des dons en nature d\u00e9ductibles demandera au donateur de livrer l\u2019article au centre de distribution de l\u2019AABPO situ\u00e9 au centre James Bartleman, <a href=\"https:\/\/goo.gl\/maps\/vbWTijwiwW1HacMh7\">100, promenade Tallwood, Ottawa<\/a>. L\u2019article sera conserv\u00e9 au centre de distribution aux fins d\u2019\u00e9valuation, tout en demeurant la propri\u00e9t\u00e9 du donateur.<\/p>\n<\/div><\/div><\/div><div style=\"--awb-backgroundcolor:#f2f2f2;--awb-iconcolor:#b2d34a;--awb-content-padding-left:58px;\" class=\"fusion-column content-box-column content-box-column content-box-column-4 col-lg-12 col-md-12 col-sm-12 fusion-content-box-hover content-box-column-last content-box-column-last-in-row\"><div class=\"col content-box-wrapper content-wrapper-background link-area-link-icon icon-hover-animation-fade\" data-animationOffset=\"top-into-view\"><div class=\"heading heading-with-icon icon-left\"><div class=\"icon\"><i style=\"border-color:#333333;border-width:1px;background-color:#333333;box-sizing:content-box;height:36px;width:36px;line-height:36px;border-radius:50%;font-size:18px;\" aria-hidden=\"true\" class=\"fontawesome-icon fa-check fas circle-yes\"><\/i><\/div><\/div><div class=\"fusion-clearfix\"><\/div><div class=\"content-container\">\n<p>Le comit\u00e9 des dons en nature d\u00e9ductibles informera le donateur par courriel des conclusions de l\u2019\u00e9valuation et lui demandera de confirmer par \u00e9crit le don qu\u2019il souhaite faire pour la valeur indiqu\u00e9e.<\/p>\n<ul>\n<li>Si le donateur ne consent pas, le comit\u00e9 des dons en nature d\u00e9ductibles prendra rendez-vous avec le donateur afin qu\u2019il vienne chercher son don au centre de distribution.<\/li>\n<li>Si le donateur consent, un re\u00e7u officiel sera \u00e9mis au donateur pour la juste valeur marchande et l\u2019article donn\u00e9 deviendra alors la propri\u00e9t\u00e9 de l\u2019AABPO. L\u2019AABPO se r\u00e9serve le droit de d\u00e9terminer les moyens de r\u00e9tention, de disposition, de conservation, de traitement et autres facteurs en lien avec l\u2019utilisation du don en nature d\u00e9ductible.<\/li>\n<\/ul>\n<\/div><\/div><\/div><div class=\"fusion-clearfix\"><\/div><\/div><div class=\"fusion-title title fusion-title-2 fusion-title-text fusion-title-size-two\"><h2 class=\"fusion-title-heading title-heading-left fusion-responsive-typography-calculated\" style=\"margin:0;--fontSize:24;line-height:1.5;\">Processus d\u2019\u00e9valuation<\/h2><span class=\"awb-title-spacer\"><\/span><div class=\"title-sep-container\"><div class=\"title-sep sep-double sep-solid\" style=\"border-color:#e0dede;\"><\/div><\/div><\/div><div class=\"fusion-text fusion-text-3\"><p><strong>Dons en nature d\u00e9ductibles d\u2019une valeur inf\u00e9rieure \u00e0 1\u00a0000 $CAD<\/strong><\/p>\n<p>L\u2019AABPO choisira un \u00e9valuateur interne (d\u00e9termin\u00e9 par le comit\u00e9 des dons en nature d\u00e9ductibles) pour chaque don \u00e9valu\u00e9 \u00e0 moins de 1\u00a0000 $CAD, afin d\u2019en fixer la valeur marchande.<\/p>\n<p><strong>Dons en nature d\u00e9ductibles d\u2019une valeur sup\u00e9rieure \u00e0 1\u00a0000 $CAD<\/strong><\/p>\n<p>Le donateur doit fournir une \u00e9valuation ind\u00e9pendante effectu\u00e9e par un expert comp\u00e9tent et connaissant, dont il paiera les co\u00fbts. L\u2019AABPO r\u00e9alisera une copie du certificat d\u2019origine et retournera ce dernier au donateur.<\/p>\n<\/div><div class=\"fusion-sep-clear\"><\/div><div class=\"fusion-separator fusion-full-width-sep\" style=\"margin-left: auto;margin-right: auto;margin-bottom:10px;width:100%;\"><\/div><div class=\"fusion-sep-clear\"><\/div><div class=\"fusion-button-wrapper\"><a class=\"fusion-button button-flat fusion-button-default-size button-default fusion-button-default button-1 fusion-button-default-span fusion-button-default-type\" target=\"_self\" href=\"https:\/\/www.fopla-aabpo.ca\/fr\/recevez-un-recu-officiel\/demandez\/\"><span class=\"fusion-button-text\">Faites un don en nature d\u00e9ductible<\/span><\/a><\/div><div class=\"fusion-sep-clear\"><\/div><div class=\"fusion-separator fusion-full-width-sep\" style=\"margin-left: auto;margin-right: auto;margin-top:10px;margin-bottom:20px;width:100%;\"><\/div><div class=\"fusion-sep-clear\"><\/div><div class=\"fusion-text fusion-text-4\"><p><em>L\u2019AABPO respecte les lignes directrices de l\u2019Agence du revenu du Canada en ce qui a trait aux dons en nature d\u00e9ductibles. Pour plus de renseignements, <a href=\"https:\/\/www.canada.ca\/fr\/agence-revenu\/services\/organismes-bienfaisance-dons\/faire-bienfaisance-renseignements-a-intention-donateurs\/faire\/quels-types-dons-donnent-droit-a-credit-impot-bienfaisance.html\">cliquez ici<\/a>.<\/em><\/p>\n<\/div><div class=\"fusion-clearfix\"><\/div><\/div><\/div><\/div><\/div>\n","protected":false},"excerpt":{"rendered":"","protected":false},"author":1,"featured_media":0,"parent":0,"menu_order":0,"comment_status":"closed","ping_status":"closed","template":"","meta":{"footnotes":"","_links_to":"","_links_to_target":""},"class_list":["post-7698","page","type-page","status-publish","hentry"],"yoast_head":"<!-- This site is optimized with the Yoast SEO plugin v27.4 - https:\/\/yoast.com\/product\/yoast-seo-wordpress\/ -->\n<title>Recevez un re\u00e7u officiel pour les dons d\u2019articles admissibles | FOPLA-AABPO<\/title>\n<meta name=\"description\" content=\"Vous avez un article rare et de valeur \u00e0 donner \u00e0 l\u2019AABPO? Vous pourriez recevoir un re\u00e7u officiel pour tout don d\u2019articles uniques \u00e9valu\u00e9s \u00e0 plus de 100 $CAD.\" \/>\n<meta name=\"robots\" content=\"index, follow, max-snippet:-1, max-image-preview:large, max-video-preview:-1\" \/>\n<link rel=\"canonical\" href=\"https:\/\/www.fopla-aabpo.ca\/fr\/recevez-un-recu-officiel\/\" \/>\n<meta property=\"og:locale\" content=\"fr_FR\" \/>\n<meta property=\"og:type\" content=\"article\" \/>\n<meta property=\"og:title\" content=\"Recevez un re\u00e7u officiel pour les dons d\u2019articles admissibles | FOPLA-AABPO\" \/>\n<meta property=\"og:description\" content=\"Vous avez un article rare et de valeur \u00e0 donner \u00e0 l\u2019AABPO? Vous pourriez recevoir un re\u00e7u officiel pour tout don d\u2019articles uniques \u00e9valu\u00e9s \u00e0 plus de 100 $CAD.\" \/>\n<meta property=\"og:url\" content=\"https:\/\/www.fopla-aabpo.ca\/fr\/recevez-un-recu-officiel\/\" \/>\n<meta property=\"og:site_name\" content=\"FOPLA-AABPO\" \/>\n<meta property=\"article:publisher\" content=\"https:\/\/www.facebook.com\/FOPLAAABPO\/\" \/>\n<meta property=\"article:modified_time\" content=\"2021-01-13T19:35:42+00:00\" \/>\n<meta property=\"og:image\" content=\"https:\/\/www.fopla-aabpo.ca\/wp-content\/uploads\/2017\/03\/fopla-logo-fullname.jpg\" \/>\n\t<meta property=\"og:image:width\" content=\"776\" \/>\n\t<meta property=\"og:image:height\" content=\"366\" \/>\n\t<meta property=\"og:image:type\" content=\"image\/jpeg\" \/>\n<meta name=\"twitter:card\" content=\"summary_large_image\" \/>\n<meta name=\"twitter:site\" content=\"@OPL_Friends\" \/>\n<meta name=\"twitter:label1\" content=\"Dur\u00e9e de lecture estim\u00e9e\" \/>\n\t<meta name=\"twitter:data1\" content=\"8 minutes\" \/>\n<script type=\"application\/ld+json\" class=\"yoast-schema-graph\">{\"@context\":\"https:\\\/\\\/schema.org\",\"@graph\":[{\"@type\":\"WebPage\",\"@id\":\"https:\\\/\\\/www.fopla-aabpo.ca\\\/fr\\\/recevez-un-recu-officiel\\\/\",\"url\":\"https:\\\/\\\/www.fopla-aabpo.ca\\\/fr\\\/recevez-un-recu-officiel\\\/\",\"name\":\"Recevez un re\u00e7u officiel pour les dons d\u2019articles admissibles | FOPLA-AABPO\",\"isPartOf\":{\"@id\":\"https:\\\/\\\/www.fopla-aabpo.ca\\\/fr\\\/#website\"},\"datePublished\":\"2019-05-01T19:43:52+00:00\",\"dateModified\":\"2021-01-13T19:35:42+00:00\",\"description\":\"Vous avez un article rare et de valeur \u00e0 donner \u00e0 l\u2019AABPO? Vous pourriez recevoir un re\u00e7u officiel pour tout don d\u2019articles uniques \u00e9valu\u00e9s \u00e0 plus de 100 $CAD.\",\"breadcrumb\":{\"@id\":\"https:\\\/\\\/www.fopla-aabpo.ca\\\/fr\\\/recevez-un-recu-officiel\\\/#breadcrumb\"},\"inLanguage\":\"fr-FR\",\"potentialAction\":[{\"@type\":\"ReadAction\",\"target\":[\"https:\\\/\\\/www.fopla-aabpo.ca\\\/fr\\\/recevez-un-recu-officiel\\\/\"]}]},{\"@type\":\"BreadcrumbList\",\"@id\":\"https:\\\/\\\/www.fopla-aabpo.ca\\\/fr\\\/recevez-un-recu-officiel\\\/#breadcrumb\",\"itemListElement\":[{\"@type\":\"ListItem\",\"position\":1,\"name\":\"Home\",\"item\":\"https:\\\/\\\/www.fopla-aabpo.ca\\\/fr\\\/\"},{\"@type\":\"ListItem\",\"position\":2,\"name\":\"Recevez un re\u00e7u officiel pour les dons d\u2019articles admissibles\"}]},{\"@type\":\"WebSite\",\"@id\":\"https:\\\/\\\/www.fopla-aabpo.ca\\\/fr\\\/#website\",\"url\":\"https:\\\/\\\/www.fopla-aabpo.ca\\\/fr\\\/\",\"name\":\"FOPLA-AABPO\",\"description\":\"Friends of the Ottawa Public Library Association\",\"publisher\":{\"@id\":\"https:\\\/\\\/www.fopla-aabpo.ca\\\/fr\\\/#organization\"},\"potentialAction\":[{\"@type\":\"SearchAction\",\"target\":{\"@type\":\"EntryPoint\",\"urlTemplate\":\"https:\\\/\\\/www.fopla-aabpo.ca\\\/fr\\\/?s={search_term_string}\"},\"query-input\":{\"@type\":\"PropertyValueSpecification\",\"valueRequired\":true,\"valueName\":\"search_term_string\"}}],\"inLanguage\":\"fr-FR\"},{\"@type\":\"Organization\",\"@id\":\"https:\\\/\\\/www.fopla-aabpo.ca\\\/fr\\\/#organization\",\"name\":\"Friends of the Ottawa Public Library Association\",\"url\":\"https:\\\/\\\/www.fopla-aabpo.ca\\\/fr\\\/\",\"logo\":{\"@type\":\"ImageObject\",\"inLanguage\":\"fr-FR\",\"@id\":\"https:\\\/\\\/www.fopla-aabpo.ca\\\/fr\\\/#\\\/schema\\\/logo\\\/image\\\/\",\"url\":\"https:\\\/\\\/www.fopla-aabpo.ca\\\/wp-content\\\/uploads\\\/2017\\\/02\\\/FOPLA-vertical-about.png\",\"contentUrl\":\"https:\\\/\\\/www.fopla-aabpo.ca\\\/wp-content\\\/uploads\\\/2017\\\/02\\\/FOPLA-vertical-about.png\",\"width\":131,\"height\":200,\"caption\":\"Friends of the Ottawa Public Library Association\"},\"image\":{\"@id\":\"https:\\\/\\\/www.fopla-aabpo.ca\\\/fr\\\/#\\\/schema\\\/logo\\\/image\\\/\"},\"sameAs\":[\"https:\\\/\\\/www.facebook.com\\\/FOPLAAABPO\\\/\",\"https:\\\/\\\/x.com\\\/OPL_Friends\",\"https:\\\/\\\/www.instagram.com\\\/oplbpofriends\\\/\",\"https:\\\/\\\/www.linkedin.com\\\/groups\\\/3745080\\\/profile\"]}]}<\/script>\n<!-- \/ Yoast SEO plugin. -->","yoast_head_json":{"title":"Recevez un re\u00e7u officiel pour les dons d\u2019articles admissibles | FOPLA-AABPO","description":"Vous avez un article rare et de valeur \u00e0 donner \u00e0 l\u2019AABPO? Vous pourriez recevoir un re\u00e7u officiel pour tout don d\u2019articles uniques \u00e9valu\u00e9s \u00e0 plus de 100 $CAD.","robots":{"index":"index","follow":"follow","max-snippet":"max-snippet:-1","max-image-preview":"max-image-preview:large","max-video-preview":"max-video-preview:-1"},"canonical":"https:\/\/www.fopla-aabpo.ca\/fr\/recevez-un-recu-officiel\/","og_locale":"fr_FR","og_type":"article","og_title":"Recevez un re\u00e7u officiel pour les dons d\u2019articles admissibles | FOPLA-AABPO","og_description":"Vous avez un article rare et de valeur \u00e0 donner \u00e0 l\u2019AABPO? Vous pourriez recevoir un re\u00e7u officiel pour tout don d\u2019articles uniques \u00e9valu\u00e9s \u00e0 plus de 100 $CAD.","og_url":"https:\/\/www.fopla-aabpo.ca\/fr\/recevez-un-recu-officiel\/","og_site_name":"FOPLA-AABPO","article_publisher":"https:\/\/www.facebook.com\/FOPLAAABPO\/","article_modified_time":"2021-01-13T19:35:42+00:00","og_image":[{"width":776,"height":366,"url":"https:\/\/www.fopla-aabpo.ca\/wp-content\/uploads\/2017\/03\/fopla-logo-fullname.jpg","type":"image\/jpeg"}],"twitter_card":"summary_large_image","twitter_site":"@OPL_Friends","twitter_misc":{"Dur\u00e9e de lecture estim\u00e9e":"8 minutes"},"schema":{"@context":"https:\/\/schema.org","@graph":[{"@type":"WebPage","@id":"https:\/\/www.fopla-aabpo.ca\/fr\/recevez-un-recu-officiel\/","url":"https:\/\/www.fopla-aabpo.ca\/fr\/recevez-un-recu-officiel\/","name":"Recevez un re\u00e7u officiel pour les dons d\u2019articles admissibles | FOPLA-AABPO","isPartOf":{"@id":"https:\/\/www.fopla-aabpo.ca\/fr\/#website"},"datePublished":"2019-05-01T19:43:52+00:00","dateModified":"2021-01-13T19:35:42+00:00","description":"Vous avez un article rare et de valeur \u00e0 donner \u00e0 l\u2019AABPO? Vous pourriez recevoir un re\u00e7u officiel pour tout don d\u2019articles uniques \u00e9valu\u00e9s \u00e0 plus de 100 $CAD.","breadcrumb":{"@id":"https:\/\/www.fopla-aabpo.ca\/fr\/recevez-un-recu-officiel\/#breadcrumb"},"inLanguage":"fr-FR","potentialAction":[{"@type":"ReadAction","target":["https:\/\/www.fopla-aabpo.ca\/fr\/recevez-un-recu-officiel\/"]}]},{"@type":"BreadcrumbList","@id":"https:\/\/www.fopla-aabpo.ca\/fr\/recevez-un-recu-officiel\/#breadcrumb","itemListElement":[{"@type":"ListItem","position":1,"name":"Home","item":"https:\/\/www.fopla-aabpo.ca\/fr\/"},{"@type":"ListItem","position":2,"name":"Recevez un re\u00e7u officiel pour les dons d\u2019articles admissibles"}]},{"@type":"WebSite","@id":"https:\/\/www.fopla-aabpo.ca\/fr\/#website","url":"https:\/\/www.fopla-aabpo.ca\/fr\/","name":"FOPLA-AABPO","description":"Friends of the Ottawa Public Library Association","publisher":{"@id":"https:\/\/www.fopla-aabpo.ca\/fr\/#organization"},"potentialAction":[{"@type":"SearchAction","target":{"@type":"EntryPoint","urlTemplate":"https:\/\/www.fopla-aabpo.ca\/fr\/?s={search_term_string}"},"query-input":{"@type":"PropertyValueSpecification","valueRequired":true,"valueName":"search_term_string"}}],"inLanguage":"fr-FR"},{"@type":"Organization","@id":"https:\/\/www.fopla-aabpo.ca\/fr\/#organization","name":"Friends of the Ottawa Public Library Association","url":"https:\/\/www.fopla-aabpo.ca\/fr\/","logo":{"@type":"ImageObject","inLanguage":"fr-FR","@id":"https:\/\/www.fopla-aabpo.ca\/fr\/#\/schema\/logo\/image\/","url":"https:\/\/www.fopla-aabpo.ca\/wp-content\/uploads\/2017\/02\/FOPLA-vertical-about.png","contentUrl":"https:\/\/www.fopla-aabpo.ca\/wp-content\/uploads\/2017\/02\/FOPLA-vertical-about.png","width":131,"height":200,"caption":"Friends of the Ottawa Public Library Association"},"image":{"@id":"https:\/\/www.fopla-aabpo.ca\/fr\/#\/schema\/logo\/image\/"},"sameAs":["https:\/\/www.facebook.com\/FOPLAAABPO\/","https:\/\/x.com\/OPL_Friends","https:\/\/www.instagram.com\/oplbpofriends\/","https:\/\/www.linkedin.com\/groups\/3745080\/profile"]}]}},"_links":{"self":[{"href":"https:\/\/www.fopla-aabpo.ca\/fr\/wp-json\/wp\/v2\/pages\/7698","targetHints":{"allow":["GET"]}}],"collection":[{"href":"https:\/\/www.fopla-aabpo.ca\/fr\/wp-json\/wp\/v2\/pages"}],"about":[{"href":"https:\/\/www.fopla-aabpo.ca\/fr\/wp-json\/wp\/v2\/types\/page"}],"author":[{"embeddable":true,"href":"https:\/\/www.fopla-aabpo.ca\/fr\/wp-json\/wp\/v2\/users\/1"}],"replies":[{"embeddable":true,"href":"https:\/\/www.fopla-aabpo.ca\/fr\/wp-json\/wp\/v2\/comments?post=7698"}],"version-history":[{"count":20,"href":"https:\/\/www.fopla-aabpo.ca\/fr\/wp-json\/wp\/v2\/pages\/7698\/revisions"}],"predecessor-version":[{"id":9062,"href":"https:\/\/www.fopla-aabpo.ca\/fr\/wp-json\/wp\/v2\/pages\/7698\/revisions\/9062"}],"wp:attachment":[{"href":"https:\/\/www.fopla-aabpo.ca\/fr\/wp-json\/wp\/v2\/media?parent=7698"}],"curies":[{"name":"wp","href":"https:\/\/api.w.org\/{rel}","templated":true}]}}