{"id":7707,"date":"2019-05-01T16:05:01","date_gmt":"2019-05-01T20:05:01","guid":{"rendered":"https:\/\/www.fopla-aabpo.ca\/recevez-un-recu-officiel-pour-les-dons-darticles-admissibles\/demandez-un-recu-officiel-pour-votre-don-en-nature\/"},"modified":"2019-05-02T10:59:48","modified_gmt":"2019-05-02T14:59:48","slug":"demandez","status":"publish","type":"page","link":"https:\/\/www.fopla-aabpo.ca\/fr\/recevez-un-recu-officiel\/demandez\/","title":{"rendered":"Demandez un re\u00e7u officiel pour votre don en nature"},"content":{"rendered":"<div class=\"fusion-fullwidth fullwidth-box fusion-builder-row-1 nonhundred-percent-fullwidth non-hundred-percent-height-scrolling\" style=\"--awb-border-radius-top-left:0px;--awb-border-radius-top-right:0px;--awb-border-radius-bottom-right:0px;--awb-border-radius-bottom-left:0px;--awb-flex-wrap:wrap;\" ><div class=\"fusion-builder-row fusion-row\"><div class=\"fusion-layout-column fusion_builder_column fusion-builder-column-0 fusion_builder_column_1_1 1_1 fusion-one-full fusion-column-first fusion-column-last\" style=\"--awb-bg-size:cover;\"><div class=\"fusion-column-wrapper fusion-column-has-shadow fusion-flex-column-wrapper-legacy\"><div class=\"fusion-title title fusion-title-1 sep-underline sep-solid fusion-title-text fusion-title-size-one\"><h1 class=\"fusion-title-heading title-heading-left fusion-responsive-typography-calculated\" style=\"margin:0;--fontSize:34;line-height:1.4;\">Demandez un re\u00e7u officiel pour votre don en nature<\/h1><\/div><div class=\"fusion-text fusion-text-1\">\n<div class=\"wpcf7 no-js\" id=\"wpcf7-f7706-o1\" lang=\"en-CA\" dir=\"ltr\" data-wpcf7-id=\"7706\">\n<div class=\"screen-reader-response\"><p role=\"status\" aria-live=\"polite\" aria-atomic=\"true\"><\/p> <ul><\/ul><\/div>\n<form action=\"\/fr\/wp-json\/wp\/v2\/pages\/7707#wpcf7-f7706-o1\" method=\"post\" class=\"wpcf7-form init\" aria-label=\"Contact form\" enctype=\"multipart\/form-data\" novalidate=\"novalidate\" data-status=\"init\">\n<fieldset class=\"hidden-fields-container\"><input type=\"hidden\" name=\"_wpcf7\" value=\"7706\" \/><input type=\"hidden\" name=\"_wpcf7_version\" value=\"6.1.5\" \/><input type=\"hidden\" name=\"_wpcf7_locale\" value=\"en_CA\" \/><input type=\"hidden\" name=\"_wpcf7_unit_tag\" value=\"wpcf7-f7706-o1\" \/><input type=\"hidden\" name=\"_wpcf7_container_post\" value=\"0\" \/><input type=\"hidden\" name=\"_wpcf7_posted_data_hash\" value=\"\" \/><input type=\"hidden\" name=\"_wpcf7_recaptcha_response\" value=\"\" \/>\n<\/fieldset>\n<h2>Renseignements pour le donateur\n<\/h2>\n<div class=\"fusion-one-third one_third fusion-layout-column fusion-spacing-yes\">\n\t<p><span class=\"wpcf7-form-control-wrap\" data-name=\"donor-name\"><input size=\"40\" maxlength=\"400\" class=\"wpcf7-form-control wpcf7-text wpcf7-validates-as-required\" aria-required=\"true\" aria-invalid=\"false\" placeholder=\"Nom\" value=\"\" type=\"text\" name=\"donor-name\" \/><\/span>\n\t<\/p>\n<\/div>\n<div class=\"fusion-one-third one_third fusion-layout-column fusion-spacing-yes\">\n\t<p><span class=\"wpcf7-form-control-wrap\" data-name=\"donor-email\"><input size=\"40\" maxlength=\"400\" class=\"wpcf7-form-control wpcf7-email wpcf7-validates-as-required wpcf7-text wpcf7-validates-as-email\" aria-required=\"true\" aria-invalid=\"false\" placeholder=\"Adresse Couriel\" value=\"\" type=\"email\" name=\"donor-email\" \/><\/span>\n\t<\/p>\n<\/div>\n<div class=\"fusion-one-third one_third fusion-layout-column fusion-spacing-yes fusion-column-last\">\n\t<p><span class=\"wpcf7-form-control-wrap\" data-name=\"donor-telephone\"><input size=\"40\" maxlength=\"400\" class=\"wpcf7-form-control wpcf7-tel wpcf7-validates-as-required wpcf7-text wpcf7-validates-as-tel\" aria-required=\"true\" aria-invalid=\"false\" placeholder=\"Num\u00e9ro de t\u00e9l\u00e9phone.\" value=\"\" type=\"tel\" name=\"donor-telephone\" \/><\/span>\n\t<\/p>\n<\/div>\n<p><span class=\"wpcf7-form-control-wrap\" data-name=\"donor-street\"><input size=\"40\" maxlength=\"400\" class=\"wpcf7-form-control wpcf7-text wpcf7-validates-as-required\" aria-required=\"true\" aria-invalid=\"false\" placeholder=\"Adresse postale\" value=\"\" type=\"text\" name=\"donor-street\" \/><\/span>\n<\/p>\n<div class=\"fusion-one-third one_third fusion-layout-column fusion-spacing-yes\">\n\t<p><span class=\"wpcf7-form-control-wrap\" data-name=\"donor-city\"><input size=\"40\" maxlength=\"400\" class=\"wpcf7-form-control wpcf7-text wpcf7-validates-as-required\" aria-required=\"true\" aria-invalid=\"false\" placeholder=\"Ville\" value=\"\" type=\"text\" name=\"donor-city\" \/><\/span>\n\t<\/p>\n<\/div>\n<div class=\"fusion-one-third one_third fusion-layout-column fusion-spacing-yes\">\n\t<p><span class=\"wpcf7-form-control-wrap\" data-name=\"donor-province\"><select class=\"wpcf7-form-control wpcf7-select wpcf7-validates-as-required\" aria-required=\"true\" aria-invalid=\"false\" name=\"donor-province\"><option value=\"L&#039;Alberta\">L&#039;Alberta<\/option><option value=\"La Colombie-Britannique\">La Colombie-Britannique<\/option><option value=\"\u00cele-du-Prince-\u00c9douard\">\u00cele-du-Prince-\u00c9douard<\/option><option value=\"Le Manitoba\">Le Manitoba<\/option><option value=\"Le Nouvelle-Brunswick\">Le Nouvelle-Brunswick<\/option><option value=\"La Nouvelle-Ecosse\">La Nouvelle-Ecosse<\/option><option value=\"L&#039;Ontario\">L&#039;Ontario<\/option><option value=\"Qu\u00e9bec\">Qu\u00e9bec<\/option><option value=\"La Saskatchewan\">La Saskatchewan<\/option><option value=\"La Terre-Neuve-et-Labrador\">La Terre-Neuve-et-Labrador<\/option><option value=\"Les Territoires du Nord-Ouest\">Les Territoires du Nord-Ouest<\/option><option value=\"Le Nunavut\">Le Nunavut<\/option><option value=\"Le Yukon\">Le Yukon<\/option><\/select><\/span>\n\t<\/p>\n<\/div>\n<div class=\"fusion-one-third one_third fusion-layout-column fusion-spacing-yes fusion-column-last\">\n\t<p><span class=\"wpcf7-form-control-wrap\" data-name=\"donor-postal\"><input size=\"40\" maxlength=\"400\" class=\"wpcf7-form-control wpcf7-text wpcf7-validates-as-required\" aria-required=\"true\" aria-invalid=\"false\" placeholder=\"Code postal\" value=\"\" type=\"text\" name=\"donor-postal\" \/><\/span>\n\t<\/p>\n<\/div>\n<h2>Type de don\n<\/h2>\n<p><span class=\"wpcf7-form-control-wrap\" data-name=\"TypeofDonation\"><span class=\"wpcf7-form-control wpcf7-checkbox wpcf7-validates-as-required\"><span class=\"wpcf7-list-item first\"><input type=\"checkbox\" name=\"TypeofDonation[]\" value=\"Livres rares et\/ou de valeur\" \/><span class=\"wpcf7-list-item-label\">Livres rares et\/ou de valeur<\/span><\/span><span class=\"wpcf7-list-item last\"><input type=\"checkbox\" name=\"TypeofDonation[]\" value=\"Disques en vinyle\" \/><span class=\"wpcf7-list-item-label\">Disques en vinyle<\/span><\/span><\/span><\/span>\n<\/p>\n<h2>Valeur estimative\n<\/h2>\n<p><span class=\"wpcf7-form-control-wrap\" data-name=\"EstimatedValue\"><span class=\"wpcf7-form-control wpcf7-radio\"><span class=\"wpcf7-list-item first\"><input type=\"radio\" name=\"EstimatedValue\" value=\"$500-$999\" \/><span class=\"wpcf7-list-item-label\">$500-$999<\/span><\/span><span class=\"wpcf7-list-item last\"><input type=\"radio\" name=\"EstimatedValue\" value=\"$1000+\" \/><span class=\"wpcf7-list-item-label\">$1000+<\/span><\/span><\/span><\/span>\n<\/p>\n<h2>D\u00e9tails concernant les dons\n<\/h2>\n<p>Veuillez fournir une liste num\u00e9rot\u00e9e, d\u00e9taill\u00e9e et descriptive de tous les articles ayant une valeur estimative. Le listage et les pi\u00e8ces justificatives peuvent \u00eatre t\u00e9l\u00e9charg\u00e9s ou coll\u00e9es dans le champ ci-dessous.\n<\/p>\n<p>La description du livre doit pr\u00e9ciser le titre, le nom de l\u2019auteur, le nom de l\u2019\u00e9diteur, la date de publication, l\u2019\u00e9tat, la pr\u00e9sence de la jaquette, etc. La description des disques en vinyle doit comprendre le titre du disque, le nom de l\u2019artiste, l\u2019\u00e9tiquette, la date de sortie, l\u2019\u00e9tat, le num\u00e9ro de catalogue, le genre, etc\u2026. Les photos num\u00e9riques des diff\u00e9rents articles correspondant au num\u00e9ro sur le listage sont facultatives, mais appr\u00e9ci\u00e9es.\n<\/p>\n<p>Pour tout article \u00e9valu\u00e9 \u00e0 plus de 1 000 $CAD, veuillez t\u00e9l\u00e9charger le certificat sign\u00e9 par un \u00e9valuateur ind\u00e9pendant (qui sera compar\u00e9 au certificat original lors de la livraison de l\u2019article, aux fins de conformit\u00e9).\n<\/p>\n<p><span class=\"wpcf7-form-control-wrap\" data-name=\"DonationDescription\"><textarea cols=\"40\" rows=\"10\" maxlength=\"2000\" class=\"wpcf7-form-control wpcf7-textarea wpcf7-validates-as-required\" aria-required=\"true\" aria-invalid=\"false\" name=\"DonationDescription\"><\/textarea><\/span>\n<\/p>\n<p>T\u00e9l\u00e9chargez les pi\u00e8ces justificatives (formats de fichiers accept\u00e9s : jpg, jpeg, png, tiff, pdf, doc, docx, xls, xlsx. 10MB maximum):<br \/>\n<span class=\"wpcf7-form-control-wrap\" data-name=\"DocumentationUpload\"><input size=\"40\" class=\"wpcf7-form-control wpcf7-file\" accept=\".jpg,.jpeg,.png,.tiff,.pdf,.doc,.docx,.xls,.xlsx\" aria-invalid=\"false\" type=\"file\" name=\"DocumentationUpload\" \/><\/span>\n<\/p>\n<h2>Veuillez lire attentivement\n<\/h2>\n<p><strong>En cliquant sur le bouton Soumettre, ci-dessous, je reconnais avoir compris et j\u2019accepte de respecter les conditions suivantes :<\/strong>\n<\/p>\n<ul>\n\t<li>\n\t\t<p>Je reconnais que les articles ci-dessous sont donn\u00e9s de plein gr\u00e9 sans attente de profit ou d\u2019avantage autre qu\u2019un re\u00e7u officiel pour la somme d\u00e9termin\u00e9e par le comit\u00e9 des dons en nature d\u00e9ductibles de l\u2019AABPO, conform\u00e9ment aux r\u00e8gles de l\u2019Agence du revenu du Canada.\n\t\t<\/p>\n\t<\/li>\n\t<li>\n\t\t<p>J\u2019atteste que les articles ci-dessus (ou indiqu\u00e9s sur le listage ci-joint) sont libres de gr\u00e8vement et de restrictions.\n\t\t<\/p>\n\t<\/li>\n<\/ul>\n<div style=\"margin-top: 30px;\">\n\n<\/div>\n<div style=\"margin-top: 20px; margin-bottom: 30px;\">\n\t<p><input class=\"wpcf7-form-control wpcf7-submit has-spinner\" type=\"submit\" value=\"Soumettre la demande\" \/>\n\t<\/p>\n<\/div>\n<p>Pour plus d'information veuillez contacter <a href=\"mailto:finance@fopla-aabpo.ca?Subject=GIK Donation\" target=\"_top\">finance@fopla-aabpo.ca<\/a>\n<\/p><div class=\"fusion-alert alert custom alert-custom fusion-alert-center wpcf7-response-output fusion-alert-capitalize awb-alert-native-link-color alert-dismissable awb-alert-close-boxed\" style=\"--awb-border-top-left-radius:0px;--awb-border-top-right-radius:0px;--awb-border-bottom-left-radius:0px;--awb-border-bottom-right-radius:0px;\" role=\"alert\"><div class=\"fusion-alert-content-wrapper\"><span class=\"fusion-alert-content\"><\/span><\/div><button type=\"button\" class=\"close toggle-alert\" data-dismiss=\"alert\" aria-label=\"Close\">&times;<\/button><\/div>\n<\/form>\n<\/div>\n\n<\/div><div class=\"fusion-clearfix\"><\/div><\/div><\/div><\/div><\/div>\n","protected":false},"excerpt":{"rendered":"","protected":false},"author":1,"featured_media":0,"parent":7698,"menu_order":0,"comment_status":"closed","ping_status":"closed","template":"","meta":{"footnotes":"","_links_to":"","_links_to_target":""},"class_list":["post-7707","page","type-page","status-publish","hentry"],"yoast_head":"<!-- This site is optimized with the Yoast SEO plugin v27.3 - https:\/\/yoast.com\/product\/yoast-seo-wordpress\/ -->\n<title>Demandez un re\u00e7u officiel pour votre don en nature | FOPLA-AABPO<\/title>\n<meta name=\"description\" content=\"Demandez un re\u00e7u officiel pour votre don d\u2019articles admissibles tels que des livres ou disques de vinyle rares \u00e0 l\u2019Association des amis de la Biblioth\u00e8que publique d\u2019Ottawa.\" \/>\n<meta name=\"robots\" content=\"index, follow, max-snippet:-1, max-image-preview:large, max-video-preview:-1\" \/>\n<link rel=\"canonical\" href=\"https:\/\/www.fopla-aabpo.ca\/fr\/recevez-un-recu-officiel\/demandez\/\" \/>\n<meta property=\"og:locale\" content=\"fr_FR\" \/>\n<meta property=\"og:type\" content=\"article\" \/>\n<meta property=\"og:title\" content=\"Demandez un re\u00e7u officiel pour votre don en nature | FOPLA-AABPO\" \/>\n<meta property=\"og:description\" content=\"Demandez un re\u00e7u officiel pour votre don d\u2019articles admissibles tels que des livres ou disques de vinyle rares \u00e0 l\u2019Association des amis de la Biblioth\u00e8que publique d\u2019Ottawa.\" \/>\n<meta property=\"og:url\" content=\"https:\/\/www.fopla-aabpo.ca\/fr\/recevez-un-recu-officiel\/demandez\/\" \/>\n<meta property=\"og:site_name\" content=\"FOPLA-AABPO\" \/>\n<meta property=\"article:publisher\" content=\"https:\/\/www.facebook.com\/FOPLAAABPO\/\" \/>\n<meta property=\"article:modified_time\" content=\"2019-05-02T14:59:48+00:00\" \/>\n<meta property=\"og:image\" content=\"https:\/\/www.fopla-aabpo.ca\/wp-content\/uploads\/2017\/03\/fopla-logo-fullname.jpg\" \/>\n\t<meta property=\"og:image:width\" content=\"776\" \/>\n\t<meta property=\"og:image:height\" content=\"366\" \/>\n\t<meta property=\"og:image:type\" content=\"image\/jpeg\" \/>\n<meta name=\"twitter:card\" content=\"summary_large_image\" \/>\n<meta name=\"twitter:site\" content=\"@OPL_Friends\" \/>\n<meta name=\"twitter:label1\" content=\"Dur\u00e9e de lecture estim\u00e9e\" \/>\n\t<meta name=\"twitter:data1\" content=\"1 minute\" \/>\n<script type=\"application\/ld+json\" class=\"yoast-schema-graph\">{\"@context\":\"https:\\\/\\\/schema.org\",\"@graph\":[{\"@type\":\"WebPage\",\"@id\":\"https:\\\/\\\/www.fopla-aabpo.ca\\\/fr\\\/recevez-un-recu-officiel\\\/demandez\\\/\",\"url\":\"https:\\\/\\\/www.fopla-aabpo.ca\\\/fr\\\/recevez-un-recu-officiel\\\/demandez\\\/\",\"name\":\"Demandez un re\u00e7u officiel pour votre don en nature | FOPLA-AABPO\",\"isPartOf\":{\"@id\":\"https:\\\/\\\/www.fopla-aabpo.ca\\\/fr\\\/#website\"},\"datePublished\":\"2019-05-01T20:05:01+00:00\",\"dateModified\":\"2019-05-02T14:59:48+00:00\",\"description\":\"Demandez un re\u00e7u officiel pour votre don d\u2019articles admissibles tels que des livres ou disques de vinyle rares \u00e0 l\u2019Association des amis de la Biblioth\u00e8que publique d\u2019Ottawa.\",\"breadcrumb\":{\"@id\":\"https:\\\/\\\/www.fopla-aabpo.ca\\\/fr\\\/recevez-un-recu-officiel\\\/demandez\\\/#breadcrumb\"},\"inLanguage\":\"fr-FR\",\"potentialAction\":[{\"@type\":\"ReadAction\",\"target\":[\"https:\\\/\\\/www.fopla-aabpo.ca\\\/fr\\\/recevez-un-recu-officiel\\\/demandez\\\/\"]}]},{\"@type\":\"BreadcrumbList\",\"@id\":\"https:\\\/\\\/www.fopla-aabpo.ca\\\/fr\\\/recevez-un-recu-officiel\\\/demandez\\\/#breadcrumb\",\"itemListElement\":[{\"@type\":\"ListItem\",\"position\":1,\"name\":\"Home\",\"item\":\"https:\\\/\\\/www.fopla-aabpo.ca\\\/fr\\\/\"},{\"@type\":\"ListItem\",\"position\":2,\"name\":\"Recevez un re\u00e7u officiel pour les dons d\u2019articles admissibles\",\"item\":\"https:\\\/\\\/www.fopla-aabpo.ca\\\/fr\\\/recevez-un-recu-officiel\\\/\"},{\"@type\":\"ListItem\",\"position\":3,\"name\":\"Demandez un re\u00e7u officiel pour votre don en nature\"}]},{\"@type\":\"WebSite\",\"@id\":\"https:\\\/\\\/www.fopla-aabpo.ca\\\/fr\\\/#website\",\"url\":\"https:\\\/\\\/www.fopla-aabpo.ca\\\/fr\\\/\",\"name\":\"FOPLA-AABPO\",\"description\":\"Friends of the Ottawa Public Library Association\",\"publisher\":{\"@id\":\"https:\\\/\\\/www.fopla-aabpo.ca\\\/fr\\\/#organization\"},\"potentialAction\":[{\"@type\":\"SearchAction\",\"target\":{\"@type\":\"EntryPoint\",\"urlTemplate\":\"https:\\\/\\\/www.fopla-aabpo.ca\\\/fr\\\/?s={search_term_string}\"},\"query-input\":{\"@type\":\"PropertyValueSpecification\",\"valueRequired\":true,\"valueName\":\"search_term_string\"}}],\"inLanguage\":\"fr-FR\"},{\"@type\":\"Organization\",\"@id\":\"https:\\\/\\\/www.fopla-aabpo.ca\\\/fr\\\/#organization\",\"name\":\"Friends of the Ottawa Public Library Association\",\"url\":\"https:\\\/\\\/www.fopla-aabpo.ca\\\/fr\\\/\",\"logo\":{\"@type\":\"ImageObject\",\"inLanguage\":\"fr-FR\",\"@id\":\"https:\\\/\\\/www.fopla-aabpo.ca\\\/fr\\\/#\\\/schema\\\/logo\\\/image\\\/\",\"url\":\"https:\\\/\\\/www.fopla-aabpo.ca\\\/wp-content\\\/uploads\\\/2017\\\/02\\\/FOPLA-vertical-about.png\",\"contentUrl\":\"https:\\\/\\\/www.fopla-aabpo.ca\\\/wp-content\\\/uploads\\\/2017\\\/02\\\/FOPLA-vertical-about.png\",\"width\":131,\"height\":200,\"caption\":\"Friends of the Ottawa Public Library Association\"},\"image\":{\"@id\":\"https:\\\/\\\/www.fopla-aabpo.ca\\\/fr\\\/#\\\/schema\\\/logo\\\/image\\\/\"},\"sameAs\":[\"https:\\\/\\\/www.facebook.com\\\/FOPLAAABPO\\\/\",\"https:\\\/\\\/x.com\\\/OPL_Friends\",\"https:\\\/\\\/www.instagram.com\\\/oplbpofriends\\\/\",\"https:\\\/\\\/www.linkedin.com\\\/groups\\\/3745080\\\/profile\"]}]}<\/script>\n<!-- \/ Yoast SEO plugin. -->","yoast_head_json":{"title":"Demandez un re\u00e7u officiel pour votre don en nature | FOPLA-AABPO","description":"Demandez un re\u00e7u officiel pour votre don d\u2019articles admissibles tels que des livres ou disques de vinyle rares \u00e0 l\u2019Association des amis de la Biblioth\u00e8que publique d\u2019Ottawa.","robots":{"index":"index","follow":"follow","max-snippet":"max-snippet:-1","max-image-preview":"max-image-preview:large","max-video-preview":"max-video-preview:-1"},"canonical":"https:\/\/www.fopla-aabpo.ca\/fr\/recevez-un-recu-officiel\/demandez\/","og_locale":"fr_FR","og_type":"article","og_title":"Demandez un re\u00e7u officiel pour votre don en nature | FOPLA-AABPO","og_description":"Demandez un re\u00e7u officiel pour votre don d\u2019articles admissibles tels que des livres ou disques de vinyle rares \u00e0 l\u2019Association des amis de la Biblioth\u00e8que publique d\u2019Ottawa.","og_url":"https:\/\/www.fopla-aabpo.ca\/fr\/recevez-un-recu-officiel\/demandez\/","og_site_name":"FOPLA-AABPO","article_publisher":"https:\/\/www.facebook.com\/FOPLAAABPO\/","article_modified_time":"2019-05-02T14:59:48+00:00","og_image":[{"width":776,"height":366,"url":"https:\/\/www.fopla-aabpo.ca\/wp-content\/uploads\/2017\/03\/fopla-logo-fullname.jpg","type":"image\/jpeg"}],"twitter_card":"summary_large_image","twitter_site":"@OPL_Friends","twitter_misc":{"Dur\u00e9e de lecture estim\u00e9e":"1 minute"},"schema":{"@context":"https:\/\/schema.org","@graph":[{"@type":"WebPage","@id":"https:\/\/www.fopla-aabpo.ca\/fr\/recevez-un-recu-officiel\/demandez\/","url":"https:\/\/www.fopla-aabpo.ca\/fr\/recevez-un-recu-officiel\/demandez\/","name":"Demandez un re\u00e7u officiel pour votre don en nature | FOPLA-AABPO","isPartOf":{"@id":"https:\/\/www.fopla-aabpo.ca\/fr\/#website"},"datePublished":"2019-05-01T20:05:01+00:00","dateModified":"2019-05-02T14:59:48+00:00","description":"Demandez un re\u00e7u officiel pour votre don d\u2019articles admissibles tels que des livres ou disques de vinyle rares \u00e0 l\u2019Association des amis de la Biblioth\u00e8que publique d\u2019Ottawa.","breadcrumb":{"@id":"https:\/\/www.fopla-aabpo.ca\/fr\/recevez-un-recu-officiel\/demandez\/#breadcrumb"},"inLanguage":"fr-FR","potentialAction":[{"@type":"ReadAction","target":["https:\/\/www.fopla-aabpo.ca\/fr\/recevez-un-recu-officiel\/demandez\/"]}]},{"@type":"BreadcrumbList","@id":"https:\/\/www.fopla-aabpo.ca\/fr\/recevez-un-recu-officiel\/demandez\/#breadcrumb","itemListElement":[{"@type":"ListItem","position":1,"name":"Home","item":"https:\/\/www.fopla-aabpo.ca\/fr\/"},{"@type":"ListItem","position":2,"name":"Recevez un re\u00e7u officiel pour les dons d\u2019articles admissibles","item":"https:\/\/www.fopla-aabpo.ca\/fr\/recevez-un-recu-officiel\/"},{"@type":"ListItem","position":3,"name":"Demandez un re\u00e7u officiel pour votre don en nature"}]},{"@type":"WebSite","@id":"https:\/\/www.fopla-aabpo.ca\/fr\/#website","url":"https:\/\/www.fopla-aabpo.ca\/fr\/","name":"FOPLA-AABPO","description":"Friends of the Ottawa Public Library Association","publisher":{"@id":"https:\/\/www.fopla-aabpo.ca\/fr\/#organization"},"potentialAction":[{"@type":"SearchAction","target":{"@type":"EntryPoint","urlTemplate":"https:\/\/www.fopla-aabpo.ca\/fr\/?s={search_term_string}"},"query-input":{"@type":"PropertyValueSpecification","valueRequired":true,"valueName":"search_term_string"}}],"inLanguage":"fr-FR"},{"@type":"Organization","@id":"https:\/\/www.fopla-aabpo.ca\/fr\/#organization","name":"Friends of the Ottawa Public Library Association","url":"https:\/\/www.fopla-aabpo.ca\/fr\/","logo":{"@type":"ImageObject","inLanguage":"fr-FR","@id":"https:\/\/www.fopla-aabpo.ca\/fr\/#\/schema\/logo\/image\/","url":"https:\/\/www.fopla-aabpo.ca\/wp-content\/uploads\/2017\/02\/FOPLA-vertical-about.png","contentUrl":"https:\/\/www.fopla-aabpo.ca\/wp-content\/uploads\/2017\/02\/FOPLA-vertical-about.png","width":131,"height":200,"caption":"Friends of the Ottawa Public Library Association"},"image":{"@id":"https:\/\/www.fopla-aabpo.ca\/fr\/#\/schema\/logo\/image\/"},"sameAs":["https:\/\/www.facebook.com\/FOPLAAABPO\/","https:\/\/x.com\/OPL_Friends","https:\/\/www.instagram.com\/oplbpofriends\/","https:\/\/www.linkedin.com\/groups\/3745080\/profile"]}]}},"_links":{"self":[{"href":"https:\/\/www.fopla-aabpo.ca\/fr\/wp-json\/wp\/v2\/pages\/7707","targetHints":{"allow":["GET"]}}],"collection":[{"href":"https:\/\/www.fopla-aabpo.ca\/fr\/wp-json\/wp\/v2\/pages"}],"about":[{"href":"https:\/\/www.fopla-aabpo.ca\/fr\/wp-json\/wp\/v2\/types\/page"}],"author":[{"embeddable":true,"href":"https:\/\/www.fopla-aabpo.ca\/fr\/wp-json\/wp\/v2\/users\/1"}],"replies":[{"embeddable":true,"href":"https:\/\/www.fopla-aabpo.ca\/fr\/wp-json\/wp\/v2\/comments?post=7707"}],"version-history":[{"count":1,"href":"https:\/\/www.fopla-aabpo.ca\/fr\/wp-json\/wp\/v2\/pages\/7707\/revisions"}],"predecessor-version":[{"id":7708,"href":"https:\/\/www.fopla-aabpo.ca\/fr\/wp-json\/wp\/v2\/pages\/7707\/revisions\/7708"}],"up":[{"embeddable":true,"href":"https:\/\/www.fopla-aabpo.ca\/fr\/wp-json\/wp\/v2\/pages\/7698"}],"wp:attachment":[{"href":"https:\/\/www.fopla-aabpo.ca\/fr\/wp-json\/wp\/v2\/media?parent=7707"}],"curies":[{"name":"wp","href":"https:\/\/api.w.org\/{rel}","templated":true}]}}