{"id":958,"date":"2017-03-25T07:28:25","date_gmt":"2017-03-25T11:28:25","guid":{"rendered":"https:\/\/www.fopla-aabpo.ca\/boutique\/"},"modified":"2022-12-30T11:03:40","modified_gmt":"2022-12-30T16:03:40","slug":"boutique","status":"publish","type":"page","link":"https:\/\/www.fopla-aabpo.ca\/fr\/boutique\/","title":{"rendered":"Boutique"},"content":{"rendered":"<div class=\"fusion-fullwidth fullwidth-box fusion-builder-row-1 fusion-flex-container nonhundred-percent-fullwidth non-hundred-percent-height-scrolling\" style=\"--awb-border-radius-top-left:0px;--awb-border-radius-top-right:0px;--awb-border-radius-bottom-right:0px;--awb-border-radius-bottom-left:0px;--awb-flex-wrap:wrap;\" ><div class=\"fusion-builder-row fusion-row fusion-flex-align-items-flex-start fusion-flex-content-wrap\" style=\"max-width:1248px;margin-left: calc(-4% \/ 2 );margin-right: calc(-4% \/ 2 );\"><div class=\"fusion-layout-column fusion_builder_column fusion-builder-column-0 fusion_builder_column_1_1 1_1 fusion-flex-column\" style=\"--awb-bg-size:cover;--awb-width-large:100%;--awb-margin-top-large:0px;--awb-spacing-right-large:1.92%;--awb-margin-bottom-large:20px;--awb-spacing-left-large:1.92%;--awb-width-medium:100%;--awb-order-medium:0;--awb-spacing-right-medium:1.92%;--awb-spacing-left-medium:1.92%;--awb-width-small:100%;--awb-order-small:0;--awb-spacing-right-small:1.92%;--awb-spacing-left-small:1.92%;\"><div class=\"fusion-column-wrapper fusion-column-has-shadow fusion-flex-justify-content-flex-start fusion-content-layout-column\"><div class=\"fusion-text fusion-text-1\"><p><strong><em>Pot-pourri<\/em><\/strong><strong> 2022 est d\u00e9sormais disponible dans notre boutique en ligne \u2013 <a href=\"https:\/\/kindreads.com\/products\/pot-pourri-2022\">Kindreads.com<\/a><\/strong><\/p>\n<p>Nous sommes ravis d&#8217;annoncer la sortie de notre 16<sup>e<\/sup> anthologie annuelle d\u2019\u00e9criture par les jeunes\u2026 <em>pot-pourri<\/em> 2022! Cette collection pr\u00e9sente des po\u00e8mes, des nouvelles et des bandes dessin\u00e9es originales en fran\u00e7ais et en anglais par les gagnants et gagnantes du <a href=\"https:\/\/biblioottawalibrary.ca\/fr\/concours-d%C3%A9criture-pour-les-jeunes-super-auteures-2022\">concours \u00ab\u00a0Super auteurs\u00a0\u00bb<\/a> de la Biblioth\u00e8que publique d&#8217;Ottawa.<\/p>\n<p>Connaissez-vous l&#8217;un(e) des auteur(e)s les plus talentueux(ses) de l&#8217;\u00e9dition de cette ann\u00e9e? Ou peut-\u00eatre souhaitez-vous faire des achats locaux tout en soutenant les biblioth\u00e8ques publiques d&#8217;Ottawa? Si c&#8217;est le cas, procurez-vous d\u00e8s aujourd&#8217;hui votre exemplaire dans notre <a href=\"https:\/\/kindreads.com\/products\/pot-pourri-2021?_pos=1&amp;_sid=f20d0959f&amp;_ss=r\">boutique en ligne<\/a> et partagez le cadeau d&#8217;une histoire originale avec votre famille et vos amis. <a href=\"https:\/\/www.fopla-aabpo.ca\/fr\/donnez-a-laabpo\/\">Les recettes de toutes les ventes sont vers\u00e9es \u00e0 la Biblioth\u00e8que publique d&#8217;Ottawa<\/a>.<\/p>\n<\/div><div class=\"fusion-image-element \" style=\"text-align:center;--awb-caption-title-font-family:var(--h2_typography-font-family);--awb-caption-title-font-weight:var(--h2_typography-font-weight);--awb-caption-title-font-style:var(--h2_typography-font-style);--awb-caption-title-size:var(--h2_typography-font-size);--awb-caption-title-transform:var(--h2_typography-text-transform);--awb-caption-title-line-height:var(--h2_typography-line-height);--awb-caption-title-letter-spacing:var(--h2_typography-letter-spacing);\"><span class=\" fusion-imageframe imageframe-none imageframe-1 hover-type-none\"><img decoding=\"async\" width=\"225\" height=\"300\" alt=\"Pot-Pourri Cover 2022\" title=\"Copy of FOPLA_pot pourri 2022 Cover WEB (1)\" src=\"https:\/\/www.fopla-aabpo.ca\/wp-content\/uploads\/2022\/12\/Copy-of-FOPLA_pot-pourri-2022-Cover-WEB-1-225x300.png\" class=\"img-responsive wp-image-9745\" srcset=\"https:\/\/www.fopla-aabpo.ca\/wp-content\/uploads\/2022\/12\/Copy-of-FOPLA_pot-pourri-2022-Cover-WEB-1-200x267.png 200w, https:\/\/www.fopla-aabpo.ca\/wp-content\/uploads\/2022\/12\/Copy-of-FOPLA_pot-pourri-2022-Cover-WEB-1-400x533.png 400w, https:\/\/www.fopla-aabpo.ca\/wp-content\/uploads\/2022\/12\/Copy-of-FOPLA_pot-pourri-2022-Cover-WEB-1-600x800.png 600w, https:\/\/www.fopla-aabpo.ca\/wp-content\/uploads\/2022\/12\/Copy-of-FOPLA_pot-pourri-2022-Cover-WEB-1-800x1067.png 800w, https:\/\/www.fopla-aabpo.ca\/wp-content\/uploads\/2022\/12\/Copy-of-FOPLA_pot-pourri-2022-Cover-WEB-1-1200x1600.png 1200w, https:\/\/www.fopla-aabpo.ca\/wp-content\/uploads\/2022\/12\/Copy-of-FOPLA_pot-pourri-2022-Cover-WEB-1.png 1800w\" sizes=\"(max-width: 1024px) 100vw, (max-width: 640px) 100vw, 1200px\" \/><\/span><\/div><\/div><\/div><\/div><\/div>\n","protected":false},"excerpt":{"rendered":"","protected":false},"author":1,"featured_media":0,"parent":0,"menu_order":0,"comment_status":"closed","ping_status":"closed","template":"","meta":{"footnotes":"","_links_to":"","_links_to_target":""},"class_list":["post-958","page","type-page","status-publish","hentry"],"yoast_head":"<!-- This site is optimized with the Yoast SEO plugin v27.3 - https:\/\/yoast.com\/product\/yoast-seo-wordpress\/ -->\n<title>Boutique de l&#039;AABPO<\/title>\n<meta name=\"description\" content=\"Explorez nos produits ou utilisez notre fonction magasinez en ligne pour d\u00e9couvrir pot-pourri, une anthologie pr\u00e9sentant dans les deux langues par les gagnants du concours d\u2019\u00e9criture pour les jeunes de la Biblioth\u00e8que publique d\u2019Ottawa.\" \/>\n<meta name=\"robots\" content=\"index, follow, max-snippet:-1, max-image-preview:large, max-video-preview:-1\" \/>\n<link rel=\"canonical\" href=\"https:\/\/www.fopla-aabpo.ca\/fr\/boutique\/\" \/>\n<meta property=\"og:locale\" content=\"fr_FR\" \/>\n<meta property=\"og:type\" content=\"article\" \/>\n<meta property=\"og:title\" content=\"Boutique de l&#039;AABPO\" \/>\n<meta property=\"og:description\" content=\"Explorez nos produits ou utilisez notre fonction magasinez en ligne pour d\u00e9couvrir pot-pourri, une anthologie pr\u00e9sentant dans les deux langues par les gagnants du concours d\u2019\u00e9criture pour les jeunes de la Biblioth\u00e8que publique d\u2019Ottawa.\" \/>\n<meta property=\"og:url\" content=\"https:\/\/www.fopla-aabpo.ca\/fr\/boutique\/\" \/>\n<meta property=\"og:site_name\" content=\"FOPLA-AABPO\" \/>\n<meta property=\"article:publisher\" content=\"https:\/\/www.facebook.com\/FOPLAAABPO\/\" \/>\n<meta property=\"article:modified_time\" content=\"2022-12-30T16:03:40+00:00\" \/>\n<meta property=\"og:image\" content=\"https:\/\/www.fopla-aabpo.ca\/wp-content\/uploads\/2017\/03\/fopla-logo-fullname.jpg\" \/>\n\t<meta property=\"og:image:width\" content=\"776\" \/>\n\t<meta property=\"og:image:height\" content=\"366\" \/>\n\t<meta property=\"og:image:type\" content=\"image\/jpeg\" \/>\n<meta name=\"twitter:card\" content=\"summary_large_image\" \/>\n<meta name=\"twitter:site\" content=\"@OPL_Friends\" \/>\n<meta name=\"twitter:label1\" content=\"Dur\u00e9e de lecture estim\u00e9e\" \/>\n\t<meta name=\"twitter:data1\" content=\"2 minutes\" \/>\n<script type=\"application\/ld+json\" class=\"yoast-schema-graph\">{\"@context\":\"https:\\\/\\\/schema.org\",\"@graph\":[{\"@type\":\"WebPage\",\"@id\":\"https:\\\/\\\/www.fopla-aabpo.ca\\\/fr\\\/boutique\\\/\",\"url\":\"https:\\\/\\\/www.fopla-aabpo.ca\\\/fr\\\/boutique\\\/\",\"name\":\"Boutique de l'AABPO\",\"isPartOf\":{\"@id\":\"https:\\\/\\\/www.fopla-aabpo.ca\\\/fr\\\/#website\"},\"datePublished\":\"2017-03-25T11:28:25+00:00\",\"dateModified\":\"2022-12-30T16:03:40+00:00\",\"description\":\"Explorez nos produits ou utilisez notre fonction magasinez en ligne pour d\u00e9couvrir pot-pourri, une anthologie pr\u00e9sentant dans les deux langues par les gagnants du concours d\u2019\u00e9criture pour les jeunes de la Biblioth\u00e8que publique d\u2019Ottawa.\",\"breadcrumb\":{\"@id\":\"https:\\\/\\\/www.fopla-aabpo.ca\\\/fr\\\/boutique\\\/#breadcrumb\"},\"inLanguage\":\"fr-FR\",\"potentialAction\":[{\"@type\":\"ReadAction\",\"target\":[\"https:\\\/\\\/www.fopla-aabpo.ca\\\/fr\\\/boutique\\\/\"]}]},{\"@type\":\"BreadcrumbList\",\"@id\":\"https:\\\/\\\/www.fopla-aabpo.ca\\\/fr\\\/boutique\\\/#breadcrumb\",\"itemListElement\":[{\"@type\":\"ListItem\",\"position\":1,\"name\":\"Home\",\"item\":\"https:\\\/\\\/www.fopla-aabpo.ca\\\/fr\\\/\"},{\"@type\":\"ListItem\",\"position\":2,\"name\":\"Boutique\"}]},{\"@type\":\"WebSite\",\"@id\":\"https:\\\/\\\/www.fopla-aabpo.ca\\\/fr\\\/#website\",\"url\":\"https:\\\/\\\/www.fopla-aabpo.ca\\\/fr\\\/\",\"name\":\"FOPLA-AABPO\",\"description\":\"Friends of the Ottawa Public Library Association\",\"publisher\":{\"@id\":\"https:\\\/\\\/www.fopla-aabpo.ca\\\/fr\\\/#organization\"},\"potentialAction\":[{\"@type\":\"SearchAction\",\"target\":{\"@type\":\"EntryPoint\",\"urlTemplate\":\"https:\\\/\\\/www.fopla-aabpo.ca\\\/fr\\\/?s={search_term_string}\"},\"query-input\":{\"@type\":\"PropertyValueSpecification\",\"valueRequired\":true,\"valueName\":\"search_term_string\"}}],\"inLanguage\":\"fr-FR\"},{\"@type\":\"Organization\",\"@id\":\"https:\\\/\\\/www.fopla-aabpo.ca\\\/fr\\\/#organization\",\"name\":\"Friends of the Ottawa Public Library Association\",\"url\":\"https:\\\/\\\/www.fopla-aabpo.ca\\\/fr\\\/\",\"logo\":{\"@type\":\"ImageObject\",\"inLanguage\":\"fr-FR\",\"@id\":\"https:\\\/\\\/www.fopla-aabpo.ca\\\/fr\\\/#\\\/schema\\\/logo\\\/image\\\/\",\"url\":\"https:\\\/\\\/www.fopla-aabpo.ca\\\/wp-content\\\/uploads\\\/2017\\\/02\\\/FOPLA-vertical-about.png\",\"contentUrl\":\"https:\\\/\\\/www.fopla-aabpo.ca\\\/wp-content\\\/uploads\\\/2017\\\/02\\\/FOPLA-vertical-about.png\",\"width\":131,\"height\":200,\"caption\":\"Friends of the Ottawa Public Library Association\"},\"image\":{\"@id\":\"https:\\\/\\\/www.fopla-aabpo.ca\\\/fr\\\/#\\\/schema\\\/logo\\\/image\\\/\"},\"sameAs\":[\"https:\\\/\\\/www.facebook.com\\\/FOPLAAABPO\\\/\",\"https:\\\/\\\/x.com\\\/OPL_Friends\",\"https:\\\/\\\/www.instagram.com\\\/oplbpofriends\\\/\",\"https:\\\/\\\/www.linkedin.com\\\/groups\\\/3745080\\\/profile\"]}]}<\/script>\n<!-- \/ Yoast SEO plugin. -->","yoast_head_json":{"title":"Boutique de l'AABPO","description":"Explorez nos produits ou utilisez notre fonction magasinez en ligne pour d\u00e9couvrir pot-pourri, une anthologie pr\u00e9sentant dans les deux langues par les gagnants du concours d\u2019\u00e9criture pour les jeunes de la Biblioth\u00e8que publique d\u2019Ottawa.","robots":{"index":"index","follow":"follow","max-snippet":"max-snippet:-1","max-image-preview":"max-image-preview:large","max-video-preview":"max-video-preview:-1"},"canonical":"https:\/\/www.fopla-aabpo.ca\/fr\/boutique\/","og_locale":"fr_FR","og_type":"article","og_title":"Boutique de l'AABPO","og_description":"Explorez nos produits ou utilisez notre fonction magasinez en ligne pour d\u00e9couvrir pot-pourri, une anthologie pr\u00e9sentant dans les deux langues par les gagnants du concours d\u2019\u00e9criture pour les jeunes de la Biblioth\u00e8que publique d\u2019Ottawa.","og_url":"https:\/\/www.fopla-aabpo.ca\/fr\/boutique\/","og_site_name":"FOPLA-AABPO","article_publisher":"https:\/\/www.facebook.com\/FOPLAAABPO\/","article_modified_time":"2022-12-30T16:03:40+00:00","og_image":[{"width":776,"height":366,"url":"https:\/\/www.fopla-aabpo.ca\/wp-content\/uploads\/2017\/03\/fopla-logo-fullname.jpg","type":"image\/jpeg"}],"twitter_card":"summary_large_image","twitter_site":"@OPL_Friends","twitter_misc":{"Dur\u00e9e de lecture estim\u00e9e":"2 minutes"},"schema":{"@context":"https:\/\/schema.org","@graph":[{"@type":"WebPage","@id":"https:\/\/www.fopla-aabpo.ca\/fr\/boutique\/","url":"https:\/\/www.fopla-aabpo.ca\/fr\/boutique\/","name":"Boutique de l'AABPO","isPartOf":{"@id":"https:\/\/www.fopla-aabpo.ca\/fr\/#website"},"datePublished":"2017-03-25T11:28:25+00:00","dateModified":"2022-12-30T16:03:40+00:00","description":"Explorez nos produits ou utilisez notre fonction magasinez en ligne pour d\u00e9couvrir pot-pourri, une anthologie pr\u00e9sentant dans les deux langues par les gagnants du concours d\u2019\u00e9criture pour les jeunes de la Biblioth\u00e8que publique d\u2019Ottawa.","breadcrumb":{"@id":"https:\/\/www.fopla-aabpo.ca\/fr\/boutique\/#breadcrumb"},"inLanguage":"fr-FR","potentialAction":[{"@type":"ReadAction","target":["https:\/\/www.fopla-aabpo.ca\/fr\/boutique\/"]}]},{"@type":"BreadcrumbList","@id":"https:\/\/www.fopla-aabpo.ca\/fr\/boutique\/#breadcrumb","itemListElement":[{"@type":"ListItem","position":1,"name":"Home","item":"https:\/\/www.fopla-aabpo.ca\/fr\/"},{"@type":"ListItem","position":2,"name":"Boutique"}]},{"@type":"WebSite","@id":"https:\/\/www.fopla-aabpo.ca\/fr\/#website","url":"https:\/\/www.fopla-aabpo.ca\/fr\/","name":"FOPLA-AABPO","description":"Friends of the Ottawa Public Library Association","publisher":{"@id":"https:\/\/www.fopla-aabpo.ca\/fr\/#organization"},"potentialAction":[{"@type":"SearchAction","target":{"@type":"EntryPoint","urlTemplate":"https:\/\/www.fopla-aabpo.ca\/fr\/?s={search_term_string}"},"query-input":{"@type":"PropertyValueSpecification","valueRequired":true,"valueName":"search_term_string"}}],"inLanguage":"fr-FR"},{"@type":"Organization","@id":"https:\/\/www.fopla-aabpo.ca\/fr\/#organization","name":"Friends of the Ottawa Public Library Association","url":"https:\/\/www.fopla-aabpo.ca\/fr\/","logo":{"@type":"ImageObject","inLanguage":"fr-FR","@id":"https:\/\/www.fopla-aabpo.ca\/fr\/#\/schema\/logo\/image\/","url":"https:\/\/www.fopla-aabpo.ca\/wp-content\/uploads\/2017\/02\/FOPLA-vertical-about.png","contentUrl":"https:\/\/www.fopla-aabpo.ca\/wp-content\/uploads\/2017\/02\/FOPLA-vertical-about.png","width":131,"height":200,"caption":"Friends of the Ottawa Public Library Association"},"image":{"@id":"https:\/\/www.fopla-aabpo.ca\/fr\/#\/schema\/logo\/image\/"},"sameAs":["https:\/\/www.facebook.com\/FOPLAAABPO\/","https:\/\/x.com\/OPL_Friends","https:\/\/www.instagram.com\/oplbpofriends\/","https:\/\/www.linkedin.com\/groups\/3745080\/profile"]}]}},"_links":{"self":[{"href":"https:\/\/www.fopla-aabpo.ca\/fr\/wp-json\/wp\/v2\/pages\/958","targetHints":{"allow":["GET"]}}],"collection":[{"href":"https:\/\/www.fopla-aabpo.ca\/fr\/wp-json\/wp\/v2\/pages"}],"about":[{"href":"https:\/\/www.fopla-aabpo.ca\/fr\/wp-json\/wp\/v2\/types\/page"}],"author":[{"embeddable":true,"href":"https:\/\/www.fopla-aabpo.ca\/fr\/wp-json\/wp\/v2\/users\/1"}],"replies":[{"embeddable":true,"href":"https:\/\/www.fopla-aabpo.ca\/fr\/wp-json\/wp\/v2\/comments?post=958"}],"version-history":[{"count":9,"href":"https:\/\/www.fopla-aabpo.ca\/fr\/wp-json\/wp\/v2\/pages\/958\/revisions"}],"predecessor-version":[{"id":9823,"href":"https:\/\/www.fopla-aabpo.ca\/fr\/wp-json\/wp\/v2\/pages\/958\/revisions\/9823"}],"wp:attachment":[{"href":"https:\/\/www.fopla-aabpo.ca\/fr\/wp-json\/wp\/v2\/media?parent=958"}],"curies":[{"name":"wp","href":"https:\/\/api.w.org\/{rel}","templated":true}]}}