{"id":4873,"date":"2018-03-27T11:30:11","date_gmt":"2018-03-27T15:30:12","guid":{"rendered":"https:\/\/www.fopla-aabpo.ca\/?post_type=product&#038;p=4873"},"modified":"2020-12-01T14:54:59","modified_gmt":"2020-12-01T19:54:59","slug":"pot-pourri-2018","status":"publish","type":"product","link":"https:\/\/www.fopla-aabpo.ca\/fr\/boutique\/pot-pourri-2018\/","title":{"rendered":"Pot-pourri 2018"},"content":{"rendered":"<div class=\"fusion-fullwidth fullwidth-box fusion-builder-row-1 nonhundred-percent-fullwidth non-hundred-percent-height-scrolling\" style=\"--awb-border-radius-top-left:0px;--awb-border-radius-top-right:0px;--awb-border-radius-bottom-right:0px;--awb-border-radius-bottom-left:0px;--awb-flex-wrap:wrap;\" ><div class=\"fusion-builder-row fusion-row\"><div class=\"fusion-layout-column fusion_builder_column fusion-builder-column-0 fusion_builder_column_1_1 1_1 fusion-one-full fusion-column-first fusion-column-last\" style=\"--awb-bg-size:cover;--awb-margin-bottom:0px;\"><div class=\"fusion-column-wrapper fusion-flex-column-wrapper-legacy\"><div class=\"fusion-alert alert general alert-info fusion-alert-center fusion-alert-capitalize awb-alert-native-link-color alert-dismissable awb-alert-close-boxed\" role=\"alert\"><div class=\"fusion-alert-content-wrapper\"><span class=\"alert-icon\"><i class=\"awb-icon-info-circle\" aria-hidden=\"true\"><\/i><\/span><span class=\"fusion-alert-content\">Dates limites pour les commandes du temps des F\u00eates :<br \/>Prenez de l\u2019avance pour faire vos achats en ligne.\u00a0Pour vous assurer de recevoir vos colis avant le 24 d\u00e9cembre, nous vous conseillons de passer vos commandes d\u2019articles avant\u00a0le dimanche 6 d\u00e9cembre.<\/span><\/div><button type=\"button\" class=\"close toggle-alert\" data-dismiss=\"alert\" aria-label=\"Close\">&times;<\/button><\/div><div class=\"fusion-text fusion-text-1\"><p>Connaissez-vous les auteurs pr\u00e9sent\u00e9s dans cette \u00e9dition de\u00a0<em>pot-pourri<\/em>? Peut-\u00eatre souhaitez-vous tout simplement appuyer les jeunes talents litt\u00e9raires florissants d\u2019Ottawa? Si c\u2019est le cas, commande un exemplaire de l\u2019anthologie des jeunes auteurs de l\u2019AABPO d\u00e8s aujourd\u2019hui! Chaque vente permet d\u2019appuyer la Biblioth\u00e8que publique d\u2019Ottawa et son concours d\u2019\u00e9criture pour les jeunes Super auteurs.<\/p>\n<\/div><div class=\"fusion-clearfix\"><\/div><\/div><\/div><\/div><\/div>\n","protected":false},"excerpt":{"rendered":"<p>L\u2019anthologie annuelle des jeunes auteurs de l\u2019AABPO pr\u00e9sente les talents cr\u00e9atifs qui ont remport\u00e9 le concours d\u2019\u00e9criture pour les jeunes Super auteurs de la Biblioth\u00e8que publique d\u2019Ottawa.<\/p>\n","protected":false},"featured_media":5563,"comment_status":"open","ping_status":"closed","template":"","meta":{"_links_to":"","_links_to_target":""},"product_cat":[106],"product_tag":[161],"class_list":{"0":"post-4873","1":"product","2":"type-product","3":"status-publish","4":"has-post-thumbnail","6":"product_cat-publications-de-laabpo","7":"product_tag-pot-pourri-fr","9":"first","10":"instock","11":"featured","12":"purchasable","13":"product-type-simple"},"yoast_head":"<!-- This site is optimized with the Yoast SEO plugin v27.4 - https:\/\/yoast.com\/product\/yoast-seo-wordpress\/ -->\n<title>Pot-pourri 2018 | FOPLA-AABPO<\/title>\n<meta name=\"description\" content=\"L\u2019anthologie pot-pourri pr\u00e9sente les talents cr\u00e9atifs qui ont remport\u00e9 le concours d\u2019\u00e9criture pour les jeunes Super auteurs de la Biblioth\u00e8que publique d\u2019Ottawa.\" \/>\n<meta name=\"robots\" content=\"index, follow, max-snippet:-1, max-image-preview:large, max-video-preview:-1\" \/>\n<link rel=\"canonical\" href=\"https:\/\/www.fopla-aabpo.ca\/fr\/boutique\/pot-pourri-2018\/\" \/>\n<meta property=\"og:locale\" content=\"fr_FR\" \/>\n<meta property=\"og:type\" content=\"article\" \/>\n<meta property=\"og:title\" content=\"Pot-pourri 2018 | FOPLA-AABPO\" \/>\n<meta property=\"og:description\" content=\"L\u2019anthologie pot-pourri pr\u00e9sente les talents cr\u00e9atifs qui ont remport\u00e9 le concours d\u2019\u00e9criture pour les jeunes Super auteurs de la Biblioth\u00e8que publique d\u2019Ottawa.\" \/>\n<meta property=\"og:url\" content=\"https:\/\/www.fopla-aabpo.ca\/fr\/boutique\/pot-pourri-2018\/\" \/>\n<meta property=\"og:site_name\" content=\"FOPLA-AABPO\" \/>\n<meta property=\"article:publisher\" content=\"https:\/\/www.facebook.com\/FOPLAAABPO\/\" \/>\n<meta property=\"article:modified_time\" content=\"2020-12-01T19:54:59+00:00\" \/>\n<meta property=\"og:image\" content=\"https:\/\/www.fopla-aabpo.ca\/wp-content\/uploads\/2018\/03\/pp2018.jpg\" \/>\n\t<meta property=\"og:image:width\" content=\"300\" \/>\n\t<meta property=\"og:image:height\" content=\"466\" \/>\n\t<meta property=\"og:image:type\" content=\"image\/jpeg\" \/>\n<meta name=\"twitter:card\" content=\"summary_large_image\" \/>\n<meta name=\"twitter:site\" content=\"@OPL_Friends\" \/>\n<meta name=\"twitter:label1\" content=\"Dur\u00e9e de lecture estim\u00e9e\" \/>\n\t<meta name=\"twitter:data1\" content=\"2 minutes\" \/>\n<script type=\"application\/ld+json\" class=\"yoast-schema-graph\">{\"@context\":\"https:\\\/\\\/schema.org\",\"@graph\":[{\"@type\":\"WebPage\",\"@id\":\"https:\\\/\\\/www.fopla-aabpo.ca\\\/fr\\\/boutique\\\/pot-pourri-2018\\\/\",\"url\":\"https:\\\/\\\/www.fopla-aabpo.ca\\\/fr\\\/boutique\\\/pot-pourri-2018\\\/\",\"name\":\"Pot-pourri 2018 | FOPLA-AABPO\",\"isPartOf\":{\"@id\":\"https:\\\/\\\/www.fopla-aabpo.ca\\\/fr\\\/#website\"},\"primaryImageOfPage\":{\"@id\":\"https:\\\/\\\/www.fopla-aabpo.ca\\\/fr\\\/boutique\\\/pot-pourri-2018\\\/#primaryimage\"},\"image\":{\"@id\":\"https:\\\/\\\/www.fopla-aabpo.ca\\\/fr\\\/boutique\\\/pot-pourri-2018\\\/#primaryimage\"},\"thumbnailUrl\":\"https:\\\/\\\/www.fopla-aabpo.ca\\\/wp-content\\\/uploads\\\/2018\\\/03\\\/pp2018.jpg\",\"datePublished\":\"2018-03-27T15:30:12+00:00\",\"dateModified\":\"2020-12-01T19:54:59+00:00\",\"description\":\"L\u2019anthologie pot-pourri pr\u00e9sente les talents cr\u00e9atifs qui ont remport\u00e9 le concours d\u2019\u00e9criture pour les jeunes Super auteurs de la Biblioth\u00e8que publique d\u2019Ottawa.\",\"breadcrumb\":{\"@id\":\"https:\\\/\\\/www.fopla-aabpo.ca\\\/fr\\\/boutique\\\/pot-pourri-2018\\\/#breadcrumb\"},\"inLanguage\":\"fr-FR\",\"potentialAction\":[{\"@type\":\"ReadAction\",\"target\":[\"https:\\\/\\\/www.fopla-aabpo.ca\\\/fr\\\/boutique\\\/pot-pourri-2018\\\/\"]}]},{\"@type\":\"ImageObject\",\"inLanguage\":\"fr-FR\",\"@id\":\"https:\\\/\\\/www.fopla-aabpo.ca\\\/fr\\\/boutique\\\/pot-pourri-2018\\\/#primaryimage\",\"url\":\"https:\\\/\\\/www.fopla-aabpo.ca\\\/wp-content\\\/uploads\\\/2018\\\/03\\\/pp2018.jpg\",\"contentUrl\":\"https:\\\/\\\/www.fopla-aabpo.ca\\\/wp-content\\\/uploads\\\/2018\\\/03\\\/pp2018.jpg\",\"width\":300,\"height\":466,\"caption\":\"pot pourri 2018\"},{\"@type\":\"BreadcrumbList\",\"@id\":\"https:\\\/\\\/www.fopla-aabpo.ca\\\/fr\\\/boutique\\\/pot-pourri-2018\\\/#breadcrumb\",\"itemListElement\":[{\"@type\":\"ListItem\",\"position\":1,\"name\":\"Home\",\"item\":\"https:\\\/\\\/www.fopla-aabpo.ca\\\/fr\\\/\"},{\"@type\":\"ListItem\",\"position\":2,\"name\":\"Boutique\",\"item\":\"https:\\\/\\\/www.fopla-aabpo.ca\\\/fr\\\/boutique\\\/\"},{\"@type\":\"ListItem\",\"position\":3,\"name\":\"Pot-pourri 2018\"}]},{\"@type\":\"WebSite\",\"@id\":\"https:\\\/\\\/www.fopla-aabpo.ca\\\/fr\\\/#website\",\"url\":\"https:\\\/\\\/www.fopla-aabpo.ca\\\/fr\\\/\",\"name\":\"FOPLA-AABPO\",\"description\":\"Friends of the Ottawa Public Library Association\",\"publisher\":{\"@id\":\"https:\\\/\\\/www.fopla-aabpo.ca\\\/fr\\\/#organization\"},\"potentialAction\":[{\"@type\":\"SearchAction\",\"target\":{\"@type\":\"EntryPoint\",\"urlTemplate\":\"https:\\\/\\\/www.fopla-aabpo.ca\\\/fr\\\/?s={search_term_string}\"},\"query-input\":{\"@type\":\"PropertyValueSpecification\",\"valueRequired\":true,\"valueName\":\"search_term_string\"}}],\"inLanguage\":\"fr-FR\"},{\"@type\":\"Organization\",\"@id\":\"https:\\\/\\\/www.fopla-aabpo.ca\\\/fr\\\/#organization\",\"name\":\"Friends of the Ottawa Public Library Association\",\"url\":\"https:\\\/\\\/www.fopla-aabpo.ca\\\/fr\\\/\",\"logo\":{\"@type\":\"ImageObject\",\"inLanguage\":\"fr-FR\",\"@id\":\"https:\\\/\\\/www.fopla-aabpo.ca\\\/fr\\\/#\\\/schema\\\/logo\\\/image\\\/\",\"url\":\"https:\\\/\\\/www.fopla-aabpo.ca\\\/wp-content\\\/uploads\\\/2017\\\/02\\\/FOPLA-vertical-about.png\",\"contentUrl\":\"https:\\\/\\\/www.fopla-aabpo.ca\\\/wp-content\\\/uploads\\\/2017\\\/02\\\/FOPLA-vertical-about.png\",\"width\":131,\"height\":200,\"caption\":\"Friends of the Ottawa Public Library Association\"},\"image\":{\"@id\":\"https:\\\/\\\/www.fopla-aabpo.ca\\\/fr\\\/#\\\/schema\\\/logo\\\/image\\\/\"},\"sameAs\":[\"https:\\\/\\\/www.facebook.com\\\/FOPLAAABPO\\\/\",\"https:\\\/\\\/x.com\\\/OPL_Friends\",\"https:\\\/\\\/www.instagram.com\\\/oplbpofriends\\\/\",\"https:\\\/\\\/www.linkedin.com\\\/groups\\\/3745080\\\/profile\"]}]}<\/script>\n<!-- \/ Yoast SEO plugin. -->","yoast_head_json":{"title":"Pot-pourri 2018 | FOPLA-AABPO","description":"L\u2019anthologie pot-pourri pr\u00e9sente les talents cr\u00e9atifs qui ont remport\u00e9 le concours d\u2019\u00e9criture pour les jeunes Super auteurs de la Biblioth\u00e8que publique d\u2019Ottawa.","robots":{"index":"index","follow":"follow","max-snippet":"max-snippet:-1","max-image-preview":"max-image-preview:large","max-video-preview":"max-video-preview:-1"},"canonical":"https:\/\/www.fopla-aabpo.ca\/fr\/boutique\/pot-pourri-2018\/","og_locale":"fr_FR","og_type":"article","og_title":"Pot-pourri 2018 | FOPLA-AABPO","og_description":"L\u2019anthologie pot-pourri pr\u00e9sente les talents cr\u00e9atifs qui ont remport\u00e9 le concours d\u2019\u00e9criture pour les jeunes Super auteurs de la Biblioth\u00e8que publique d\u2019Ottawa.","og_url":"https:\/\/www.fopla-aabpo.ca\/fr\/boutique\/pot-pourri-2018\/","og_site_name":"FOPLA-AABPO","article_publisher":"https:\/\/www.facebook.com\/FOPLAAABPO\/","article_modified_time":"2020-12-01T19:54:59+00:00","og_image":[{"width":300,"height":466,"url":"https:\/\/www.fopla-aabpo.ca\/wp-content\/uploads\/2018\/03\/pp2018.jpg","type":"image\/jpeg"}],"twitter_card":"summary_large_image","twitter_site":"@OPL_Friends","twitter_misc":{"Dur\u00e9e de lecture estim\u00e9e":"2 minutes"},"schema":{"@context":"https:\/\/schema.org","@graph":[{"@type":"WebPage","@id":"https:\/\/www.fopla-aabpo.ca\/fr\/boutique\/pot-pourri-2018\/","url":"https:\/\/www.fopla-aabpo.ca\/fr\/boutique\/pot-pourri-2018\/","name":"Pot-pourri 2018 | FOPLA-AABPO","isPartOf":{"@id":"https:\/\/www.fopla-aabpo.ca\/fr\/#website"},"primaryImageOfPage":{"@id":"https:\/\/www.fopla-aabpo.ca\/fr\/boutique\/pot-pourri-2018\/#primaryimage"},"image":{"@id":"https:\/\/www.fopla-aabpo.ca\/fr\/boutique\/pot-pourri-2018\/#primaryimage"},"thumbnailUrl":"https:\/\/www.fopla-aabpo.ca\/wp-content\/uploads\/2018\/03\/pp2018.jpg","datePublished":"2018-03-27T15:30:12+00:00","dateModified":"2020-12-01T19:54:59+00:00","description":"L\u2019anthologie pot-pourri pr\u00e9sente les talents cr\u00e9atifs qui ont remport\u00e9 le concours d\u2019\u00e9criture pour les jeunes Super auteurs de la Biblioth\u00e8que publique d\u2019Ottawa.","breadcrumb":{"@id":"https:\/\/www.fopla-aabpo.ca\/fr\/boutique\/pot-pourri-2018\/#breadcrumb"},"inLanguage":"fr-FR","potentialAction":[{"@type":"ReadAction","target":["https:\/\/www.fopla-aabpo.ca\/fr\/boutique\/pot-pourri-2018\/"]}]},{"@type":"ImageObject","inLanguage":"fr-FR","@id":"https:\/\/www.fopla-aabpo.ca\/fr\/boutique\/pot-pourri-2018\/#primaryimage","url":"https:\/\/www.fopla-aabpo.ca\/wp-content\/uploads\/2018\/03\/pp2018.jpg","contentUrl":"https:\/\/www.fopla-aabpo.ca\/wp-content\/uploads\/2018\/03\/pp2018.jpg","width":300,"height":466,"caption":"pot pourri 2018"},{"@type":"BreadcrumbList","@id":"https:\/\/www.fopla-aabpo.ca\/fr\/boutique\/pot-pourri-2018\/#breadcrumb","itemListElement":[{"@type":"ListItem","position":1,"name":"Home","item":"https:\/\/www.fopla-aabpo.ca\/fr\/"},{"@type":"ListItem","position":2,"name":"Boutique","item":"https:\/\/www.fopla-aabpo.ca\/fr\/boutique\/"},{"@type":"ListItem","position":3,"name":"Pot-pourri 2018"}]},{"@type":"WebSite","@id":"https:\/\/www.fopla-aabpo.ca\/fr\/#website","url":"https:\/\/www.fopla-aabpo.ca\/fr\/","name":"FOPLA-AABPO","description":"Friends of the Ottawa Public Library Association","publisher":{"@id":"https:\/\/www.fopla-aabpo.ca\/fr\/#organization"},"potentialAction":[{"@type":"SearchAction","target":{"@type":"EntryPoint","urlTemplate":"https:\/\/www.fopla-aabpo.ca\/fr\/?s={search_term_string}"},"query-input":{"@type":"PropertyValueSpecification","valueRequired":true,"valueName":"search_term_string"}}],"inLanguage":"fr-FR"},{"@type":"Organization","@id":"https:\/\/www.fopla-aabpo.ca\/fr\/#organization","name":"Friends of the Ottawa Public Library Association","url":"https:\/\/www.fopla-aabpo.ca\/fr\/","logo":{"@type":"ImageObject","inLanguage":"fr-FR","@id":"https:\/\/www.fopla-aabpo.ca\/fr\/#\/schema\/logo\/image\/","url":"https:\/\/www.fopla-aabpo.ca\/wp-content\/uploads\/2017\/02\/FOPLA-vertical-about.png","contentUrl":"https:\/\/www.fopla-aabpo.ca\/wp-content\/uploads\/2017\/02\/FOPLA-vertical-about.png","width":131,"height":200,"caption":"Friends of the Ottawa Public Library Association"},"image":{"@id":"https:\/\/www.fopla-aabpo.ca\/fr\/#\/schema\/logo\/image\/"},"sameAs":["https:\/\/www.facebook.com\/FOPLAAABPO\/","https:\/\/x.com\/OPL_Friends","https:\/\/www.instagram.com\/oplbpofriends\/","https:\/\/www.linkedin.com\/groups\/3745080\/profile"]}]}},"_links":{"self":[{"href":"https:\/\/www.fopla-aabpo.ca\/fr\/wp-json\/wp\/v2\/product\/4873","targetHints":{"allow":["GET"]}}],"collection":[{"href":"https:\/\/www.fopla-aabpo.ca\/fr\/wp-json\/wp\/v2\/product"}],"about":[{"href":"https:\/\/www.fopla-aabpo.ca\/fr\/wp-json\/wp\/v2\/types\/product"}],"replies":[{"embeddable":true,"href":"https:\/\/www.fopla-aabpo.ca\/fr\/wp-json\/wp\/v2\/comments?post=4873"}],"wp:featuredmedia":[{"embeddable":true,"href":"https:\/\/www.fopla-aabpo.ca\/fr\/wp-json\/wp\/v2\/media\/5563"}],"wp:attachment":[{"href":"https:\/\/www.fopla-aabpo.ca\/fr\/wp-json\/wp\/v2\/media?parent=4873"}],"wp:term":[{"taxonomy":"product_cat","embeddable":true,"href":"https:\/\/www.fopla-aabpo.ca\/fr\/wp-json\/wp\/v2\/product_cat?post=4873"},{"taxonomy":"product_tag","embeddable":true,"href":"https:\/\/www.fopla-aabpo.ca\/fr\/wp-json\/wp\/v2\/product_tag?post=4873"}],"curies":[{"name":"wp","href":"https:\/\/api.w.org\/{rel}","templated":true}]}}