{"id":8844,"date":"2020-11-19T11:30:12","date_gmt":"2020-11-19T16:30:12","guid":{"rendered":"https:\/\/www.fopla-aabpo.ca\/shop\/pot-pourri-2020\/"},"modified":"2021-01-21T11:38:38","modified_gmt":"2021-01-21T16:38:38","slug":"pot-pourri-2020","status":"publish","type":"product","link":"https:\/\/www.fopla-aabpo.ca\/fr\/boutique\/pot-pourri-2020\/","title":{"rendered":"pot-pourri 2020"},"content":{"rendered":"<div class=\"fusion-fullwidth fullwidth-box fusion-builder-row-1 fusion-flex-container nonhundred-percent-fullwidth non-hundred-percent-height-scrolling\" style=\"--awb-border-radius-top-left:0px;--awb-border-radius-top-right:0px;--awb-border-radius-bottom-right:0px;--awb-border-radius-bottom-left:0px;--awb-flex-wrap:wrap;\" ><div class=\"fusion-builder-row fusion-row fusion-flex-align-items-flex-start fusion-flex-content-wrap\" style=\"max-width:1248px;margin-left: calc(-4% \/ 2 );margin-right: calc(-4% \/ 2 );\"><div class=\"fusion-layout-column fusion_builder_column fusion-builder-column-0 fusion_builder_column_1_1 1_1 fusion-flex-column\" style=\"--awb-bg-size:cover;--awb-width-large:100%;--awb-margin-top-large:0px;--awb-spacing-right-large:1.92%;--awb-margin-bottom-large:20px;--awb-spacing-left-large:1.92%;--awb-width-medium:100%;--awb-order-medium:0;--awb-spacing-right-medium:1.92%;--awb-spacing-left-medium:1.92%;--awb-width-small:100%;--awb-order-small:0;--awb-spacing-right-small:1.92%;--awb-spacing-left-small:1.92%;\"><div class=\"fusion-column-wrapper fusion-column-has-shadow fusion-flex-justify-content-flex-start fusion-content-layout-column\"><div class=\"fusion-text fusion-text-1\"><p>Connaissez-vous les auteurs pr\u00e9sent\u00e9s dans cette \u00e9dition de\u00a0<em>pot-pourri<\/em>? Peut-\u00eatre souhaitez-vous tout simplement appuyer les jeunes talents litt\u00e9raires florissants d\u2019Ottawa? Si c\u2019est le cas, commande un exemplaire de l\u2019anthologie des jeunes auteurs de l\u2019AABPO d\u00e8s aujourd\u2019hui! Chaque vente permet d\u2019appuyer la Biblioth\u00e8que publique d\u2019Ottawa et son concours d\u2019\u00e9criture pour les jeunes Super auteurs.\u00a0<\/p>\n<\/div><\/div><\/div><\/div><\/div>\n","protected":false},"excerpt":{"rendered":"<p>L\u2019anthologie annuelle des jeunes auteurs de l\u2019AABPO pr\u00e9sente les talents cr\u00e9atifs qui ont remport\u00e9 le concours d\u2019\u00e9criture pour les jeunes Super auteurs de la Biblioth\u00e8que publique d\u2019Ottawa.<\/p>\n","protected":false},"featured_media":8843,"comment_status":"open","ping_status":"closed","template":"","meta":{"_links_to":"","_links_to_target":""},"product_cat":[106],"product_tag":[161,371,370],"class_list":{"0":"post-8844","1":"product","2":"type-product","3":"status-publish","4":"has-post-thumbnail","6":"product_cat-publications-de-laabpo","7":"product_tag-pot-pourri-fr","8":"product_tag-pot-pourri-2020-fr","9":"product_tag-super-auteurs","11":"first","12":"instock","13":"shipping-taxable","14":"purchasable","15":"product-type-simple"},"yoast_head":"<!-- This site is optimized with the Yoast SEO plugin v27.4 - https:\/\/yoast.com\/product\/yoast-seo-wordpress\/ -->\n<title>pot-pourri 2020 | FOPLA-AABPO<\/title>\n<meta name=\"description\" content=\"L\u2019anthologie annuelle des jeunes auteurs de l\u2019AABPO pr\u00e9sente les talents cr\u00e9atifs qui ont remport\u00e9 le concours d\u2019\u00e9criture pour les jeunes Super auteurs de la Biblioth\u00e8que publique d\u2019Ottawa.\" \/>\n<meta name=\"robots\" content=\"index, follow, max-snippet:-1, max-image-preview:large, max-video-preview:-1\" \/>\n<link rel=\"canonical\" href=\"https:\/\/www.fopla-aabpo.ca\/fr\/boutique\/pot-pourri-2020\/\" \/>\n<meta property=\"og:locale\" content=\"fr_FR\" \/>\n<meta property=\"og:type\" content=\"article\" \/>\n<meta property=\"og:title\" content=\"pot-pourri 2020 | FOPLA-AABPO\" \/>\n<meta property=\"og:description\" content=\"L\u2019anthologie annuelle des jeunes auteurs de l\u2019AABPO pr\u00e9sente les talents cr\u00e9atifs qui ont remport\u00e9 le concours d\u2019\u00e9criture pour les jeunes Super auteurs de la Biblioth\u00e8que publique d\u2019Ottawa.\" \/>\n<meta property=\"og:url\" content=\"https:\/\/www.fopla-aabpo.ca\/fr\/boutique\/pot-pourri-2020\/\" \/>\n<meta property=\"og:site_name\" content=\"FOPLA-AABPO\" \/>\n<meta property=\"article:publisher\" content=\"https:\/\/www.facebook.com\/FOPLAAABPO\/\" \/>\n<meta property=\"article:modified_time\" content=\"2021-01-21T16:38:38+00:00\" \/>\n<meta property=\"og:image\" content=\"https:\/\/www.fopla-aabpo.ca\/wp-content\/uploads\/2020\/11\/Cover-Scan-pot-pourri-2020.jpg\" \/>\n\t<meta property=\"og:image:width\" content=\"300\" \/>\n\t<meta property=\"og:image:height\" content=\"466\" \/>\n\t<meta property=\"og:image:type\" content=\"image\/jpeg\" \/>\n<meta name=\"twitter:card\" content=\"summary_large_image\" \/>\n<meta name=\"twitter:site\" content=\"@OPL_Friends\" \/>\n<meta name=\"twitter:label1\" content=\"Dur\u00e9e de lecture estim\u00e9e\" \/>\n\t<meta name=\"twitter:data1\" content=\"3 minutes\" \/>\n<script type=\"application\/ld+json\" class=\"yoast-schema-graph\">{\"@context\":\"https:\\\/\\\/schema.org\",\"@graph\":[{\"@type\":\"WebPage\",\"@id\":\"https:\\\/\\\/www.fopla-aabpo.ca\\\/fr\\\/boutique\\\/pot-pourri-2020\\\/\",\"url\":\"https:\\\/\\\/www.fopla-aabpo.ca\\\/fr\\\/boutique\\\/pot-pourri-2020\\\/\",\"name\":\"pot-pourri 2020 | FOPLA-AABPO\",\"isPartOf\":{\"@id\":\"https:\\\/\\\/www.fopla-aabpo.ca\\\/fr\\\/#website\"},\"primaryImageOfPage\":{\"@id\":\"https:\\\/\\\/www.fopla-aabpo.ca\\\/fr\\\/boutique\\\/pot-pourri-2020\\\/#primaryimage\"},\"image\":{\"@id\":\"https:\\\/\\\/www.fopla-aabpo.ca\\\/fr\\\/boutique\\\/pot-pourri-2020\\\/#primaryimage\"},\"thumbnailUrl\":\"https:\\\/\\\/www.fopla-aabpo.ca\\\/wp-content\\\/uploads\\\/2020\\\/11\\\/Cover-Scan-pot-pourri-2020.jpg\",\"datePublished\":\"2020-11-19T16:30:12+00:00\",\"dateModified\":\"2021-01-21T16:38:38+00:00\",\"description\":\"L\u2019anthologie annuelle des jeunes auteurs de l\u2019AABPO pr\u00e9sente les talents cr\u00e9atifs qui ont remport\u00e9 le concours d\u2019\u00e9criture pour les jeunes Super auteurs de la Biblioth\u00e8que publique d\u2019Ottawa.\",\"breadcrumb\":{\"@id\":\"https:\\\/\\\/www.fopla-aabpo.ca\\\/fr\\\/boutique\\\/pot-pourri-2020\\\/#breadcrumb\"},\"inLanguage\":\"fr-FR\",\"potentialAction\":[{\"@type\":\"ReadAction\",\"target\":[\"https:\\\/\\\/www.fopla-aabpo.ca\\\/fr\\\/boutique\\\/pot-pourri-2020\\\/\"]}]},{\"@type\":\"ImageObject\",\"inLanguage\":\"fr-FR\",\"@id\":\"https:\\\/\\\/www.fopla-aabpo.ca\\\/fr\\\/boutique\\\/pot-pourri-2020\\\/#primaryimage\",\"url\":\"https:\\\/\\\/www.fopla-aabpo.ca\\\/wp-content\\\/uploads\\\/2020\\\/11\\\/Cover-Scan-pot-pourri-2020.jpg\",\"contentUrl\":\"https:\\\/\\\/www.fopla-aabpo.ca\\\/wp-content\\\/uploads\\\/2020\\\/11\\\/Cover-Scan-pot-pourri-2020.jpg\",\"width\":300,\"height\":466,\"caption\":\"pot-pourri 2020\"},{\"@type\":\"BreadcrumbList\",\"@id\":\"https:\\\/\\\/www.fopla-aabpo.ca\\\/fr\\\/boutique\\\/pot-pourri-2020\\\/#breadcrumb\",\"itemListElement\":[{\"@type\":\"ListItem\",\"position\":1,\"name\":\"Home\",\"item\":\"https:\\\/\\\/www.fopla-aabpo.ca\\\/fr\\\/\"},{\"@type\":\"ListItem\",\"position\":2,\"name\":\"Boutique\",\"item\":\"https:\\\/\\\/www.fopla-aabpo.ca\\\/fr\\\/boutique\\\/\"},{\"@type\":\"ListItem\",\"position\":3,\"name\":\"pot-pourri 2020\"}]},{\"@type\":\"WebSite\",\"@id\":\"https:\\\/\\\/www.fopla-aabpo.ca\\\/fr\\\/#website\",\"url\":\"https:\\\/\\\/www.fopla-aabpo.ca\\\/fr\\\/\",\"name\":\"FOPLA-AABPO\",\"description\":\"Friends of the Ottawa Public Library Association\",\"publisher\":{\"@id\":\"https:\\\/\\\/www.fopla-aabpo.ca\\\/fr\\\/#organization\"},\"potentialAction\":[{\"@type\":\"SearchAction\",\"target\":{\"@type\":\"EntryPoint\",\"urlTemplate\":\"https:\\\/\\\/www.fopla-aabpo.ca\\\/fr\\\/?s={search_term_string}\"},\"query-input\":{\"@type\":\"PropertyValueSpecification\",\"valueRequired\":true,\"valueName\":\"search_term_string\"}}],\"inLanguage\":\"fr-FR\"},{\"@type\":\"Organization\",\"@id\":\"https:\\\/\\\/www.fopla-aabpo.ca\\\/fr\\\/#organization\",\"name\":\"Friends of the Ottawa Public Library Association\",\"url\":\"https:\\\/\\\/www.fopla-aabpo.ca\\\/fr\\\/\",\"logo\":{\"@type\":\"ImageObject\",\"inLanguage\":\"fr-FR\",\"@id\":\"https:\\\/\\\/www.fopla-aabpo.ca\\\/fr\\\/#\\\/schema\\\/logo\\\/image\\\/\",\"url\":\"https:\\\/\\\/www.fopla-aabpo.ca\\\/wp-content\\\/uploads\\\/2017\\\/02\\\/FOPLA-vertical-about.png\",\"contentUrl\":\"https:\\\/\\\/www.fopla-aabpo.ca\\\/wp-content\\\/uploads\\\/2017\\\/02\\\/FOPLA-vertical-about.png\",\"width\":131,\"height\":200,\"caption\":\"Friends of the Ottawa Public Library Association\"},\"image\":{\"@id\":\"https:\\\/\\\/www.fopla-aabpo.ca\\\/fr\\\/#\\\/schema\\\/logo\\\/image\\\/\"},\"sameAs\":[\"https:\\\/\\\/www.facebook.com\\\/FOPLAAABPO\\\/\",\"https:\\\/\\\/x.com\\\/OPL_Friends\",\"https:\\\/\\\/www.instagram.com\\\/oplbpofriends\\\/\",\"https:\\\/\\\/www.linkedin.com\\\/groups\\\/3745080\\\/profile\"]}]}<\/script>\n<!-- \/ Yoast SEO plugin. -->","yoast_head_json":{"title":"pot-pourri 2020 | FOPLA-AABPO","description":"L\u2019anthologie annuelle des jeunes auteurs de l\u2019AABPO pr\u00e9sente les talents cr\u00e9atifs qui ont remport\u00e9 le concours d\u2019\u00e9criture pour les jeunes Super auteurs de la Biblioth\u00e8que publique d\u2019Ottawa.","robots":{"index":"index","follow":"follow","max-snippet":"max-snippet:-1","max-image-preview":"max-image-preview:large","max-video-preview":"max-video-preview:-1"},"canonical":"https:\/\/www.fopla-aabpo.ca\/fr\/boutique\/pot-pourri-2020\/","og_locale":"fr_FR","og_type":"article","og_title":"pot-pourri 2020 | FOPLA-AABPO","og_description":"L\u2019anthologie annuelle des jeunes auteurs de l\u2019AABPO pr\u00e9sente les talents cr\u00e9atifs qui ont remport\u00e9 le concours d\u2019\u00e9criture pour les jeunes Super auteurs de la Biblioth\u00e8que publique d\u2019Ottawa.","og_url":"https:\/\/www.fopla-aabpo.ca\/fr\/boutique\/pot-pourri-2020\/","og_site_name":"FOPLA-AABPO","article_publisher":"https:\/\/www.facebook.com\/FOPLAAABPO\/","article_modified_time":"2021-01-21T16:38:38+00:00","og_image":[{"width":300,"height":466,"url":"https:\/\/www.fopla-aabpo.ca\/wp-content\/uploads\/2020\/11\/Cover-Scan-pot-pourri-2020.jpg","type":"image\/jpeg"}],"twitter_card":"summary_large_image","twitter_site":"@OPL_Friends","twitter_misc":{"Dur\u00e9e de lecture estim\u00e9e":"3 minutes"},"schema":{"@context":"https:\/\/schema.org","@graph":[{"@type":"WebPage","@id":"https:\/\/www.fopla-aabpo.ca\/fr\/boutique\/pot-pourri-2020\/","url":"https:\/\/www.fopla-aabpo.ca\/fr\/boutique\/pot-pourri-2020\/","name":"pot-pourri 2020 | FOPLA-AABPO","isPartOf":{"@id":"https:\/\/www.fopla-aabpo.ca\/fr\/#website"},"primaryImageOfPage":{"@id":"https:\/\/www.fopla-aabpo.ca\/fr\/boutique\/pot-pourri-2020\/#primaryimage"},"image":{"@id":"https:\/\/www.fopla-aabpo.ca\/fr\/boutique\/pot-pourri-2020\/#primaryimage"},"thumbnailUrl":"https:\/\/www.fopla-aabpo.ca\/wp-content\/uploads\/2020\/11\/Cover-Scan-pot-pourri-2020.jpg","datePublished":"2020-11-19T16:30:12+00:00","dateModified":"2021-01-21T16:38:38+00:00","description":"L\u2019anthologie annuelle des jeunes auteurs de l\u2019AABPO pr\u00e9sente les talents cr\u00e9atifs qui ont remport\u00e9 le concours d\u2019\u00e9criture pour les jeunes Super auteurs de la Biblioth\u00e8que publique d\u2019Ottawa.","breadcrumb":{"@id":"https:\/\/www.fopla-aabpo.ca\/fr\/boutique\/pot-pourri-2020\/#breadcrumb"},"inLanguage":"fr-FR","potentialAction":[{"@type":"ReadAction","target":["https:\/\/www.fopla-aabpo.ca\/fr\/boutique\/pot-pourri-2020\/"]}]},{"@type":"ImageObject","inLanguage":"fr-FR","@id":"https:\/\/www.fopla-aabpo.ca\/fr\/boutique\/pot-pourri-2020\/#primaryimage","url":"https:\/\/www.fopla-aabpo.ca\/wp-content\/uploads\/2020\/11\/Cover-Scan-pot-pourri-2020.jpg","contentUrl":"https:\/\/www.fopla-aabpo.ca\/wp-content\/uploads\/2020\/11\/Cover-Scan-pot-pourri-2020.jpg","width":300,"height":466,"caption":"pot-pourri 2020"},{"@type":"BreadcrumbList","@id":"https:\/\/www.fopla-aabpo.ca\/fr\/boutique\/pot-pourri-2020\/#breadcrumb","itemListElement":[{"@type":"ListItem","position":1,"name":"Home","item":"https:\/\/www.fopla-aabpo.ca\/fr\/"},{"@type":"ListItem","position":2,"name":"Boutique","item":"https:\/\/www.fopla-aabpo.ca\/fr\/boutique\/"},{"@type":"ListItem","position":3,"name":"pot-pourri 2020"}]},{"@type":"WebSite","@id":"https:\/\/www.fopla-aabpo.ca\/fr\/#website","url":"https:\/\/www.fopla-aabpo.ca\/fr\/","name":"FOPLA-AABPO","description":"Friends of the Ottawa Public Library Association","publisher":{"@id":"https:\/\/www.fopla-aabpo.ca\/fr\/#organization"},"potentialAction":[{"@type":"SearchAction","target":{"@type":"EntryPoint","urlTemplate":"https:\/\/www.fopla-aabpo.ca\/fr\/?s={search_term_string}"},"query-input":{"@type":"PropertyValueSpecification","valueRequired":true,"valueName":"search_term_string"}}],"inLanguage":"fr-FR"},{"@type":"Organization","@id":"https:\/\/www.fopla-aabpo.ca\/fr\/#organization","name":"Friends of the Ottawa Public Library Association","url":"https:\/\/www.fopla-aabpo.ca\/fr\/","logo":{"@type":"ImageObject","inLanguage":"fr-FR","@id":"https:\/\/www.fopla-aabpo.ca\/fr\/#\/schema\/logo\/image\/","url":"https:\/\/www.fopla-aabpo.ca\/wp-content\/uploads\/2017\/02\/FOPLA-vertical-about.png","contentUrl":"https:\/\/www.fopla-aabpo.ca\/wp-content\/uploads\/2017\/02\/FOPLA-vertical-about.png","width":131,"height":200,"caption":"Friends of the Ottawa Public Library Association"},"image":{"@id":"https:\/\/www.fopla-aabpo.ca\/fr\/#\/schema\/logo\/image\/"},"sameAs":["https:\/\/www.facebook.com\/FOPLAAABPO\/","https:\/\/x.com\/OPL_Friends","https:\/\/www.instagram.com\/oplbpofriends\/","https:\/\/www.linkedin.com\/groups\/3745080\/profile"]}]}},"_links":{"self":[{"href":"https:\/\/www.fopla-aabpo.ca\/fr\/wp-json\/wp\/v2\/product\/8844","targetHints":{"allow":["GET"]}}],"collection":[{"href":"https:\/\/www.fopla-aabpo.ca\/fr\/wp-json\/wp\/v2\/product"}],"about":[{"href":"https:\/\/www.fopla-aabpo.ca\/fr\/wp-json\/wp\/v2\/types\/product"}],"replies":[{"embeddable":true,"href":"https:\/\/www.fopla-aabpo.ca\/fr\/wp-json\/wp\/v2\/comments?post=8844"}],"wp:featuredmedia":[{"embeddable":true,"href":"https:\/\/www.fopla-aabpo.ca\/fr\/wp-json\/wp\/v2\/media\/8843"}],"wp:attachment":[{"href":"https:\/\/www.fopla-aabpo.ca\/fr\/wp-json\/wp\/v2\/media?parent=8844"}],"wp:term":[{"taxonomy":"product_cat","embeddable":true,"href":"https:\/\/www.fopla-aabpo.ca\/fr\/wp-json\/wp\/v2\/product_cat?post=8844"},{"taxonomy":"product_tag","embeddable":true,"href":"https:\/\/www.fopla-aabpo.ca\/fr\/wp-json\/wp\/v2\/product_tag?post=8844"}],"curies":[{"name":"wp","href":"https:\/\/api.w.org\/{rel}","templated":true}]}}